{"id":5765,"date":"2019-10-11T06:45:56","date_gmt":"2019-10-11T06:45:56","guid":{"rendered":"https:\/\/zona.ba\/?post_type=product&#038;p=5765"},"modified":"2019-10-15T09:21:51","modified_gmt":"2019-10-15T09:21:51","slug":"kaspersky-office-security","status":"publish","type":"product","link":"https:\/\/zona.ba\/bs\/proizvod\/kaspersky-office-security\/","title":{"rendered":"Kaspersky Office Security"},"content":{"rendered":"<p>Kaspersky Office Security kombinuje jednostavnost za\u0161tite ku\u0107nog ra\u010dunara s posebnim mogu\u0107nostima da va\u0161e poslovanje bude sigurno dok zaposlenici rade svoj posao.<\/p>","protected":false},"excerpt":{"rendered":"<p>Sigurnost &#8216;postavi i zaboravi&#8217;. Za\u0161titite svoj ured na Windows i Mac ra\u010dunalima i prenosnim ra\u010dunarima. Za\u0161titite Windows datoteke poslu\u017eitelja kako biste osigurali datoteke koje najvi\u0161e cijene.<\/p>","protected":false},"featured_media":5826,"template":"","meta":[],"product_brand":[],"product_cat":[97],"product_tag":[106,107],"class_list":{"0":"post-5765","1":"product","2":"type-product","3":"status-publish","4":"has-post-thumbnail","6":"product_cat-kaspersky-proizvodi","7":"product_tag-antivirus","8":"product_tag-kaspersky-zastita","10":"first","11":"instock","12":"shipping-taxable","13":"purchasable","14":"product-type-simple"},"_links":{"self":[{"href":"https:\/\/zona.ba\/bs\/wp-json\/wp\/v2\/product\/5765","targetHints":{"allow":["GET"]}}],"collection":[{"href":"https:\/\/zona.ba\/bs\/wp-json\/wp\/v2\/product"}],"about":[{"href":"https:\/\/zona.ba\/bs\/wp-json\/wp\/v2\/types\/product"}],"wp:featuredmedia":[{"embeddable":true,"href":"https:\/\/zona.ba\/bs\/wp-json\/wp\/v2\/media\/5826"}],"wp:attachment":[{"href":"https:\/\/zona.ba\/bs\/wp-json\/wp\/v2\/media?parent=5765"}],"wp:term":[{"taxonomy":"product_brand","embeddable":true,"href":"https:\/\/zona.ba\/bs\/wp-json\/wp\/v2\/product_brand?post=5765"},{"taxonomy":"product_cat","embeddable":true,"href":"https:\/\/zona.ba\/bs\/wp-json\/wp\/v2\/product_cat?post=5765"},{"taxonomy":"product_tag","embeddable":true,"href":"https:\/\/zona.ba\/bs\/wp-json\/wp\/v2\/product_tag?post=5765"}],"curies":[{"name":"wp","href":"https:\/\/api.w.org\/{rel}","templated":true}]}}