{"id":5764,"date":"2019-10-11T06:41:48","date_gmt":"2019-10-11T06:41:48","guid":{"rendered":"https:\/\/zona.ba\/?post_type=product&#038;p=5764"},"modified":"2019-10-15T09:13:50","modified_gmt":"2019-10-15T09:13:50","slug":"kaspersky-total-security","status":"publish","type":"product","link":"https:\/\/zona.ba\/bs\/proizvod\/kaspersky-total-security\/","title":{"rendered":"Kaspersky Total Security"},"content":{"rendered":"<p><span class=\"tlid-translation translation\" lang=\"hr\"><span title=\"\">Porodi\u010dna sigurnost s vi\u0161e ure\u0111aja \u2013 s antivirusnom, anti-ransomware softverom, sigurno\u0161\u0107u web kamere, upravljanjem lozinki, VPN-om i jo\u0161 87 tehnologija \u2013 sve u jednoj licenci:<\/span><\/span><\/p>\n<ul>\n<li><span class=\"tlid-translation translation\" lang=\"hr\">\u00a0\u00a0\u00a0\u00a0 <span title=\"\">Blokira viruse, kriptovalute i ostale prijetnje<\/span><\/span><\/li>\n<li><span class=\"tlid-translation translation\" lang=\"hr\">\u00a0\u00a0\u00a0\u00a0 <span title=\"\">\u0160titi pla\u0107anja, \u0161ifriranjem na nivou banke<\/span><\/span><\/li>\n<li><span class=\"tlid-translation translation\" lang=\"hr\">\u00a0\u00a0\u00a0\u00a0 <span title=\"\">Osigurava lozinke i slike osobnih dokumenata<\/span><\/span><\/li>\n<li><span class=\"tlid-translation translation\" lang=\"hr\">\u00a0\u00a0\u00a0\u00a0 <span class=\"\" title=\"\">\u0160ifrira podatke koje \u0161aljete i primate putem Interneta \u2013 VPN <\/span><\/span><\/li>\n<li><span class=\"tlid-translation translation\" lang=\"hr\">\u00a0\u00a0\u00a0\u00a0 <span class=\"\" title=\"\">Zaustavlja \u0161pijune web kamere gledaju\u0107i vas u va\u0161em domu <\/span><\/span><\/li>\n<li><span class=\"tlid-translation translation\" lang=\"hr\">\u00a0\u00a0\u00a0\u00a0 <span class=\"\" title=\"\">Poma\u017ee \u010duvanju djece \u2013 napredni roditeljski nadzor<\/span><\/span><\/li>\n<\/ul>","protected":false},"excerpt":{"rendered":"<p><strong>Pru\u017ea sveobuhvatnu za\u0161titu od razli\u010ditih tipova informacionih, bezbjednosnih prijetnji, mre\u017enih napada i poku\u0161aja prevara, kao i od ne\u017eeljene po\u0161te.<\/strong><\/p>","protected":false},"featured_media":5825,"template":"","meta":[],"product_brand":[],"product_cat":[97],"product_tag":[106,107],"class_list":{"0":"post-5764","1":"product","2":"type-product","3":"status-publish","4":"has-post-thumbnail","6":"product_cat-kaspersky-proizvodi","7":"product_tag-antivirus","8":"product_tag-kaspersky-zastita","10":"first","11":"instock","12":"shipping-taxable","13":"purchasable","14":"product-type-simple"},"_links":{"self":[{"href":"https:\/\/zona.ba\/bs\/wp-json\/wp\/v2\/product\/5764","targetHints":{"allow":["GET"]}}],"collection":[{"href":"https:\/\/zona.ba\/bs\/wp-json\/wp\/v2\/product"}],"about":[{"href":"https:\/\/zona.ba\/bs\/wp-json\/wp\/v2\/types\/product"}],"wp:featuredmedia":[{"embeddable":true,"href":"https:\/\/zona.ba\/bs\/wp-json\/wp\/v2\/media\/5825"}],"wp:attachment":[{"href":"https:\/\/zona.ba\/bs\/wp-json\/wp\/v2\/media?parent=5764"}],"wp:term":[{"taxonomy":"product_brand","embeddable":true,"href":"https:\/\/zona.ba\/bs\/wp-json\/wp\/v2\/product_brand?post=5764"},{"taxonomy":"product_cat","embeddable":true,"href":"https:\/\/zona.ba\/bs\/wp-json\/wp\/v2\/product_cat?post=5764"},{"taxonomy":"product_tag","embeddable":true,"href":"https:\/\/zona.ba\/bs\/wp-json\/wp\/v2\/product_tag?post=5764"}],"curies":[{"name":"wp","href":"https:\/\/api.w.org\/{rel}","templated":true}]}}