{"id":5763,"date":"2019-10-11T06:38:24","date_gmt":"2019-10-11T06:38:24","guid":{"rendered":"https:\/\/zona.ba\/?post_type=product&#038;p=5763"},"modified":"2019-10-15T09:20:09","modified_gmt":"2019-10-15T09:20:09","slug":"kaspersky-zastita-za-djecu","status":"publish","type":"product","link":"https:\/\/zona.ba\/bs\/proizvod\/kaspersky-zastita-za-djecu\/","title":{"rendered":"Kaspersky za\u0161tita za djecu"},"content":{"rendered":"<p>\u0160ta je bezbjedno za va\u0161e dijete: koje web stranice mogu da posjete, koliko daleko od ku\u0107e mogu da odu i koliko dugo da koriste ra\u010dunar ili telefon?<\/p>","protected":false},"excerpt":{"rendered":"<p>Aplikacija vodi ra\u010duna da djeca po\u0161tuju pravila koja ste postavili.<\/p>","protected":false},"featured_media":5809,"template":"","meta":[],"product_brand":[],"product_cat":[97],"product_tag":[106,107],"class_list":{"0":"post-5763","1":"product","2":"type-product","3":"status-publish","4":"has-post-thumbnail","6":"product_cat-kaspersky-proizvodi","7":"product_tag-antivirus","8":"product_tag-kaspersky-zastita","10":"first","11":"instock","12":"shipping-taxable","13":"purchasable","14":"product-type-simple"},"_links":{"self":[{"href":"https:\/\/zona.ba\/bs\/wp-json\/wp\/v2\/product\/5763","targetHints":{"allow":["GET"]}}],"collection":[{"href":"https:\/\/zona.ba\/bs\/wp-json\/wp\/v2\/product"}],"about":[{"href":"https:\/\/zona.ba\/bs\/wp-json\/wp\/v2\/types\/product"}],"wp:featuredmedia":[{"embeddable":true,"href":"https:\/\/zona.ba\/bs\/wp-json\/wp\/v2\/media\/5809"}],"wp:attachment":[{"href":"https:\/\/zona.ba\/bs\/wp-json\/wp\/v2\/media?parent=5763"}],"wp:term":[{"taxonomy":"product_brand","embeddable":true,"href":"https:\/\/zona.ba\/bs\/wp-json\/wp\/v2\/product_brand?post=5763"},{"taxonomy":"product_cat","embeddable":true,"href":"https:\/\/zona.ba\/bs\/wp-json\/wp\/v2\/product_cat?post=5763"},{"taxonomy":"product_tag","embeddable":true,"href":"https:\/\/zona.ba\/bs\/wp-json\/wp\/v2\/product_tag?post=5763"}],"curies":[{"name":"wp","href":"https:\/\/api.w.org\/{rel}","templated":true}]}}