{"id":5762,"date":"2019-10-11T06:35:33","date_gmt":"2019-10-11T06:35:33","guid":{"rendered":"https:\/\/zona.ba\/?post_type=product&#038;p=5762"},"modified":"2019-10-15T09:18:26","modified_gmt":"2019-10-15T09:18:26","slug":"kaspersky-internet-security","status":"publish","type":"product","link":"https:\/\/zona.ba\/bs\/proizvod\/kaspersky-internet-security\/","title":{"rendered":"Kaspersky Internet Security"},"content":{"rendered":"<p>Vrhunska za\u0161tita za va\u0161 ra\u010dunar, identitet, novac i va\u0161u djecu. <strong><br>\n<\/strong><\/p>","protected":false},"excerpt":{"rendered":"<p>Mo\u017eete slobodno u\u017eivati uz online shopping, bankarstvo i dru\u017eenje, bez brige o zlonamjernom softveru i prijetnjama na internetu.<\/p>","protected":false},"featured_media":5810,"template":"","meta":[],"product_brand":[],"product_cat":[97],"product_tag":[106,107],"class_list":{"0":"post-5762","1":"product","2":"type-product","3":"status-publish","4":"has-post-thumbnail","6":"product_cat-kaspersky-proizvodi","7":"product_tag-antivirus","8":"product_tag-kaspersky-zastita","10":"first","11":"instock","12":"shipping-taxable","13":"purchasable","14":"product-type-simple"},"_links":{"self":[{"href":"https:\/\/zona.ba\/bs\/wp-json\/wp\/v2\/product\/5762","targetHints":{"allow":["GET"]}}],"collection":[{"href":"https:\/\/zona.ba\/bs\/wp-json\/wp\/v2\/product"}],"about":[{"href":"https:\/\/zona.ba\/bs\/wp-json\/wp\/v2\/types\/product"}],"wp:featuredmedia":[{"embeddable":true,"href":"https:\/\/zona.ba\/bs\/wp-json\/wp\/v2\/media\/5810"}],"wp:attachment":[{"href":"https:\/\/zona.ba\/bs\/wp-json\/wp\/v2\/media?parent=5762"}],"wp:term":[{"taxonomy":"product_brand","embeddable":true,"href":"https:\/\/zona.ba\/bs\/wp-json\/wp\/v2\/product_brand?post=5762"},{"taxonomy":"product_cat","embeddable":true,"href":"https:\/\/zona.ba\/bs\/wp-json\/wp\/v2\/product_cat?post=5762"},{"taxonomy":"product_tag","embeddable":true,"href":"https:\/\/zona.ba\/bs\/wp-json\/wp\/v2\/product_tag?post=5762"}],"curies":[{"name":"wp","href":"https:\/\/api.w.org\/{rel}","templated":true}]}}