{"id":5752,"date":"2019-10-10T14:39:13","date_gmt":"2019-10-10T14:39:13","guid":{"rendered":"https:\/\/zona.ba\/?post_type=product&#038;p=5752"},"modified":"2019-11-11T10:20:40","modified_gmt":"2019-11-11T10:20:40","slug":"internet-vp-up-2m-40gb","status":"publish","type":"product","link":"https:\/\/zona.ba\/bs\/proizvod\/internet-vp-up-2m-40gb\/","title":{"rendered":"Internet VP-UP 2M 40GB"},"content":{"rendered":"<p><strong>Brzina: 256\/2048 kbps<\/strong><br>\n<strong>Mjese\u010dni limit je neograni\u010den.<\/strong><br>\n<strong><br>\n<\/strong><\/p>","protected":false},"excerpt":{"rendered":"<p>Ovi internet paketi su specijalno kreirani za potrebe daljinskog video nadzora.<br \/>\nKoriste\u0107i ZONA pakete bi\u0107ete u mogu\u0107nosti da sa bilo koje lokacije u svijetu, preko svog ra\u010dunara (ili tableta, mobilnog telefona \u2026) i Interneta, pratite \u0161ta se de\u0161ava na mjestu na kom ste postavili IP kamere.<br \/>\nOprema za snimanje (kamere, DVR ili kompjuter) nisu u ZONA ponudi.<\/p>","protected":false},"featured_media":6070,"template":"","meta":[],"product_brand":[],"product_cat":[70],"product_tag":[48,55],"class_list":{"0":"post-5752","1":"product","2":"type-product","3":"status-publish","4":"has-post-thumbnail","6":"product_cat-internet-video-nadzor","7":"product_tag-poslovni-internet","8":"product_tag-video-nadzor","10":"first","11":"instock","12":"virtual","13":"purchasable","14":"product-type-simple"},"_links":{"self":[{"href":"https:\/\/zona.ba\/bs\/wp-json\/wp\/v2\/product\/5752","targetHints":{"allow":["GET"]}}],"collection":[{"href":"https:\/\/zona.ba\/bs\/wp-json\/wp\/v2\/product"}],"about":[{"href":"https:\/\/zona.ba\/bs\/wp-json\/wp\/v2\/types\/product"}],"wp:featuredmedia":[{"embeddable":true,"href":"https:\/\/zona.ba\/bs\/wp-json\/wp\/v2\/media\/6070"}],"wp:attachment":[{"href":"https:\/\/zona.ba\/bs\/wp-json\/wp\/v2\/media?parent=5752"}],"wp:term":[{"taxonomy":"product_brand","embeddable":true,"href":"https:\/\/zona.ba\/bs\/wp-json\/wp\/v2\/product_brand?post=5752"},{"taxonomy":"product_cat","embeddable":true,"href":"https:\/\/zona.ba\/bs\/wp-json\/wp\/v2\/product_cat?post=5752"},{"taxonomy":"product_tag","embeddable":true,"href":"https:\/\/zona.ba\/bs\/wp-json\/wp\/v2\/product_tag?post=5752"}],"curies":[{"name":"wp","href":"https:\/\/api.w.org\/{rel}","templated":true}]}}