{"id":5732,"date":"2019-10-10T12:39:28","date_gmt":"2019-10-10T12:39:28","guid":{"rendered":"https:\/\/zona.ba\/?post_type=product&#038;p=5732"},"modified":"2019-10-31T08:56:17","modified_gmt":"2019-10-31T08:56:17","slug":"internet-biz-xl","status":"publish","type":"product","link":"https:\/\/zona.ba\/bs\/proizvod\/internet-biz-xl\/","title":{"rendered":"Internet Biz XL"},"content":{"rendered":"<p>Virtuelna privatna mre\u017ea je komunikacioni model, sa fleksibilnim i ekonomi\u010dnijim komuniciranjem izme\u0111u zaposlenih u preduze\u0107u ili unutar komplementarnog poslovnog sistema, na dislociranim odjeljenjima ili filijalama. VPN omogu\u0107ava korisnicima da:<\/p>\n<ul>\n<li>razdvojenim lokacijama da jednostavno odr\u017eavaju za\u0161ti\u0107enu komunikaciju<\/li>\n<li>brz i pouzdan prenos podataka<\/li>\n<li>jednostavno dodavanje novih lokacija kompanije u VPN mre\u017eu<\/li>\n<li>me\u0111usobna komunikacija svih lokacija u VPN mre\u017ei<\/li>\n<li>pove\u0107anje produktivnosti zaposlenih<\/li>\n<li>pro\u0161irenje distribucije proizvoda i usluga<\/li>\n<li>unapre\u0111enje odnosa sa klijentima<\/li>\n<li>pobolj\u0161anje finansijskih performansi<\/li>\n<li>efikasniji biznis procesi<\/li>\n<\/ul>","protected":false},"excerpt":{"rendered":"<p><strong>Brzina: 10240\/2048 kbps<\/strong><br \/>\n<strong>Mjese\u010dni limit je neograni\u010den.<\/strong><br \/>\n<strong>Broj email naloga: 20<\/strong><\/p>","protected":false},"featured_media":5982,"template":"","meta":[],"product_brand":[],"product_cat":[67],"product_tag":[48,52],"class_list":{"0":"post-5732","1":"product","2":"type-product","3":"status-publish","4":"has-post-thumbnail","6":"product_cat-biz-internet","7":"product_tag-poslovni-internet","8":"product_tag-poslovni-satelitski-internet","10":"first","11":"instock","12":"virtual","13":"purchasable","14":"product-type-simple"},"_links":{"self":[{"href":"https:\/\/zona.ba\/bs\/wp-json\/wp\/v2\/product\/5732","targetHints":{"allow":["GET"]}}],"collection":[{"href":"https:\/\/zona.ba\/bs\/wp-json\/wp\/v2\/product"}],"about":[{"href":"https:\/\/zona.ba\/bs\/wp-json\/wp\/v2\/types\/product"}],"wp:featuredmedia":[{"embeddable":true,"href":"https:\/\/zona.ba\/bs\/wp-json\/wp\/v2\/media\/5982"}],"wp:attachment":[{"href":"https:\/\/zona.ba\/bs\/wp-json\/wp\/v2\/media?parent=5732"}],"wp:term":[{"taxonomy":"product_brand","embeddable":true,"href":"https:\/\/zona.ba\/bs\/wp-json\/wp\/v2\/product_brand?post=5732"},{"taxonomy":"product_cat","embeddable":true,"href":"https:\/\/zona.ba\/bs\/wp-json\/wp\/v2\/product_cat?post=5732"},{"taxonomy":"product_tag","embeddable":true,"href":"https:\/\/zona.ba\/bs\/wp-json\/wp\/v2\/product_tag?post=5732"}],"curies":[{"name":"wp","href":"https:\/\/api.w.org\/{rel}","templated":true}]}}