{"id":5728,"date":"2019-10-10T12:14:32","date_gmt":"2019-10-10T12:14:32","guid":{"rendered":"https:\/\/zona.ba\/?post_type=product&#038;p=5728"},"modified":"2019-10-24T13:48:29","modified_gmt":"2019-10-24T13:48:29","slug":"zona-l","status":"publish","type":"product","link":"https:\/\/zona.ba\/bs\/proizvod\/zona-l\/","title":{"rendered":"Zona L"},"content":{"rendered":"<p>Vrhunska kvaliteta dostojna va\u0161eg povjerenja<\/p>\n<ul>\n<li>Fleksibilni paketi za sva\u010dije potrebe<\/li>\n<li>Velika pokrivenost u cijelom zemlji<\/li>\n<li>Konkurente cijene razgovora<\/li>\n<li>Besplatni pozivi unutar Zona mre\u017ee<\/li>\n<li>Neograni\u010den internet<\/li>\n<li>Dodatne opcije preko USSD menija<\/li>\n<\/ul>","protected":false},"excerpt":{"rendered":"<ul>\n<li><b>Uklju\u010deno u mjese\u010dnu pretplatu:<\/b> 16 GB<\/li>\n<li><b>Brzina nakon potro\u0161ene uklju\u010dene koli\u010dine saobra\u0107aja:<\/b> 128kbit\/s<\/li>\n<li><b>Prenos podataka u ZONA mre\u017ei nakon potro\u0161enog mjese\u010dnog saobra\u0107aja:\u00a0<\/b> 0,00 KM\/MB<\/li>\n<li><b>SMS &#8211; samostalna tarifa:<\/b> 0,1053 KM<\/li>\n<li><b>SMS &#8211; tarifa kao dodatna usluga <\/b> po cjenovniku govorne tarife<\/li>\n<li><b>Obra\u010dunska jedinica:<\/b> 10kB<\/li>\n<li><b>Maksimalna mogu\u0107a brzina prenosa podataka<\/b> : 21\/5,76Mbit\/s<\/li>\n<\/ul>","protected":false},"featured_media":5940,"template":"","meta":[],"product_brand":[],"product_cat":[72],"product_tag":[104,47],"class_list":{"0":"post-5728","1":"product","2":"type-product","3":"status-publish","4":"has-post-thumbnail","6":"product_cat-mobilni-internet","7":"product_tag-dopuna","8":"product_tag-mobilni-internet","10":"first","11":"instock","12":"virtual","13":"purchasable","14":"product-type-simple"},"_links":{"self":[{"href":"https:\/\/zona.ba\/bs\/wp-json\/wp\/v2\/product\/5728","targetHints":{"allow":["GET"]}}],"collection":[{"href":"https:\/\/zona.ba\/bs\/wp-json\/wp\/v2\/product"}],"about":[{"href":"https:\/\/zona.ba\/bs\/wp-json\/wp\/v2\/types\/product"}],"wp:featuredmedia":[{"embeddable":true,"href":"https:\/\/zona.ba\/bs\/wp-json\/wp\/v2\/media\/5940"}],"wp:attachment":[{"href":"https:\/\/zona.ba\/bs\/wp-json\/wp\/v2\/media?parent=5728"}],"wp:term":[{"taxonomy":"product_brand","embeddable":true,"href":"https:\/\/zona.ba\/bs\/wp-json\/wp\/v2\/product_brand?post=5728"},{"taxonomy":"product_cat","embeddable":true,"href":"https:\/\/zona.ba\/bs\/wp-json\/wp\/v2\/product_cat?post=5728"},{"taxonomy":"product_tag","embeddable":true,"href":"https:\/\/zona.ba\/bs\/wp-json\/wp\/v2\/product_tag?post=5728"}],"curies":[{"name":"wp","href":"https:\/\/api.w.org\/{rel}","templated":true}]}}