{"id":5727,"date":"2019-10-10T12:12:52","date_gmt":"2019-10-10T12:12:52","guid":{"rendered":"https:\/\/zona.ba\/?post_type=product&#038;p=5727"},"modified":"2019-10-24T13:49:43","modified_gmt":"2019-10-24T13:49:43","slug":"zona-m","status":"publish","type":"product","link":"https:\/\/zona.ba\/bs\/proizvod\/zona-m\/","title":{"rendered":"Zona M"},"content":{"rendered":"<p>Vrhunska kvaliteta dostojna va\u0161eg povjerenja<\/p>\n<ul>\n<li>Fleksibilni paketi za sva\u010dije potrebe<\/li>\n<li>Velika pokrivenost u cijelom zemlji<\/li>\n<li>Konkurente cijene razgovora<\/li>\n<li>Besplatni pozivi unutar Zona mre\u017ee<\/li>\n<li>Neograni\u010den internet<\/li>\n<li>Dodatne opcije preko USSD menija<\/li>\n<\/ul>","protected":false},"excerpt":{"rendered":"<ul>\n<li><strong>Uklju\u010deno u mjese\u010dnu pretplatu 8 GB<\/strong><\/li>\n<li><strong>Brzina nakon potro\u0161ene uklju\u010dene koli\u010dine saobra\u0107aja 128kbit\/s<\/strong><\/li>\n<li><strong>Prenos podataka u ZONA mre\u017ei nakon potro\u0161enog mjese\u010dnog saobra\u0107aja 0,00 KM\/MB<\/strong><\/li>\n<li><strong>SMS &#8211; samostalna tarifa 0,1053 KM<\/strong><\/li>\n<li><strong>SMS &#8211; tarifa kao dodatna usluga po cjenovniku govorne tarif<\/strong><\/li>\n<li><strong>Obra\u010dunska jedinica 10kB<\/strong><\/li>\n<li><strong>Maksimalna mogu\u0107a brzina prenosa podataka 21\/5,76Mbit\/s<\/strong><\/li>\n<\/ul>","protected":false},"featured_media":5941,"template":"","meta":[],"product_brand":[],"product_cat":[72],"product_tag":[104,47],"class_list":{"0":"post-5727","1":"product","2":"type-product","3":"status-publish","4":"has-post-thumbnail","6":"product_cat-mobilni-internet","7":"product_tag-dopuna","8":"product_tag-mobilni-internet","10":"first","11":"instock","12":"virtual","13":"purchasable","14":"product-type-simple"},"_links":{"self":[{"href":"https:\/\/zona.ba\/bs\/wp-json\/wp\/v2\/product\/5727","targetHints":{"allow":["GET"]}}],"collection":[{"href":"https:\/\/zona.ba\/bs\/wp-json\/wp\/v2\/product"}],"about":[{"href":"https:\/\/zona.ba\/bs\/wp-json\/wp\/v2\/types\/product"}],"wp:featuredmedia":[{"embeddable":true,"href":"https:\/\/zona.ba\/bs\/wp-json\/wp\/v2\/media\/5941"}],"wp:attachment":[{"href":"https:\/\/zona.ba\/bs\/wp-json\/wp\/v2\/media?parent=5727"}],"wp:term":[{"taxonomy":"product_brand","embeddable":true,"href":"https:\/\/zona.ba\/bs\/wp-json\/wp\/v2\/product_brand?post=5727"},{"taxonomy":"product_cat","embeddable":true,"href":"https:\/\/zona.ba\/bs\/wp-json\/wp\/v2\/product_cat?post=5727"},{"taxonomy":"product_tag","embeddable":true,"href":"https:\/\/zona.ba\/bs\/wp-json\/wp\/v2\/product_tag?post=5727"}],"curies":[{"name":"wp","href":"https:\/\/api.w.org\/{rel}","templated":true}]}}