{"id":5726,"date":"2019-10-10T12:10:48","date_gmt":"2019-10-10T12:10:48","guid":{"rendered":"https:\/\/zona.ba\/?post_type=product&#038;p=5726"},"modified":"2019-10-23T13:10:21","modified_gmt":"2019-10-23T13:10:21","slug":"zona-75","status":"publish","type":"product","link":"https:\/\/zona.ba\/bs\/proizvod\/zona-75\/","title":{"rendered":"Mobilna tarifa: Zona 75"},"content":{"rendered":"<p>Mobilna tarifa za samo 75 KM mjese\u010dno. Daje vam pun komfor za sve va\u0161e obaveze, zadatke ali i za u\u017eivanje.<\/p>\n<p><strong>\u00a0<\/strong><\/p>","protected":false},"excerpt":{"rendered":"<p><strong>Prema svima mobilnim\/fiksnim mre\u017eama u BiH: 600min<\/strong><br \/>\n<strong>SMS prema svima mre\u017eama u BiH: 600 SMS<\/strong><br \/>\n<strong>Mobilni internet: 18 GB<\/strong><br \/>\n<strong>Poziv unutar ZONA mobilne mre\u017ee: 0 KM\/min<\/strong><\/p>","protected":false},"featured_media":5894,"template":"","meta":[],"product_brand":[],"product_cat":[71],"product_tag":[56,59],"class_list":{"0":"post-5726","1":"product","2":"type-product","3":"status-publish","4":"has-post-thumbnail","6":"product_cat-mobilna-telefonija","7":"product_tag-mobilna-telefonija","8":"product_tag-tarife-mobilne-telefonije","10":"first","11":"instock","12":"virtual","13":"purchasable","14":"product-type-simple"},"_links":{"self":[{"href":"https:\/\/zona.ba\/bs\/wp-json\/wp\/v2\/product\/5726","targetHints":{"allow":["GET"]}}],"collection":[{"href":"https:\/\/zona.ba\/bs\/wp-json\/wp\/v2\/product"}],"about":[{"href":"https:\/\/zona.ba\/bs\/wp-json\/wp\/v2\/types\/product"}],"wp:featuredmedia":[{"embeddable":true,"href":"https:\/\/zona.ba\/bs\/wp-json\/wp\/v2\/media\/5894"}],"wp:attachment":[{"href":"https:\/\/zona.ba\/bs\/wp-json\/wp\/v2\/media?parent=5726"}],"wp:term":[{"taxonomy":"product_brand","embeddable":true,"href":"https:\/\/zona.ba\/bs\/wp-json\/wp\/v2\/product_brand?post=5726"},{"taxonomy":"product_cat","embeddable":true,"href":"https:\/\/zona.ba\/bs\/wp-json\/wp\/v2\/product_cat?post=5726"},{"taxonomy":"product_tag","embeddable":true,"href":"https:\/\/zona.ba\/bs\/wp-json\/wp\/v2\/product_tag?post=5726"}],"curies":[{"name":"wp","href":"https:\/\/api.w.org\/{rel}","templated":true}]}}