{"id":1734,"date":"2013-06-07T11:38:12","date_gmt":"2013-06-07T11:38:12","guid":{"rendered":"https:\/\/test.villachristian-krk.com\/?post_type=product&#038;p=99"},"modified":"2025-12-18T08:18:03","modified_gmt":"2025-12-18T08:18:03","slug":"kucni-internet-extras","status":"publish","type":"product","link":"https:\/\/zona.ba\/bs\/proizvod\/kucni-internet-extras\/","title":{"rendered":"Ku\u0107ni Internet: Extra S"},"content":{"rendered":"<p>Extra S paket spada u grupu na\u0161ih paketa koji nude komforno surfanje uz cijenu od 25 KM mjese\u010dne pretplate.<\/p>\n<p><strong>Brzina: 7168\/ 1924 kbps<\/strong><br>\n<strong>Mjese\u010dni limit je neograni\u010den.<\/strong><br>\n<strong>Broj email naloga: 1<\/strong><\/p>\n<p>\u00a0<\/p>","protected":false},"excerpt":{"rendered":"<p>Ovaj paket se aktivira bez ugovornog perioda.<br \/>\nBesplatna info linija: <strong>0800 30 930<\/strong><\/p>","protected":false},"featured_media":5884,"template":"","meta":[],"product_brand":[],"product_cat":[66],"product_tag":[100,99,101],"class_list":{"0":"post-1734","1":"product","2":"type-product","3":"status-publish","4":"has-post-thumbnail","6":"product_cat-kucni-internet","7":"product_tag-adsl","8":"product_tag-kucni-internet","9":"product_tag-wireless-net","11":"first","12":"instock","13":"virtual","14":"purchasable","15":"product-type-simple"},"_links":{"self":[{"href":"https:\/\/zona.ba\/bs\/wp-json\/wp\/v2\/product\/1734","targetHints":{"allow":["GET"]}}],"collection":[{"href":"https:\/\/zona.ba\/bs\/wp-json\/wp\/v2\/product"}],"about":[{"href":"https:\/\/zona.ba\/bs\/wp-json\/wp\/v2\/types\/product"}],"wp:featuredmedia":[{"embeddable":true,"href":"https:\/\/zona.ba\/bs\/wp-json\/wp\/v2\/media\/5884"}],"wp:attachment":[{"href":"https:\/\/zona.ba\/bs\/wp-json\/wp\/v2\/media?parent=1734"}],"wp:term":[{"taxonomy":"product_brand","embeddable":true,"href":"https:\/\/zona.ba\/bs\/wp-json\/wp\/v2\/product_brand?post=1734"},{"taxonomy":"product_cat","embeddable":true,"href":"https:\/\/zona.ba\/bs\/wp-json\/wp\/v2\/product_cat?post=1734"},{"taxonomy":"product_tag","embeddable":true,"href":"https:\/\/zona.ba\/bs\/wp-json\/wp\/v2\/product_tag?post=1734"}],"curies":[{"name":"wp","href":"https:\/\/api.w.org\/{rel}","templated":true}]}}