{"id":1733,"date":"2013-06-07T11:37:23","date_gmt":"2013-06-07T11:37:23","guid":{"rendered":"https:\/\/test.villachristian-krk.com\/?post_type=product&#038;p=96"},"modified":"2025-12-18T08:15:58","modified_gmt":"2025-12-18T08:15:58","slug":"kucni-internet-extram","status":"publish","type":"product","link":"https:\/\/zona.ba\/bs\/proizvod\/kucni-internet-extram\/","title":{"rendered":"Ku\u0107ni Internet: Extra M"},"content":{"rendered":"<p>Extra M paket spada u srednji razred na\u0161e ponude. Za ljubitelje informativnog internet sadr\u017eaja uz samo 27 KM mjese\u010dne pretplate.<br>\n<strong>Brzina: 10024\/ 2048 kbps<\/strong><br>\n<strong>Mjese\u010dni limit je neograni\u010den.<\/strong><br>\n<strong>Broj email naloga: 1<\/strong><\/p>","protected":false},"excerpt":{"rendered":"<p>Ovaj paket se aktivira bez ugovornog perioda.<br \/>\nBesplatna info linija: <strong>0800 30 930<\/strong><\/p>","protected":false},"featured_media":5886,"template":"","meta":[],"product_brand":[],"product_cat":[66],"product_tag":[47],"class_list":{"0":"post-1733","1":"product","2":"type-product","3":"status-publish","4":"has-post-thumbnail","6":"product_cat-kucni-internet","7":"product_tag-mobilni-internet","9":"first","10":"instock","11":"virtual","12":"purchasable","13":"product-type-simple"},"_links":{"self":[{"href":"https:\/\/zona.ba\/bs\/wp-json\/wp\/v2\/product\/1733","targetHints":{"allow":["GET"]}}],"collection":[{"href":"https:\/\/zona.ba\/bs\/wp-json\/wp\/v2\/product"}],"about":[{"href":"https:\/\/zona.ba\/bs\/wp-json\/wp\/v2\/types\/product"}],"wp:featuredmedia":[{"embeddable":true,"href":"https:\/\/zona.ba\/bs\/wp-json\/wp\/v2\/media\/5886"}],"wp:attachment":[{"href":"https:\/\/zona.ba\/bs\/wp-json\/wp\/v2\/media?parent=1733"}],"wp:term":[{"taxonomy":"product_brand","embeddable":true,"href":"https:\/\/zona.ba\/bs\/wp-json\/wp\/v2\/product_brand?post=1733"},{"taxonomy":"product_cat","embeddable":true,"href":"https:\/\/zona.ba\/bs\/wp-json\/wp\/v2\/product_cat?post=1733"},{"taxonomy":"product_tag","embeddable":true,"href":"https:\/\/zona.ba\/bs\/wp-json\/wp\/v2\/product_tag?post=1733"}],"curies":[{"name":"wp","href":"https:\/\/api.w.org\/{rel}","templated":true}]}}