{"id":1732,"date":"2013-06-07T11:36:34","date_gmt":"2013-06-07T11:36:34","guid":{"rendered":"https:\/\/test.villachristian-krk.com\/?post_type=product&#038;p=93"},"modified":"2025-12-18T08:14:19","modified_gmt":"2025-12-18T08:14:19","slug":"kucni-internet-extral","status":"publish","type":"product","link":"https:\/\/zona.ba\/bs\/proizvod\/kucni-internet-extral\/","title":{"rendered":"Ku\u0107ni Internet: Extra L"},"content":{"rendered":"<p>Za 31 KM mjese\u010dne pretplate i uz brzinu od 12288 kbps, mo\u0107i \u0107ete u\u017eivati u internet vezi koja nudi sav komfor \u0161etnje svjetskom mre\u017eom.<\/p>\n<p><strong>Brzina: 12288\/2048 kbps<\/strong><br>\n<strong>Mjese\u010dni limit je neograni\u010den.<\/strong><br>\n<strong>Broj email naloga: 1<\/strong><\/p>","protected":false},"excerpt":{"rendered":"<p>Ovaj paket se aktivira bez ugovornog perioda.<br \/>\nBesplatna info linija: <strong>0800 30 930<\/strong><\/p>","protected":false},"featured_media":5888,"template":"","meta":[],"product_brand":[],"product_cat":[66],"product_tag":[47,59],"class_list":{"0":"post-1732","1":"product","2":"type-product","3":"status-publish","4":"has-post-thumbnail","6":"product_cat-kucni-internet","7":"product_tag-mobilni-internet","8":"product_tag-tarife-mobilne-telefonije","10":"first","11":"instock","12":"virtual","13":"purchasable","14":"product-type-simple"},"_links":{"self":[{"href":"https:\/\/zona.ba\/bs\/wp-json\/wp\/v2\/product\/1732","targetHints":{"allow":["GET"]}}],"collection":[{"href":"https:\/\/zona.ba\/bs\/wp-json\/wp\/v2\/product"}],"about":[{"href":"https:\/\/zona.ba\/bs\/wp-json\/wp\/v2\/types\/product"}],"wp:featuredmedia":[{"embeddable":true,"href":"https:\/\/zona.ba\/bs\/wp-json\/wp\/v2\/media\/5888"}],"wp:attachment":[{"href":"https:\/\/zona.ba\/bs\/wp-json\/wp\/v2\/media?parent=1732"}],"wp:term":[{"taxonomy":"product_brand","embeddable":true,"href":"https:\/\/zona.ba\/bs\/wp-json\/wp\/v2\/product_brand?post=1732"},{"taxonomy":"product_cat","embeddable":true,"href":"https:\/\/zona.ba\/bs\/wp-json\/wp\/v2\/product_cat?post=1732"},{"taxonomy":"product_tag","embeddable":true,"href":"https:\/\/zona.ba\/bs\/wp-json\/wp\/v2\/product_tag?post=1732"}],"curies":[{"name":"wp","href":"https:\/\/api.w.org\/{rel}","templated":true}]}}