{"id":1731,"date":"2013-06-07T11:35:18","date_gmt":"2013-06-07T11:35:18","guid":{"rendered":"https:\/\/test.villachristian-krk.com\/?post_type=product&#038;p=90"},"modified":"2019-11-04T14:52:39","modified_gmt":"2019-11-04T14:52:39","slug":"pimkie-suedette-drape","status":"publish","type":"product","link":"https:\/\/zona.ba\/bs\/proizvod\/pimkie-suedette-drape\/","title":{"rendered":"Tooway 8 GB"},"content":{"rendered":"<div class=\"wpb_column vc_column_container vc_col-sm-6\">\n<div class=\"vc_column-inner\">\n<div class=\"wpb_wrapper\">\n<div class=\"wpb_text_column wpb_content_element\">\n<div class=\"wpb_wrapper\">\n<ul>\n<li>Satelitski \u0161irokopojasni internet pristup<\/li>\n<li>Nezavisnost od zemaljske infrastrukture, naro\u010dito pogodan za korisnike iz ruralnih podru\u010dja<\/li>\n<li>Brza, pouzdana i pristupa\u010dna internet usluga<\/li>\n<li>Fair Access Policy: nakon potro\u0161enog mjese\u010dnog limita predvi\u0111enog paketom zagarantovane su brzine 64\/64 Kbps (download\/upload)<\/li>\n<\/ul>\n<\/div>\n<\/div>\n<\/div>\n<\/div>\n<\/div>","protected":false},"excerpt":{"rendered":"<p>Pellentesque habitant morbi tristique senectus et netus et malesuada fames ac turpis egestas. Vestibulum tortor quam, feugiat vitae, ultricies eget, tempor sit amet, ante. Donec eu libero sit amet quam egestas semper. Aenean ultricies mi vitae est. Mauris placerat eleifend leo.<\/p>","protected":false},"featured_media":6025,"template":"","meta":[],"product_brand":[],"product_cat":[68],"product_tag":[54,47],"class_list":{"0":"post-1731","1":"product","2":"type-product","3":"status-publish","4":"has-post-thumbnail","6":"product_cat-kucni-satelitski-internet","7":"product_tag-kucni-satelitski-internet","8":"product_tag-mobilni-internet","10":"first","11":"instock","12":"featured","13":"shipping-taxable","14":"purchasable","15":"product-type-simple"},"_links":{"self":[{"href":"https:\/\/zona.ba\/bs\/wp-json\/wp\/v2\/product\/1731","targetHints":{"allow":["GET"]}}],"collection":[{"href":"https:\/\/zona.ba\/bs\/wp-json\/wp\/v2\/product"}],"about":[{"href":"https:\/\/zona.ba\/bs\/wp-json\/wp\/v2\/types\/product"}],"wp:featuredmedia":[{"embeddable":true,"href":"https:\/\/zona.ba\/bs\/wp-json\/wp\/v2\/media\/6025"}],"wp:attachment":[{"href":"https:\/\/zona.ba\/bs\/wp-json\/wp\/v2\/media?parent=1731"}],"wp:term":[{"taxonomy":"product_brand","embeddable":true,"href":"https:\/\/zona.ba\/bs\/wp-json\/wp\/v2\/product_brand?post=1731"},{"taxonomy":"product_cat","embeddable":true,"href":"https:\/\/zona.ba\/bs\/wp-json\/wp\/v2\/product_cat?post=1731"},{"taxonomy":"product_tag","embeddable":true,"href":"https:\/\/zona.ba\/bs\/wp-json\/wp\/v2\/product_tag?post=1731"}],"curies":[{"name":"wp","href":"https:\/\/api.w.org\/{rel}","templated":true}]}}