{"id":1722,"date":"2013-06-07T11:27:38","date_gmt":"2013-06-07T11:27:38","guid":{"rendered":"https:\/\/test.villachristian-krk.com\/?post_type=product&#038;p=73"},"modified":"2025-12-18T08:21:01","modified_gmt":"2025-12-18T08:21:01","slug":"kucni-internet-extraxs","status":"publish","type":"product","link":"https:\/\/zona.ba\/bs\/proizvod\/kucni-internet-extraxs\/","title":{"rendered":"Ku\u0107ni Internet: Extra XS"},"content":{"rendered":"<p>Ako niste zahtijevan internet korisnik paket Extra XS je odli\u010dan izbor za vas. Uz cijenu od samo 22 KM mo\u017eete u\u017eivati u osnovnim disciplinama internet surfanja.<\/p>\n<p><strong>Brzina: 5120\/1024 kbps.<\/strong><br>\n<strong>Mjese\u010dni limit je neograni\u010den.<\/strong><br>\n<strong>Broj email naloga: 1<\/strong><\/p>","protected":false},"excerpt":{"rendered":"<p>Ovaj paket se aktivira bez ugovornog perioda.<br \/>\nBesplatna info linija: <strong>0800 30 930<\/strong><\/p>","protected":false},"featured_media":5885,"template":"","meta":[],"product_brand":[],"product_cat":[66],"product_tag":[65,54,47],"class_list":{"0":"post-1722","1":"product","2":"type-product","3":"status-publish","4":"has-post-thumbnail","6":"product_cat-kucni-internet","7":"product_tag-kaspersky","8":"product_tag-kucni-satelitski-internet","9":"product_tag-mobilni-internet","11":"first","12":"instock","13":"virtual","14":"purchasable","15":"product-type-simple"},"_links":{"self":[{"href":"https:\/\/zona.ba\/bs\/wp-json\/wp\/v2\/product\/1722","targetHints":{"allow":["GET"]}}],"collection":[{"href":"https:\/\/zona.ba\/bs\/wp-json\/wp\/v2\/product"}],"about":[{"href":"https:\/\/zona.ba\/bs\/wp-json\/wp\/v2\/types\/product"}],"wp:featuredmedia":[{"embeddable":true,"href":"https:\/\/zona.ba\/bs\/wp-json\/wp\/v2\/media\/5885"}],"wp:attachment":[{"href":"https:\/\/zona.ba\/bs\/wp-json\/wp\/v2\/media?parent=1722"}],"wp:term":[{"taxonomy":"product_brand","embeddable":true,"href":"https:\/\/zona.ba\/bs\/wp-json\/wp\/v2\/product_brand?post=1722"},{"taxonomy":"product_cat","embeddable":true,"href":"https:\/\/zona.ba\/bs\/wp-json\/wp\/v2\/product_cat?post=1722"},{"taxonomy":"product_tag","embeddable":true,"href":"https:\/\/zona.ba\/bs\/wp-json\/wp\/v2\/product_tag?post=1722"}],"curies":[{"name":"wp","href":"https:\/\/api.w.org\/{rel}","templated":true}]}}