{"id":90,"date":"2015-11-02T09:40:18","date_gmt":"2015-11-02T09:40:18","guid":{"rendered":"https:\/\/test.villachristian-krk.com\/?page_id=90"},"modified":"2020-11-17T06:29:41","modified_gmt":"2020-11-17T06:29:41","slug":"prijava-kvara","status":"publish","type":"page","link":"https:\/\/zona.ba\/bs\/prijava-kvara\/","title":{"rendered":"Prijava kvara"},"content":{"rendered":"<div class=\"container\"><div class=\"vc_row wpb_row vc_row-fluid margin-top-60 margin-bottom-60\">\n<div class=\"wpb_column vc_column_container vc_col-sm-6\"><div class=\"vc_column-inner\"><div class=\"wpb_wrapper\">\n\t<div class=\"wpb_text_column wpb_content_element  wpb_animate_when_almost_visible wpb_fadeInLeft fadeInLeft\">\n\t\t<div class=\"wpb_wrapper\">\n\t\t\t<h3 style=\"text-align: center;\"><em><strong><u>PRIJAVA KVARA<br>\n<\/u><\/strong><\/em><\/h3>\n<p><strong>Zona Telekomunikacije korisni\u010dka podr\u0161ka tu je za vas 24\/7. Prijavu kvara, bilo kakve smetnje ili nejasno\u0107e mo\u017eete uraditi na dva na\u010dina:<br>\n<\/strong><\/p>\n<ul>\n<li>Pozivom na besplatni info broj 0800 30 930<\/li>\n<li>Popunjavanjem obrasca za prijavu kvara koji se nalazi na ovoj stranici<\/li>\n<\/ul>\n\n\t\t<\/div>\n\t<\/div>\n<\/div><\/div><\/div>\n<div class=\"wpb_column vc_column_container vc_col-sm-6\"><div class=\"vc_column-inner\"><div class=\"wpb_wrapper\">\n\t<div class=\"wpb_single_image wpb_content_element vc_align_left  wpb_animate_when_almost_visible wpb_fadeInRightBig fadeInRightBig\">\n\t\t\n\t\t<figure class=\"wpb_wrapper vc_figure\">\n\t\t\t<div class=\"vc_single_image-wrapper   vc_box_border_grey\"><img loading=\"lazy\" decoding=\"async\" width=\"1024\" height=\"628\" src=\"https:\/\/zona.ba\/wp-content\/uploads\/2019\/02\/net-min-1024x628.png\" class=\"vc_single_image-img attachment-large\" alt=\"prijava kvara Prijava kvara net min 1024x628\" srcset=\"https:\/\/zona.ba\/wp-content\/uploads\/2019\/02\/net-min-1024x628.png 1024w, https:\/\/zona.ba\/wp-content\/uploads\/2019\/02\/net-min-470x288.png 470w, https:\/\/zona.ba\/wp-content\/uploads\/2019\/02\/net-min-300x184.png 300w, https:\/\/zona.ba\/wp-content\/uploads\/2019\/02\/net-min-768x471.png 768w, https:\/\/zona.ba\/wp-content\/uploads\/2019\/02\/net-min.png 2000w\" sizes=\"auto, (max-width: 1024px) 100vw, 1024px\" title=\"net-min-1024x628 net-min-1024x628\"><\/div>\n\t\t<\/figure>\n\t<\/div>\n<\/div><\/div><\/div>\n<\/div><\/div>\n<div class=\"fullwidth\"><div class=\"vc_row wpb_row vc_row-fluid\"><div class=\"wpb_column vc_column_container vc_col-sm-12\"><div class=\"vc_column-inner\"><div class=\"wpb_wrapper\">\n\t<div class=\"wpb_text_column wpb_content_element\">\n\t\t<div class=\"wpb_wrapper\">\n\t\t\t\n\t\t<\/div>\n\t<\/div>\n<\/div><\/div><\/div><\/div><\/div>\n<div class=\"container\"><div class=\"vc_row wpb_row vc_row-fluid margin-bottom-110\"><div class=\"wpb_column vc_column_container vc_col-sm-12\"><div class=\"vc_column-inner\"><div class=\"wpb_wrapper\">            <div class=\"process row style2\">\n                                    <div class=\"col-md-3 col-sm-12 sm-padding-bottom-30 process-step\">\n                        <a title=\"STEP 01: PRIJAVITE KVAR\" target=\"_self\" href=\"#\">\n                                                <h6>STEP 01: PRIJAVITE KVAR<\/h6>\n                                                    <div class=\"process-icon\"><i class=\"micon icon-185110-diving-leisure-sea-sport-streamline\"><\/i><\/div>\n                                                    <p>Popunite obrazac ispod.<\/p>\n                                                <\/a>\n                                            <\/div>\n                                    <div class=\"col-md-3 col-sm-12 sm-padding-bottom-30 process-step\">\n                        <a title=\"STEP 02: SA\u010cEKAJTE POZIV PODR\u0160KE\" target=\"_self\" href=\"#\">\n                                                <h6>STEP 02: SA\u010cEKAJTE POZIV PODR\u0160KE<\/h6>\n                                                    <div class=\"process-icon\"><i class=\"micon icon-phone64\"><\/i><\/div>\n                                                    <p>Sa\u010dekajte par minuta da vas kontaktira neko iz na\u0161e korisni\u010dke podr\u0161ke<\/p>\n                                                <\/a>\n                                            <\/div>\n                                    <div class=\"col-md-3 col-sm-12 sm-padding-bottom-30 process-step\">\n                        <a title=\"STEP 03: POTVRDITE SVOJU PRIJAVU\" target=\"_self\" href=\"#\">\n                                                <h6>STEP 03: POTVRDITE SVOJU PRIJAVU<\/h6>\n                                                    <div class=\"process-icon\"><i class=\"micon icon-check\"><\/i><\/div>\n                                                    <p>Potvrdite da ste prijavili kvar.<\/p>\n                                                <\/a>\n                                            <\/div>\n                                    <div class=\"col-md-3 col-sm-12 sm-padding-bottom-30 process-step\">\n                        <a title=\"STEP 04: SA\u010cEKAJTE NA\u0160U DE\u017dURNU EKIPU\" target=\"_self\" href=\"#\">\n                                                <h6>STEP 04: SA\u010cEKAJTE NA\u0160U DE\u017dURNU EKIPU<\/h6>\n                                                    <div class=\"process-icon\"><i class=\"micon icon-185085-happy-smiley-streamline\"><\/i><\/div>\n                                                    <p>Sa\u010dakajte na\u0161u najbli\u017eu de\u017eurnu ekipu koja \u0107e do\u0107i najkra\u0107em mogu\u0107em roku.<\/p>\n                                                <\/a>\n                                            <\/div>\n                            <\/div>\n            <\/div><\/div><\/div><\/div><\/div>\n<div class=\"fullwidth\"><div class=\"vc_row wpb_row vc_row-fluid margin-bottom-80\"><div class=\"wpb_column vc_column_container vc_col-sm-12\"><div class=\"vc_column-inner\"><div class=\"wpb_wrapper\"><div class=\"vc_separator wpb_content_element vc_separator_align_center vc_sep_width_100 vc_sep_pos_align_center vc_separator_no_text vc_sep_color_grey\">\n<span class=\"vc_sep_holder vc_sep_holder_l\"><span class=\"vc_sep_line\"><\/span><\/span><span class=\"vc_sep_holder vc_sep_holder_r\"><span class=\"vc_sep_line\"><\/span><\/span>\n<\/div><\/div><\/div><\/div><\/div><\/div>\n<div class=\"container\"><div class=\"vc_row wpb_row vc_row-fluid margin-top-120 margin-bottom-120\">\n<div class=\"col-md-4 col-sm-12 sm-margin-bottom-30 wpb_column vc_column_container vc_col-sm-4\"><div class=\"vc_column-inner vc_custom_1447749531406\"><div class=\"wpb_wrapper\">            <div class=\"heading color-dark size-md text-center\">\n                                <div class=\"line-double\">\n                                                        <h2>\n                        PRIJAVA KVARA                    <\/h2>\n                                        <span>\n                        Po\u0161aljite poruku                    <\/span>\n                                    <\/div>\n                            <\/div>\n            <\/div><\/div><\/div>\n<div class=\"col-md-8 col-sm-12 wpb_column vc_column_container vc_col-sm-8\"><div class=\"vc_column-inner\"><div class=\"wpb_wrapper\">\n<div class=\"wpcf7 no-js\" id=\"wpcf7-f5857-o1\" lang=\"en-US\" dir=\"ltr\" data-wpcf7-id=\"5857\">\n<div class=\"screen-reader-response\">\n<p role=\"status\" aria-live=\"polite\" aria-atomic=\"true\"><\/p> <ul><\/ul>\n<\/div>\n<form action=\"\/bs\/wp-json\/wp\/v2\/pages\/90#wpcf7-f5857-o1\" method=\"post\" class=\"wpcf7-form init\" aria-label=\"Contact form\" novalidate=\"novalidate\" data-status=\"init\" data-trp-original-action=\"\/bs\/wp-json\/wp\/v2\/pages\/90#wpcf7-f5857-o1\">\n<fieldset class=\"hidden-fields-container\">\n<input type=\"hidden\" name=\"_wpcf7\" value=\"5857\"><input type=\"hidden\" name=\"_wpcf7_version\" value=\"6.1.4\"><input type=\"hidden\" name=\"_wpcf7_locale\" value=\"en_US\"><input type=\"hidden\" name=\"_wpcf7_unit_tag\" value=\"wpcf7-f5857-o1\"><input type=\"hidden\" name=\"_wpcf7_container_post\" value=\"0\"><input type=\"hidden\" name=\"_wpcf7_posted_data_hash\" value=\"\"><input type=\"hidden\" name=\"_wpcf7_recaptcha_response\" value=\"\">\n<\/fieldset>\n<p><label> Va\u0161e ime (obavezno polje)<br>\n<span class=\"wpcf7-form-control-wrap\" data-name=\"your-name\"><input size=\"40\" maxlength=\"400\" class=\"wpcf7-form-control wpcf7-text wpcf7-validates-as-required\" aria-required=\"true\" aria-invalid=\"false\" value=\"\" type=\"text\" name=\"your-name\"><\/span> <\/label>\n<\/p>\n<p><label> Va\u0161a Email adresa (obavezno polje)<br>\n<span class=\"wpcf7-form-control-wrap\" data-name=\"your-email\"><input size=\"40\" maxlength=\"400\" class=\"wpcf7-form-control wpcf7-email wpcf7-validates-as-required wpcf7-text wpcf7-validates-as-email\" aria-required=\"true\" aria-invalid=\"false\" value=\"\" type=\"email\" name=\"your-email\"><\/span> <\/label>\n<\/p>\n<p><label> Naslov poruke<br>\n<span class=\"wpcf7-form-control-wrap\" data-name=\"your-subject\"><input size=\"40\" maxlength=\"400\" class=\"wpcf7-form-control wpcf7-text\" aria-invalid=\"false\" value=\"\" type=\"text\" name=\"your-subject\"><\/span> <\/label>\n<\/p>\n<p><label> Va\u0161a poruka<br>\n<span class=\"wpcf7-form-control-wrap\" data-name=\"your-message\"><textarea cols=\"40\" rows=\"10\" maxlength=\"2000\" class=\"wpcf7-form-control wpcf7-textarea\" aria-invalid=\"false\" name=\"your-message\"><\/textarea><\/span> <\/label><br>\n<span class=\"wpcf7-form-control-wrap recaptcha\" data-name=\"recaptcha\"><span data-sitekey=\"6LfHcr0UAAAAAI70diBLa_P4xkb8QZqmTieZM5SE\" data-size=\"normal\" data-theme=\"light\" class=\"wpcf7-form-control wpcf7-recaptcha g-recaptcha\"><\/span>\r\n<noscript>\r\n\t<div class=\"grecaptcha-noscript\">\r\n\t\t<iframe loading=\"lazy\" src=\"https:\/\/www.google.com\/recaptcha\/api\/fallback?k=6LfHcr0UAAAAAI70diBLa_P4xkb8QZqmTieZM5SE\" frameborder=\"0\" scrolling=\"no\" width=\"310\" height=\"430\">\r\n\t\t<\/iframe>\r\n\t\t<textarea name=\"g-recaptcha-response\" rows=\"3\" cols=\"40\" placeholder=\"reCaptcha Response Here\">\r\n\t\t<\/textarea>\r\n\t<\/div>\r\n<\/noscript>\r\n<\/span><br>\n<input class=\"wpcf7-form-control wpcf7-submit has-spinner\" type=\"submit\" value=\"Po\u0161alji\">\n<\/p>\n<div class=\"wpcf7-response-output\" aria-hidden=\"true\"><\/div>\n<input type=\"hidden\" name=\"trp-form-language\" value=\"bs\"\/><\/form>\n<\/div>\n<\/div><\/div><\/div>\n<\/div><\/div>\n<div class=\"fullwidth\"><div class=\"vc_row wpb_row vc_row-fluid margin-bottom-80\"><div class=\"wpb_column vc_column_container vc_col-sm-12\"><div class=\"vc_column-inner\"><div class=\"wpb_wrapper\"><div class=\"vc_separator wpb_content_element vc_separator_align_center vc_sep_width_100 vc_sep_pos_align_center vc_separator_no_text vc_sep_color_grey\">\n<span class=\"vc_sep_holder vc_sep_holder_l\"><span class=\"vc_sep_line\"><\/span><\/span><span class=\"vc_sep_holder vc_sep_holder_r\"><span class=\"vc_sep_line\"><\/span><\/span>\n<\/div><\/div><\/div><\/div><\/div><\/div>\n<div class=\"container\"><div class=\"vc_row wpb_row vc_row-fluid margin-bottom-50 vc_custom_1448511180270 vc_row-has-fill\">\n<div class=\"col-md-4 col-sm-12 sm-margin-bottom-30 wpb_column vc_column_container vc_col-sm-4 vc_col-has-fill\"><div class=\"vc_column-inner vc_custom_1449713770183\"><div class=\"wpb_wrapper\">\n\t<div class=\"wpb_single_image wpb_content_element vc_align_center  wpb_animate_when_almost_visible wpb_left-to-right left-to-right\">\n\t\t\n\t\t<figure class=\"wpb_wrapper vc_figure\">\n\t\t\t<div class=\"vc_single_image-wrapper   vc_box_border_grey\"><img loading=\"lazy\" decoding=\"async\" width=\"247\" height=\"708\" src=\"https:\/\/zona.ba\/wp-content\/uploads\/2019\/08\/kvar.png\" class=\"vc_single_image-img attachment-full\" alt=\"prijava kvara Prijava kvara kvar\" srcset=\"https:\/\/zona.ba\/wp-content\/uploads\/2019\/08\/kvar.png 247w, https:\/\/zona.ba\/wp-content\/uploads\/2019\/08\/kvar-105x300.png 105w\" sizes=\"auto, (max-width: 247px) 100vw, 247px\" title=\"kvar kvar\"><\/div>\n\t\t<\/figure>\n\t<\/div>\n<\/div><\/div><\/div>\n<div class=\"col-md-8 col-sm-12 wpb_column vc_column_container vc_col-sm-8\"><div class=\"vc_column-inner\"><div class=\"wpb_wrapper\"><div class=\"fullwidth-visible\"><div class=\"vc_row wpb_row vc_inner vc_row-fluid vc_row-o-equal-height vc_row-flex\">\n<div class=\"col-md-6 col-sm-12 wpb_column vc_column_container vc_col-sm-6\"><div class=\"vc_column-inner\"><div class=\"wpb_wrapper\">\t\t\t<div class=\"iconbox icon-box-circle padding-bottom-50 top-inline color-dark\">\n                <div class=\"icon-box-shape\">\n                    <a title=\"\" target=\"_self\" href=\"#\">\n                                                        <i class=\"micon icon-185110-diving-leisure-sea-sport-streamline\"><\/i>\n                                                <\/a>\n                <\/div>\n                                    <h3><a title=\"\" target=\"_self\" href=\"#\">24\/7 PODR\u0160KA<\/a><\/h3>\n                                <p>Na\u0161e mobilne ekipe dostupne su vam u svako doba dana bez obzira gdje se nelazite.<\/p>\n                \t\t\t<\/div>\n            <\/div><\/div><\/div>\n<div class=\"col-md-6 col-sm-12 wpb_column vc_column_container vc_col-sm-6\"><div class=\"vc_column-inner\"><div class=\"wpb_wrapper\">\t\t\t<div class=\"iconbox icon-box-circle padding-bottom-50 top-inline color-dark\">\n                <div class=\"icon-box-shape\">\n                    <a title=\"\" target=\"_self\" href=\"#\">\n                                                        <i class=\"micon icon-185082-man-people-streamline-user\"><\/i>\n                                                <\/a>\n                <\/div>\n                                    <h3><a title=\"\" target=\"_self\" href=\"#\">STRU\u010cNO OSOBLJE<\/a><\/h3>\n                                <p>Na\u0161e osobolje \u0107e se potruditi da pru\u017ei brzu pomo\u0107 svim na\u0161im korisnicima.<\/p>\n                \t\t\t<\/div>\n            <\/div><\/div><\/div>\n<div class=\"col-md-6 col-sm-12 wpb_column vc_column_container vc_col-sm-6\"><div class=\"vc_column-inner\"><div class=\"wpb_wrapper\">\t\t\t<div class=\"iconbox icon-box-circle padding-bottom-50 top-inline color-dark\">\n                <div class=\"icon-box-shape\">\n                    <a title=\"\" target=\"_self\" href=\"#\">\n                                                        <i class=\"micon icon-hospital36\"><\/i>\n                                                <\/a>\n                <\/div>\n                                    <h3><a title=\"\" target=\"_self\" href=\"#\">BRZA INTERVENCIJA<\/a><\/h3>\n                                <p>Potrudi\u0107emo se da pomoc korisnicima sprovedemo u najkra\u0107em mogu\u0107em roku.<\/p>\n                \t\t\t<\/div>\n            <\/div><\/div><\/div>\n<div class=\"col-md-6 col-sm-12 wpb_column vc_column_container vc_col-sm-6\"><div class=\"vc_column-inner\"><div class=\"wpb_wrapper\">\t\t\t<div class=\"iconbox icon-box-circle padding-bottom-50 top-inline color-dark\">\n                <div class=\"icon-box-shape\">\n                    <a title=\"\" target=\"_self\" href=\"#\">\n                                                        <i class=\"micon icon-trophy\"><\/i>\n                                                <\/a>\n                <\/div>\n                                    <h3><a title=\"\" target=\"_self\" href=\"#\">KVALITETNA USLUGA<\/a><\/h3>\n                                <p>Garantujemo za kvalitet na\u0161ih radova i kvalitet na\u0161ih ure\u0111aja.<\/p>\n                \t\t\t<\/div>\n            <\/div><\/div><\/div>\n<div class=\"col-md-6 col-sm-12 wpb_column vc_column_container vc_col-sm-6\"><div class=\"vc_column-inner\"><div class=\"wpb_wrapper\">\t\t\t<div class=\"iconbox icon-box-circle padding-bottom-50 top-inline color-dark\">\n                <div class=\"icon-box-shape\">\n                    <a title=\"\" target=\"_self\" href=\"#\">\n                                                        <i class=\"micon icon-profile-male\"><\/i>\n                                                <\/a>\n                <\/div>\n                                    <h3><a title=\"\" target=\"_self\" href=\"#\">SAVJETOVANJE<\/a><\/h3>\n                                <p>Besplatno \u0107emo vas savjetovati kako da pravilno odr\u017eavate va\u0161e ure\u0111aje.<\/p>\n                \t\t\t<\/div>\n            <\/div><\/div><\/div>\n<div class=\"col-md-6 col-sm-12 wpb_column vc_column_container vc_col-sm-6\"><div class=\"vc_column-inner\"><div class=\"wpb_wrapper\">\t\t\t<div class=\"iconbox icon-box-circle padding-bottom-50 top-inline color-dark\">\n                <div class=\"icon-box-shape\">\n                    <a title=\"\" target=\"_self\" href=\"#\">\n                                                        <i class=\"micon icon-check\"><\/i>\n                                                <\/a>\n                <\/div>\n                                    <h3><a title=\"\" target=\"_self\" href=\"#\">PREPORUKE<\/a><\/h3>\n                                <p>Shodno va\u0161im potrebama i va\u0161em bud\u017eetu, preporu\u010di\u0107emo vam ono \u0161to je nabolje za vas i va\u0161u porodicu.<\/p>\n                \t\t\t<\/div>\n            <\/div><\/div><\/div>\n<\/div><\/div><\/div><\/div><\/div>\n<\/div><\/div>\n<div class=\"fullwidth\"><div class=\"vc_row wpb_row vc_row-fluid\"><div class=\"wpb_column vc_column_container vc_col-sm-12\"><div class=\"vc_column-inner\"><div class=\"wpb_wrapper\">\n\t<div class=\"wpb_text_column wpb_content_element\">\n\t\t<div class=\"wpb_wrapper\">\n\t\t\t<p><\/p>\n\n\t\t<\/div>\n\t<\/div>\n<\/div><\/div><\/div><\/div><\/div>","protected":false},"excerpt":{"rendered":"PRIJAVA KVARA Zona Telekomunikacije korisni\u010dka podr\u0161ka tu je za vas 24\/7. Prijavu kvara, bilo kakve smetnje ili nejasno\u0107e mo\u017eete uraditi na dva na\u010dina: Pozivom na besplatni info broj 0800 30 930 Popunjavanjem obrasca za prijavu kvara koji se nalazi na ovoj stranici STEP 01: PRIJAVITE KVAR Popunite obrazac ispod. STEP 02: SA\u010cEKAJTE POZIV PODR\u0160KE Sa\u010dekajte [...]","protected":false},"author":1,"featured_media":0,"parent":0,"menu_order":0,"comment_status":"closed","ping_status":"closed","template":"","meta":{"footnotes":""},"class_list":["post-90","page","type-page","status-publish","hentry"],"_links":{"self":[{"href":"https:\/\/zona.ba\/bs\/wp-json\/wp\/v2\/pages\/90","targetHints":{"allow":["GET"]}}],"collection":[{"href":"https:\/\/zona.ba\/bs\/wp-json\/wp\/v2\/pages"}],"about":[{"href":"https:\/\/zona.ba\/bs\/wp-json\/wp\/v2\/types\/page"}],"author":[{"embeddable":true,"href":"https:\/\/zona.ba\/bs\/wp-json\/wp\/v2\/users\/1"}],"replies":[{"embeddable":true,"href":"https:\/\/zona.ba\/bs\/wp-json\/wp\/v2\/comments?post=90"}],"version-history":[{"count":6,"href":"https:\/\/zona.ba\/bs\/wp-json\/wp\/v2\/pages\/90\/revisions"}],"predecessor-version":[{"id":7478,"href":"https:\/\/zona.ba\/bs\/wp-json\/wp\/v2\/pages\/90\/revisions\/7478"}],"wp:attachment":[{"href":"https:\/\/zona.ba\/bs\/wp-json\/wp\/v2\/media?parent=90"}],"curies":[{"name":"wp","href":"https:\/\/api.w.org\/{rel}","templated":true}]}}