{"id":8233,"date":"2021-11-12T18:53:03","date_gmt":"2021-11-12T18:53:03","guid":{"rendered":"https:\/\/zona.ba\/?page_id=8233"},"modified":"2021-11-12T18:53:29","modified_gmt":"2021-11-12T18:53:29","slug":"zastita-od-neprimjerenog-sadrzaja","status":"publish","type":"page","link":"https:\/\/zona.ba\/bs\/zastita-od-neprimjerenog-sadrzaja\/","title":{"rendered":"Za\u0161tita od neprimjerenog sadr\u017eaja"},"content":{"rendered":"<div class=\"fullwidth\"><div class=\"vc_row wpb_row vc_row-fluid\"><div class=\"wpb_column vc_column_container vc_col-sm-12\"><div class=\"vc_column-inner\"><div class=\"wpb_wrapper\">\n\t<div class=\"wpb_text_column wpb_content_element\">\n\t\t<div class=\"wpb_wrapper\">\n\t\t\t<h4>NA INTERNETU JE MOGU\u0106E NAI\u0106I NA neprimjereni sadr\u017eaj koji vas mo\u017ee \u0161okirati, rastu\u017eiti i uvrijediti. takvi sadr\u017eaji mogu biti nasilni,\u00a0 prosti ili rasisti\u010dki.<\/h4>\n<h4>Ako vam se ovo desi, vi mo\u017eete:<\/h4>\n<h4>\u22c5 Napustiti stranicu, iza\u0107i iz aplikacije ili CHAT SOBE<br>\n\u22c5 Blokirati osobu koja dijeli ovakav sadr\u017eaj<br>\n\u22c5 Odbiti otvoriti linkove koje vam \u0161alju nepoznate osobe<br>\n\u22c5 Razgovarati s nekim kome vjerujete \u2013 roditeljem, skrbnikom, prijateljem ili u\u010diteljem<\/h4>\n\n\t\t<\/div>\n\t<\/div>\n<\/div><\/div><\/div><\/div><\/div>\n<div class=\"fullwidth\"><div class=\"vc_row wpb_row vc_row-fluid\"><div class=\"wpb_column vc_column_container vc_col-sm-12\"><div class=\"vc_column-inner\"><div class=\"wpb_wrapper\"><div class=\"vc_empty_space\" style=\"height: 32px\"><span class=\"vc_empty_space_inner\"><\/span><\/div><\/div><\/div><\/div><\/div><\/div>","protected":false},"excerpt":{"rendered":"NA INTERNETU JE MOGU\u0106E NAI\u0106I NA neprimjereni sadr\u017eaj koji vas mo\u017ee \u0161okirati, rastu\u017eiti i uvrijediti. takvi sadr\u017eaji mogu biti nasilni,\u00a0 prosti ili rasisti\u010dki. Ako vam se ovo desi, vi mo\u017eete: \u22c5 Napustiti stranicu, iza\u0107i iz aplikacije ili CHAT SOBE \u22c5 Blokirati osobu koja dijeli ovakav sadr\u017eaj \u22c5 Odbiti otvoriti linkove koje vam \u0161alju nepoznate osobe [...]","protected":false},"author":1,"featured_media":0,"parent":0,"menu_order":0,"comment_status":"closed","ping_status":"closed","template":"","meta":{"footnotes":""},"class_list":["post-8233","page","type-page","status-publish","hentry"],"_links":{"self":[{"href":"https:\/\/zona.ba\/bs\/wp-json\/wp\/v2\/pages\/8233","targetHints":{"allow":["GET"]}}],"collection":[{"href":"https:\/\/zona.ba\/bs\/wp-json\/wp\/v2\/pages"}],"about":[{"href":"https:\/\/zona.ba\/bs\/wp-json\/wp\/v2\/types\/page"}],"author":[{"embeddable":true,"href":"https:\/\/zona.ba\/bs\/wp-json\/wp\/v2\/users\/1"}],"replies":[{"embeddable":true,"href":"https:\/\/zona.ba\/bs\/wp-json\/wp\/v2\/comments?post=8233"}],"version-history":[{"count":2,"href":"https:\/\/zona.ba\/bs\/wp-json\/wp\/v2\/pages\/8233\/revisions"}],"predecessor-version":[{"id":8237,"href":"https:\/\/zona.ba\/bs\/wp-json\/wp\/v2\/pages\/8233\/revisions\/8237"}],"wp:attachment":[{"href":"https:\/\/zona.ba\/bs\/wp-json\/wp\/v2\/media?parent=8233"}],"curies":[{"name":"wp","href":"https:\/\/api.w.org\/{rel}","templated":true}]}}