{"id":8232,"date":"2021-11-12T18:46:23","date_gmt":"2021-11-12T18:46:23","guid":{"rendered":"https:\/\/zona.ba\/?page_id=8232"},"modified":"2021-11-12T18:46:45","modified_gmt":"2021-11-12T18:46:45","slug":"koliko-vremena-provodite-ispred-ekrana","status":"publish","type":"page","link":"https:\/\/zona.ba\/bs\/koliko-vremena-provodite-ispred-ekrana\/","title":{"rendered":"Koliko vremena provodite ispred ekrana?"},"content":{"rendered":"<div class=\"fullwidth\"><div class=\"vc_row wpb_row vc_row-fluid\"><div class=\"wpb_column vc_column_container vc_col-sm-12\"><div class=\"vc_column-inner\"><div class=\"wpb_wrapper\">\n\t<div class=\"wpb_text_column wpb_content_element\">\n\t\t<div class=\"wpb_wrapper\">\n\t\t\t<h4>DANAS, SVI PROVODIMO SVE VI\u0160E VREMENA ISPRED EKRANA. TO nije zdravo ZA NA\u0160E TIJELO I UM.<\/h4>\n<h4>Evo nekoliko savjeta kako da ograni\u010dite vrijeme provedeno pred ekranom:<\/h4>\n<h4>\u22c5 isklju\u010dite obavijesti (NOTIFIKACIJE) za mailove i dru\u0161tvene mre\u017ee<br>\n\u22c5 postavite vremenska ograni\u010denja na ekranu<br>\n\u22c5 nemojte koristiti ure\u0111aje tijekom obroka i dru\u017eenja sa drugima<br>\n\u22c5 prona\u0111ite zabavne aktivnosti u kojima volite sudjelovati, a koje ne uklju\u010duju gledanje u ekran<\/h4>\n\n\t\t<\/div>\n\t<\/div>\n<\/div><\/div><\/div><\/div><\/div>\n<div class=\"fullwidth\"><div class=\"vc_row wpb_row vc_row-fluid\"><div class=\"wpb_column vc_column_container vc_col-sm-12\"><div class=\"vc_column-inner\"><div class=\"wpb_wrapper\"><div class=\"vc_empty_space\" style=\"height: 32px\"><span class=\"vc_empty_space_inner\"><\/span><\/div><\/div><\/div><\/div><\/div><\/div>","protected":false},"excerpt":{"rendered":"DANAS, SVI PROVODIMO SVE VI\u0160E VREMENA ISPRED EKRANA. TO nije zdravo ZA NA\u0160E TIJELO I UM. Evo nekoliko savjeta kako da ograni\u010dite vrijeme provedeno pred ekranom: \u22c5 isklju\u010dite obavijesti (NOTIFIKACIJE) za mailove i dru\u0161tvene mre\u017ee \u22c5 postavite vremenska ograni\u010denja na ekranu \u22c5 nemojte koristiti ure\u0111aje tijekom obroka i dru\u017eenja sa drugima \u22c5 prona\u0111ite zabavne aktivnosti [...]","protected":false},"author":1,"featured_media":0,"parent":0,"menu_order":0,"comment_status":"closed","ping_status":"closed","template":"","meta":{"footnotes":""},"class_list":["post-8232","page","type-page","status-publish","hentry"],"_links":{"self":[{"href":"https:\/\/zona.ba\/bs\/wp-json\/wp\/v2\/pages\/8232","targetHints":{"allow":["GET"]}}],"collection":[{"href":"https:\/\/zona.ba\/bs\/wp-json\/wp\/v2\/pages"}],"about":[{"href":"https:\/\/zona.ba\/bs\/wp-json\/wp\/v2\/types\/page"}],"author":[{"embeddable":true,"href":"https:\/\/zona.ba\/bs\/wp-json\/wp\/v2\/users\/1"}],"replies":[{"embeddable":true,"href":"https:\/\/zona.ba\/bs\/wp-json\/wp\/v2\/comments?post=8232"}],"version-history":[{"count":2,"href":"https:\/\/zona.ba\/bs\/wp-json\/wp\/v2\/pages\/8232\/revisions"}],"predecessor-version":[{"id":8235,"href":"https:\/\/zona.ba\/bs\/wp-json\/wp\/v2\/pages\/8232\/revisions\/8235"}],"wp:attachment":[{"href":"https:\/\/zona.ba\/bs\/wp-json\/wp\/v2\/media?parent=8232"}],"curies":[{"name":"wp","href":"https:\/\/api.w.org\/{rel}","templated":true}]}}