{"id":8225,"date":"2021-11-12T18:12:25","date_gmt":"2021-11-12T18:12:25","guid":{"rendered":"https:\/\/zona.ba\/?page_id=8225"},"modified":"2021-11-12T18:38:39","modified_gmt":"2021-11-12T18:38:39","slug":"kako-sigurno-upoznati-online-prijatelje","status":"publish","type":"page","link":"https:\/\/zona.ba\/bs\/kako-sigurno-upoznati-online-prijatelje\/","title":{"rendered":"Kako sigurno upoznati online prijatelje?"},"content":{"rendered":"<div class=\"fullwidth\"><div class=\"vc_row wpb_row vc_row-fluid\"><div class=\"wpb_column vc_column_container vc_col-sm-12\"><div class=\"vc_column-inner\"><div class=\"wpb_wrapper\">\n\t<div class=\"wpb_text_column wpb_content_element\">\n\t\t<div class=\"wpb_wrapper\">\n\t\t\t<h4>PONEKAD PRONALAZIMO NOVE PRIJATELJE PUTEM DRU\u0160TVENIH MRE\u017dA, i po\u017eelimo se s njima upoznati U STVARNOM \u017dIVOTU.<\/h4>\n<h4>ALI BUDITE OPREZNI \u2013 osobe koje upoznajemo na mre\u017ei nisu uvijek onakve kakvim se predstavljaju.<\/h4>\n<h4>ako odlu\u010dite na\u0107i se s nekim koga ste upoznali na mre\u017ei, slijedite ove savjete kako bi ostali sigurni:<\/h4>\n<h4>\u22c5 uvijek povedite sa sobom odraslu osobu od povjerenja poput roditelja, skrbnika ili starijeg brata ili sestre<br>\n\u22c5 uvijek obavijestite odraslu osobu kojoj vjerujete o sastanku<br>\n\u22c5 na\u0111ite se na javnom mjestu s puno ljudi oko vas koji vas mogu vidjeti<br>\n\u22c5 na\u0111ite se po danu<br>\n\u22c5 budite spremni da odmah odete ako primijetite neo\u010dekivano pona\u0161anje<br>\n\u22c5 imajte nekoga u pripravnosti koga mo\u017eete kontaktirati u slu\u010daju<\/h4>\n\n\t\t<\/div>\n\t<\/div>\n<\/div><\/div><\/div><\/div><\/div>\n<div class=\"fullwidth\"><div class=\"vc_row wpb_row vc_row-fluid\"><div class=\"wpb_column vc_column_container vc_col-sm-12\"><div class=\"vc_column-inner\"><div class=\"wpb_wrapper\"><div class=\"vc_empty_space\" style=\"height: 32px\"><span class=\"vc_empty_space_inner\"><\/span><\/div><\/div><\/div><\/div><\/div><\/div>","protected":false},"excerpt":{"rendered":"PONEKAD PRONALAZIMO NOVE PRIJATELJE PUTEM DRU\u0160TVENIH MRE\u017dA, i po\u017eelimo se s njima upoznati U STVARNOM \u017dIVOTU. ALI BUDITE OPREZNI - osobe koje upoznajemo na mre\u017ei nisu uvijek onakve kakvim se predstavljaju. ako odlu\u010dite na\u0107i se s nekim koga ste upoznali na mre\u017ei, slijedite ove savjete kako bi ostali sigurni: \u22c5 uvijek povedite sa sobom odraslu [...]","protected":false},"author":1,"featured_media":0,"parent":0,"menu_order":0,"comment_status":"closed","ping_status":"closed","template":"","meta":{"footnotes":""},"class_list":["post-8225","page","type-page","status-publish","hentry"],"_links":{"self":[{"href":"https:\/\/zona.ba\/bs\/wp-json\/wp\/v2\/pages\/8225","targetHints":{"allow":["GET"]}}],"collection":[{"href":"https:\/\/zona.ba\/bs\/wp-json\/wp\/v2\/pages"}],"about":[{"href":"https:\/\/zona.ba\/bs\/wp-json\/wp\/v2\/types\/page"}],"author":[{"embeddable":true,"href":"https:\/\/zona.ba\/bs\/wp-json\/wp\/v2\/users\/1"}],"replies":[{"embeddable":true,"href":"https:\/\/zona.ba\/bs\/wp-json\/wp\/v2\/comments?post=8225"}],"version-history":[{"count":2,"href":"https:\/\/zona.ba\/bs\/wp-json\/wp\/v2\/pages\/8225\/revisions"}],"predecessor-version":[{"id":8230,"href":"https:\/\/zona.ba\/bs\/wp-json\/wp\/v2\/pages\/8225\/revisions\/8230"}],"wp:attachment":[{"href":"https:\/\/zona.ba\/bs\/wp-json\/wp\/v2\/media?parent=8225"}],"curies":[{"name":"wp","href":"https:\/\/api.w.org\/{rel}","templated":true}]}}