{"id":8222,"date":"2021-11-12T17:53:02","date_gmt":"2021-11-12T17:53:02","guid":{"rendered":"https:\/\/zona.ba\/?page_id=8222"},"modified":"2021-11-12T18:37:58","modified_gmt":"2021-11-12T18:37:58","slug":"sta-je-cyberbullying","status":"publish","type":"page","link":"https:\/\/zona.ba\/bs\/sta-je-cyberbullying\/","title":{"rendered":"\u0160ta je cyberbullying?"},"content":{"rendered":"<div class=\"fullwidth\"><div class=\"vc_row wpb_row vc_row-fluid\"><div class=\"wpb_column vc_column_container vc_col-sm-12\"><div class=\"vc_column-inner\"><div class=\"wpb_wrapper\">\n\t<div class=\"wpb_text_column wpb_content_element\">\n\t\t<div class=\"wpb_wrapper\">\n\t\t\t<h4>Cyber maltretiranje nije OK!<\/h4>\n<h4>Svako dijete ima pravo da se na internetu prema njemu ophodi s po\u0161tovanjem, bez obzira na to kojeg je pola, odakle dolazi ili kako izgleda.<\/h4>\n<h4>Nikada ne mo\u017ee biti OK da vas neko maltretira. Jednako tako nikada ne mo\u017ee biti OK da vi omalova\u017eavate drugu djecu na dru\u0161tvenim mre\u017eama.<\/h4>\n<h4>AKO VAS NETKO MALTRETIRA, EVO \u0160TA PODUZETI:<\/h4>\n<h4>\u22c5 Poku\u0161ajte ignorisati nasilnika jer odgovaranje nasilniku ponekad mo\u017ee pogor\u0161ati stvari<br>\n\u22c5 Blokirajte nasilnika KAKO VAS vi\u0161e ne BI MOGAO kontaktirati.<br>\n\u22c5 <span style=\"color: inherit; letter-spacing: 0.05em;\">Prijavite nasilnika i uklonite uvredljiv sadr\u017eaj sa stranice ili iz aplikacije.<br>\n<\/span>\u22c5 Razgovarajte s nekim kome vjerujete \u2013 roditeljem, skrbnikom, prijateljem, u\u010diteljem ili savjetnikom<\/h4>\n\n\t\t<\/div>\n\t<\/div>\n<\/div><\/div><\/div><\/div><\/div>\n<div class=\"fullwidth\"><div class=\"vc_row wpb_row vc_row-fluid\"><div class=\"wpb_column vc_column_container vc_col-sm-12\"><div class=\"vc_column-inner\"><div class=\"wpb_wrapper\"><div class=\"vc_empty_space\" style=\"height: 32px\"><span class=\"vc_empty_space_inner\"><\/span><\/div><\/div><\/div><\/div><\/div><\/div>","protected":false},"excerpt":{"rendered":"Cyber maltretiranje nije OK! Svako dijete ima pravo da se na internetu prema njemu ophodi s po\u0161tovanjem, bez obzira na to kojeg je pola, odakle dolazi ili kako izgleda. Nikada ne mo\u017ee biti OK da vas neko maltretira. Jednako tako nikada ne mo\u017ee biti OK da vi omalova\u017eavate drugu djecu na dru\u0161tvenim mre\u017eama. AKO VAS [...]","protected":false},"author":1,"featured_media":0,"parent":0,"menu_order":0,"comment_status":"closed","ping_status":"closed","template":"","meta":{"footnotes":""},"class_list":["post-8222","page","type-page","status-publish","hentry"],"_links":{"self":[{"href":"https:\/\/zona.ba\/bs\/wp-json\/wp\/v2\/pages\/8222","targetHints":{"allow":["GET"]}}],"collection":[{"href":"https:\/\/zona.ba\/bs\/wp-json\/wp\/v2\/pages"}],"about":[{"href":"https:\/\/zona.ba\/bs\/wp-json\/wp\/v2\/types\/page"}],"author":[{"embeddable":true,"href":"https:\/\/zona.ba\/bs\/wp-json\/wp\/v2\/users\/1"}],"replies":[{"embeddable":true,"href":"https:\/\/zona.ba\/bs\/wp-json\/wp\/v2\/comments?post=8222"}],"version-history":[{"count":1,"href":"https:\/\/zona.ba\/bs\/wp-json\/wp\/v2\/pages\/8222\/revisions"}],"predecessor-version":[{"id":8223,"href":"https:\/\/zona.ba\/bs\/wp-json\/wp\/v2\/pages\/8222\/revisions\/8223"}],"wp:attachment":[{"href":"https:\/\/zona.ba\/bs\/wp-json\/wp\/v2\/media?parent=8222"}],"curies":[{"name":"wp","href":"https:\/\/api.w.org\/{rel}","templated":true}]}}