{"id":8215,"date":"2021-11-12T17:33:49","date_gmt":"2021-11-12T17:33:49","guid":{"rendered":"https:\/\/zona.ba\/?page_id=8215"},"modified":"2021-11-12T18:34:14","modified_gmt":"2021-11-12T18:34:14","slug":"zastita-od-seksualnog-iskoristavanja","status":"publish","type":"page","link":"https:\/\/zona.ba\/bs\/zastita-od-seksualnog-iskoristavanja\/","title":{"rendered":"Za\u0161tita od seksualnog iskori\u0161tavanja"},"content":{"rendered":"<div class=\"fullwidth\"><div class=\"vc_row wpb_row vc_row-fluid\"><div class=\"wpb_column vc_column_container vc_col-sm-12\"><div class=\"vc_column-inner\"><div class=\"wpb_wrapper\">\n\t<div class=\"wpb_text_column wpb_content_element\">\n\t\t<div class=\"wpb_wrapper\">\n\t\t\t<h4><strong>IMATE PRAVO RE\u0106I NE!<\/strong><\/h4>\n<h4>Ukoliko POZNATA ILI NEPOZNATA OSOBA \u017eeli s vama diskutovati o seksu putem interneta, ili vas moli da joj po\u0161aljete svoje goli\u0161ave ili nepristojne fotografije \u2013 imate pravo re\u0107i NE!<\/h4>\n<h4>Nikako nije u redu da starija osoba (\u010dak i starija osoba koju poznajete) razgovara s djetetom na na\u010din koji aludira na seks ili na slanje goli\u0161avih ili nepristojnih fotografija.<\/h4>\n<h4>Nije u redu da bilo ko (\u010dak i va\u0161 momak ili djevojka) inzistira da mu\/JOJ po\u0161aljete svoje goli\u0161ave ili nepristojne fotografije. Ukoliko se to desi, vi mo\u017eete:<\/h4>\n<h4>\u22c5 Re\u0107i ne<br>\n\u22c5 Odbiti zahtjev za prijateljstvo NA DRU\u0160TVENIM MRE\u017dAMA<br>\n\u22c5 Blokirati bilo koga KO VAM IZAZIVA osje\u0107aj nelagode ili nesigurnosti<br>\n\u22c5 Prijaviti pona\u0161anje osobe, UZ PO\u017dELJAN SNIMAK ekranA NA KOJEM SE NALAZI PORUKA<br>\n\u22c5 Razgovarati s nekim kome vjerujete, poput roditelja, skrbnika, prijatelja ili u\u010ditelja<\/h4>\n\n\t\t<\/div>\n\t<\/div>\n<\/div><\/div><\/div><\/div><\/div>\n<div class=\"fullwidth\"><div class=\"vc_row wpb_row vc_row-fluid\"><div class=\"wpb_column vc_column_container vc_col-sm-12\"><div class=\"vc_column-inner\"><div class=\"wpb_wrapper\"><div class=\"vc_empty_space\" style=\"height: 32px\"><span class=\"vc_empty_space_inner\"><\/span><\/div><\/div><\/div><\/div><\/div><\/div>","protected":false},"excerpt":{"rendered":"IMATE PRAVO RE\u0106I NE! Ukoliko POZNATA ILI NEPOZNATA OSOBA \u017eeli s vama diskutovati o seksu putem interneta, ili vas moli da joj po\u0161aljete svoje goli\u0161ave ili nepristojne fotografije - imate pravo re\u0107i NE! Nikako nije u redu da starija osoba (\u010dak i starija osoba koju poznajete) razgovara s djetetom na na\u010din koji aludira na seks [...]","protected":false},"author":1,"featured_media":0,"parent":0,"menu_order":0,"comment_status":"closed","ping_status":"closed","template":"","meta":{"footnotes":""},"class_list":["post-8215","page","type-page","status-publish","hentry"],"_links":{"self":[{"href":"https:\/\/zona.ba\/bs\/wp-json\/wp\/v2\/pages\/8215","targetHints":{"allow":["GET"]}}],"collection":[{"href":"https:\/\/zona.ba\/bs\/wp-json\/wp\/v2\/pages"}],"about":[{"href":"https:\/\/zona.ba\/bs\/wp-json\/wp\/v2\/types\/page"}],"author":[{"embeddable":true,"href":"https:\/\/zona.ba\/bs\/wp-json\/wp\/v2\/users\/1"}],"replies":[{"embeddable":true,"href":"https:\/\/zona.ba\/bs\/wp-json\/wp\/v2\/comments?post=8215"}],"version-history":[{"count":5,"href":"https:\/\/zona.ba\/bs\/wp-json\/wp\/v2\/pages\/8215\/revisions"}],"predecessor-version":[{"id":8220,"href":"https:\/\/zona.ba\/bs\/wp-json\/wp\/v2\/pages\/8215\/revisions\/8220"}],"wp:attachment":[{"href":"https:\/\/zona.ba\/bs\/wp-json\/wp\/v2\/media?parent=8215"}],"curies":[{"name":"wp","href":"https:\/\/api.w.org\/{rel}","templated":true}]}}