{"id":8144,"date":"2021-11-12T10:43:56","date_gmt":"2021-11-12T10:43:56","guid":{"rendered":"https:\/\/zona.ba\/?page_id=8144"},"modified":"2021-11-12T18:33:19","modified_gmt":"2021-11-12T18:33:19","slug":"sta-su-licni-podaci-i-kako-ih-zastititi","status":"publish","type":"page","link":"https:\/\/zona.ba\/bs\/sta-su-licni-podaci-i-kako-ih-zastititi\/","title":{"rendered":"\u0160ta su li\u010dni podaci i kako ih za\u0161tititi?"},"content":{"rendered":"<div class=\"fullwidth\"><div class=\"vc_row wpb_row vc_row-fluid\"><div class=\"wpb_column vc_column_container vc_col-sm-12\"><div class=\"vc_column-inner\"><div class=\"wpb_wrapper\">\n\t<div class=\"wpb_text_column wpb_content_element\">\n\t\t<div class=\"wpb_wrapper\">\n\t\t\t<h4 class=\"Normal\">Svaka osoba ima pravo i obavezu za\u0161tititi svoje li\u010dne (osobne) podatke i ne otkrivati svoj identitet osobama na internetu. Li\u010dni (osobni) podaci su svi podaci koji su unikatno va\u0161i i koji mogu pomo\u0107i da se otkrije va\u0161 identitet.<br>\n<span style=\"letter-spacing: 0.05em;\">Ti podaci izme\u0111u ostalog uklju\u010duju:<\/span>\n<\/h4>\n<h4>\n<span style=\"letter-spacing: 0.05em;\">\u22c5 va\u0161e ime i prezime<br>\n<\/span><span style=\"letter-spacing: 0.05em;\">\u22c5 va\u0161 datum i mjesto ro\u0111enja<br>\n<\/span><span style=\"letter-spacing: 0.05em;\">\u22c5 va\u0161 pol<br>\n<\/span><span style=\"letter-spacing: 0.05em;\">\u22c5 va\u0161e seksualno opredijeljenje<br>\n<\/span><span style=\"letter-spacing: 0.05em;\">\u22c5 privatne veze<br>\n<\/span><span style=\"letter-spacing: 0.05em;\">\u22c5 invaliditet (ukoliko ga imate)<br>\n<\/span><span style=\"letter-spacing: 0.05em;\">\u22c5 broj telefona<br>\n<\/span><span style=\"letter-spacing: 0.05em;\">\u22c5 e-mail i ku\u0107nu adresu<br>\n<\/span><span style=\"letter-spacing: 0.05em;\">\u22c5 ime \u0161kole koju poha\u0111ate<br>\n<\/span><span style=\"letter-spacing: 0.05em;\">\u22c5 va\u0161e bankovne podatke<br>\n<\/span><span style=\"letter-spacing: 0.05em;\">\u22c5 va\u0161e \u0161ifre<\/span>\n<\/h4>\n<h4 class=\"Normal\">Slijedite ove jednostavne savjete kako bi za\u0161titili svoje li\u010dne podatke:<\/h4>\n<h4>\u22c5 neka va\u0161i profili na dru\u0161tvenim mre\u017eama budu privatni<br>\n<span style=\"letter-spacing: 0.05em;\">\u22c5 koristite nadimak umjesto pravog imena<br>\n<\/span><span style=\"letter-spacing: 0.05em;\">\u22c5 dobro razmislite prije dijeljenja sadr\u017eaja<br>\n<\/span><span style=\"letter-spacing: 0.05em;\">\u22c5 ne koristite jednu \u0161ifru za vi\u0161e servisa i uvijek sve \u0161ifre dr\u017eite tajnim<br>\n<\/span><span style=\"letter-spacing: 0.05em;\">\u22c5 koristite antivirusni softver<br>\n<\/span><span style=\"letter-spacing: 0.05em;\">\u22c5 razmislite prije nego \u0161to prihvatite kola\u010di\u0107e<br>\n<\/span><span style=\"letter-spacing: 0.05em;\">\u22c5 koristite anonimno pretra\u017eivanje<br>\n<\/span><span style=\"letter-spacing: 0.05em;\">\u22c5 odjavite se sa svoga profila kada ga ne koristite<br>\n<\/span><span style=\"letter-spacing: 0.05em;\">\u22c5 izbjegavajte prijavljivanje na druge aplikacije profilom sa dru\u0161tvenih mre\u017ea<\/span>\n<\/h4>\n\n\t\t<\/div>\n\t<\/div>\n<\/div><\/div><\/div><\/div><\/div>\n<div class=\"fullwidth\"><div class=\"vc_row wpb_row vc_row-fluid\"><div class=\"wpb_column vc_column_container vc_col-sm-12\"><div class=\"vc_column-inner\"><div class=\"wpb_wrapper\"><div class=\"vc_empty_space\" style=\"height: 32px\"><span class=\"vc_empty_space_inner\"><\/span><\/div><\/div><\/div><\/div><\/div><\/div>","protected":false},"excerpt":{"rendered":"Svaka osoba ima pravo i obavezu za\u0161tititi svoje li\u010dne (osobne) podatke i ne otkrivati svoj identitet osobama na internetu. Li\u010dni (osobni) podaci su svi podaci koji su unikatno va\u0161i i koji mogu pomo\u0107i da se otkrije va\u0161 identitet. Ti podaci izme\u0111u ostalog uklju\u010duju: \u22c5 va\u0161e ime i prezime \u22c5 va\u0161 datum i mjesto ro\u0111enja \u22c5 [...]","protected":false},"author":1,"featured_media":0,"parent":0,"menu_order":0,"comment_status":"closed","ping_status":"closed","template":"","meta":{"footnotes":""},"class_list":["post-8144","page","type-page","status-publish","hentry"],"_links":{"self":[{"href":"https:\/\/zona.ba\/bs\/wp-json\/wp\/v2\/pages\/8144","targetHints":{"allow":["GET"]}}],"collection":[{"href":"https:\/\/zona.ba\/bs\/wp-json\/wp\/v2\/pages"}],"about":[{"href":"https:\/\/zona.ba\/bs\/wp-json\/wp\/v2\/types\/page"}],"author":[{"embeddable":true,"href":"https:\/\/zona.ba\/bs\/wp-json\/wp\/v2\/users\/1"}],"replies":[{"embeddable":true,"href":"https:\/\/zona.ba\/bs\/wp-json\/wp\/v2\/comments?post=8144"}],"version-history":[{"count":14,"href":"https:\/\/zona.ba\/bs\/wp-json\/wp\/v2\/pages\/8144\/revisions"}],"predecessor-version":[{"id":8231,"href":"https:\/\/zona.ba\/bs\/wp-json\/wp\/v2\/pages\/8144\/revisions\/8231"}],"wp:attachment":[{"href":"https:\/\/zona.ba\/bs\/wp-json\/wp\/v2\/media?parent=8144"}],"curies":[{"name":"wp","href":"https:\/\/api.w.org\/{rel}","templated":true}]}}