{"id":8136,"date":"2021-11-12T17:35:03","date_gmt":"2021-11-12T17:35:03","guid":{"rendered":"https:\/\/zona.ba\/?page_id=8136"},"modified":"2021-11-12T19:07:03","modified_gmt":"2021-11-12T19:07:03","slug":"sigurnost-djece","status":"publish","type":"page","link":"https:\/\/zona.ba\/bs\/sigurnost-djece\/","title":{"rendered":"Sigurnost djece na internetu"},"content":{"rendered":"<div class=\"fullwidth\"><div class=\"vc_row wpb_row vc_row-fluid\"><div class=\"wpb_column vc_column_container vc_col-sm-12\"><div class=\"vc_column-inner\"><div class=\"wpb_wrapper\">\n\t<div class=\"wpb_text_column wpb_content_element  wpb_animate_when_almost_visible wpb_fadeIn fadeIn\">\n\t\t<div class=\"wpb_wrapper\">\n\t\t\t<h4 style=\"text-align: center;\"><span style=\"letter-spacing: 0.05em;\">Dobrodo\u0161li na <strong>Zonin mini-portal o sigurnosti djece na internetu<\/strong>. Internet je uzbudljivo, nepregledno more kojim plovimo svakodnevno, <strong>komuniciramo<\/strong> sa prijateljima i porodicom, <strong>educiramo<\/strong> se o idejama koje volimo i <strong>upoznajemo<\/strong> nove kulture i osobe. Ne zaboravimo i ono najva\u017enije \u2013 igramo videoigre!<\/span><\/h4>\n<h4 style=\"text-align: center;\"><span style=\"letter-spacing: 0.05em;\">No <strong>nisu sve osobe na internetu dobronamjerne<\/strong> niti su svi sadr\u017eaji namijenjeni djeci.<\/span><\/h4>\n<h4 style=\"text-align: center;\">ovo su neke od <strong>osnovnih smjernica ZA podizanje razine sigurnosti djece<\/strong> na internetu.<\/h4>\n\n\t\t<\/div>\n\t<\/div>\n<div class=\"vc_empty_space\" style=\"height: 32px\"><span class=\"vc_empty_space_inner\"><\/span><\/div>\n<\/div><\/div><\/div><\/div><\/div>\n<div class=\"fullwidth\"><div class=\"vc_row wpb_row vc_row-fluid\"><div class=\"wpb_column vc_column_container vc_col-sm-12\"><div class=\"vc_column-inner\"><div class=\"wpb_wrapper\"><div class=\"vc_empty_space\" style=\"height: 32px\"><span class=\"vc_empty_space_inner\"><\/span><\/div><\/div><\/div><\/div><\/div><\/div>\n<div class=\"fullwidth\"><div class=\"vc_row wpb_row vc_row-fluid\">\n<div class=\"wpb_column vc_column_container vc_col-sm-4\"><div class=\"vc_column-inner\"><div class=\"wpb_wrapper\"><div class=\"vc-hoverbox-wrapper  vc-hoverbox-shape--rounded vc-hoverbox-align--center vc-hoverbox-direction--default vc-hoverbox-width--100\" ontouchstart=\"\">\n  <div class=\"vc-hoverbox\">\n    <div class=\"vc-hoverbox-inner\">\n      <div class=\"vc-hoverbox-block vc-hoverbox-front\" style=\"background-image: url(https:\/\/zona.ba\/wp-content\/uploads\/licni_podaci_2-1024x683.jpeg);\">\n        <div class=\"vc-hoverbox-block-inner vc-hoverbox-front-inner\">\n            <h2 style=\"color: #7cc242;text-align: left\" class=\"vc_custom_heading\">\u0160ta su li\u010dni podaci i kako ih za\u0161tititi?<\/h2>\n        <\/div>\n      <\/div>\n      <div class=\"vc-hoverbox-block vc-hoverbox-back\" style=\"background-color: #7cc242;\">\n        <div class=\"vc-hoverbox-block-inner vc-hoverbox-back-inner\">\n            <h2 style=\"text-align:left\">\u0160ta su li\u010dni podaci i kako ih za\u0161tititi?<\/h2>\n            <h4 style=\"text-align: left;\">Nau\u010dimo zajedno \u0161ta su li\u010dni podaci, za\u0161to i kako ih trebamo za\u0161tititi<\/h4>\n\n            <div class=\"vc_btn3-container vc_btn3-left\"><a class=\"vc_general vc_btn3 vc_btn3-size-md vc_btn3-shape-rounded vc_btn3-style-3d vc_btn3-color-grey\" href=\"https:\/\/zona.ba\/bs\/sta-su-licni-podaci-i-kako-ih-zastititi\/\" title=\"\" target=\"_blank\">SAZNAJ VI\u0160E<\/a><\/div>\n        <\/div>\n      <\/div>\n    <\/div>\n  <\/div>\n<\/div><\/div><\/div><\/div>\n<div class=\"wpb_column vc_column_container vc_col-sm-4\"><div class=\"vc_column-inner\"><div class=\"wpb_wrapper\"><div class=\"vc-hoverbox-wrapper  vc-hoverbox-shape--rounded vc-hoverbox-align--center vc-hoverbox-direction--default vc-hoverbox-width--100\" ontouchstart=\"\">\n  <div class=\"vc-hoverbox\">\n    <div class=\"vc-hoverbox-inner\">\n      <div class=\"vc-hoverbox-block vc-hoverbox-front\" style=\"background-image: url(https:\/\/zona.ba\/wp-content\/uploads\/seksualno_zlostavljanje-1024x683.jpeg);\">\n        <div class=\"vc-hoverbox-block-inner vc-hoverbox-front-inner\">\n            <h2 style=\"color: #7cc242;text-align: left\" class=\"vc_custom_heading\">Za\u0161tita od seksualnog iskori\u0161tavanja<\/h2>\n        <\/div>\n      <\/div>\n      <div class=\"vc-hoverbox-block vc-hoverbox-back\" style=\"background-color: #7cc242;\">\n        <div class=\"vc-hoverbox-block-inner vc-hoverbox-back-inner\">\n            <h2 style=\"text-align:left\">Za\u0161tita od seksualnog iskori\u0161tavanja<\/h2>\n            <h4 style=\"text-align: left;\">Za\u0161titite se od seksualnog zlostavljanja i uznemiravanja u cyber prostoru<\/h4>\n\n            <div class=\"vc_btn3-container vc_btn3-left\"><a class=\"vc_general vc_btn3 vc_btn3-size-md vc_btn3-shape-rounded vc_btn3-style-3d vc_btn3-color-grey\" href=\"https:\/\/zona.ba\/bs\/zastita-od-seksualnog-iskoristavanja\/\" title=\"\" target=\"_blank\">SAZNAJ VI\u0160E<\/a><\/div>\n        <\/div>\n      <\/div>\n    <\/div>\n  <\/div>\n<\/div><\/div><\/div><\/div>\n<div class=\"wpb_column vc_column_container vc_col-sm-4\"><div class=\"vc_column-inner\"><div class=\"wpb_wrapper\"><div class=\"vc-hoverbox-wrapper  vc-hoverbox-shape--rounded vc-hoverbox-align--center vc-hoverbox-direction--default vc-hoverbox-width--100\" ontouchstart=\"\">\n  <div class=\"vc-hoverbox\">\n    <div class=\"vc-hoverbox-inner\">\n      <div class=\"vc-hoverbox-block vc-hoverbox-front\" style=\"background-image: url(https:\/\/zona.ba\/wp-content\/uploads\/cyberbullying_cyber_maltretiranje-1024x683.jpeg);\">\n        <div class=\"vc-hoverbox-block-inner vc-hoverbox-front-inner\">\n            <h2 style=\"color: #7dc242;text-align: left\" class=\"vc_custom_heading\">\u0160ta je cyberbullying?<\/h2>\n        <\/div>\n      <\/div>\n      <div class=\"vc-hoverbox-block vc-hoverbox-back\" style=\"background-color: #7cc242;\">\n        <div class=\"vc-hoverbox-block-inner vc-hoverbox-back-inner\">\n            <h2 style=\"text-align:left\">\u0160ta je cyberbullying?<\/h2>\n            <h4 style=\"text-align: left;\">MALTRETIRANJE NIKADA NIJE OK, PA NI U CYBER PROSTORU. NAU\u010cITE KAKO SE ZA\u0160TITITI<\/h4>\n\n            <div class=\"vc_btn3-container vc_btn3-left\"><a class=\"vc_general vc_btn3 vc_btn3-size-md vc_btn3-shape-rounded vc_btn3-style-3d vc_btn3-color-grey\" href=\"https:\/\/zona.ba\/bs\/sta-je-cyberbullying\/\" title=\"\" target=\"_blank\">SAZNAJ VI\u0160E<\/a><\/div>\n        <\/div>\n      <\/div>\n    <\/div>\n  <\/div>\n<\/div><\/div><\/div><\/div>\n<\/div><\/div>\n<div class=\"fullwidth\"><div class=\"vc_row wpb_row vc_row-fluid\"><div class=\"wpb_column vc_column_container vc_col-sm-12\"><div class=\"vc_column-inner\"><div class=\"wpb_wrapper\"><div class=\"vc_empty_space\" style=\"height: 32px\"><span class=\"vc_empty_space_inner\"><\/span><\/div><\/div><\/div><\/div><\/div><\/div>\n<div class=\"fullwidth\"><div class=\"vc_row wpb_row vc_row-fluid\">\n<div class=\"wpb_column vc_column_container vc_col-sm-4\"><div class=\"vc_column-inner\"><div class=\"wpb_wrapper\"><div class=\"vc-hoverbox-wrapper  vc-hoverbox-shape--rounded vc-hoverbox-align--center vc-hoverbox-direction--default vc-hoverbox-width--100\" ontouchstart=\"\">\n  <div class=\"vc-hoverbox\">\n    <div class=\"vc-hoverbox-inner\">\n      <div class=\"vc-hoverbox-block vc-hoverbox-front\" style=\"background-image: url(https:\/\/zona.ba\/wp-content\/uploads\/vrijeme_online-1024x683.jpeg);\">\n        <div class=\"vc-hoverbox-block-inner vc-hoverbox-front-inner\">\n            <h2 style=\"color: #7cc242;text-align: left\" class=\"vc_custom_heading\">Koliko vremena provodite ispred ekrana?<\/h2>\n        <\/div>\n      <\/div>\n      <div class=\"vc-hoverbox-block vc-hoverbox-back\" style=\"background-color: #7cc242;\">\n        <div class=\"vc-hoverbox-block-inner vc-hoverbox-back-inner\">\n            <h2 style=\"text-align:left\">Koliko vremena provodite ispred ekrana?<\/h2>\n            <h4 style=\"text-align: left;\">VRIJEME UTRO\u0160ENO ISPRED EKRANA NIJE UVIJEK UTRO\u0160ENO KORISNO<\/h4>\n\n            <div class=\"vc_btn3-container vc_btn3-left\"><a class=\"vc_general vc_btn3 vc_btn3-size-md vc_btn3-shape-rounded vc_btn3-style-3d vc_btn3-color-grey\" href=\"https:\/\/zona.ba\/bs\/koliko-vremena-provodite-ispred-ekrana\/\" title=\"Koliko vremena provodite ispred ekrana?\" target=\"_blank\">SAZNAJ VI\u0160E<\/a><\/div>\n        <\/div>\n      <\/div>\n    <\/div>\n  <\/div>\n<\/div><\/div><\/div><\/div>\n<div class=\"wpb_column vc_column_container vc_col-sm-4\"><div class=\"vc_column-inner\"><div class=\"wpb_wrapper\"><div class=\"vc-hoverbox-wrapper  vc-hoverbox-shape--rounded vc-hoverbox-align--center vc-hoverbox-direction--default vc-hoverbox-width--100\" ontouchstart=\"\">\n  <div class=\"vc-hoverbox\">\n    <div class=\"vc-hoverbox-inner\">\n      <div class=\"vc-hoverbox-block vc-hoverbox-front\" style=\"background-image: url(https:\/\/zona.ba\/wp-content\/uploads\/online_sastanci-1024x683.jpeg);\">\n        <div class=\"vc-hoverbox-block-inner vc-hoverbox-front-inner\">\n            <h2 style=\"color: #7cc242;text-align: left\" class=\"vc_custom_heading\">Kako sigurno upoznati online prijatelje?<\/h2>\n        <\/div>\n      <\/div>\n      <div class=\"vc-hoverbox-block vc-hoverbox-back\" style=\"background-color: #7cc242;\">\n        <div class=\"vc-hoverbox-block-inner vc-hoverbox-back-inner\">\n            <h2 style=\"text-align:left\">Kako sigurno upoznati online prijatelje?<\/h2>\n            <h4 style=\"text-align: left;\">Upoznavanje online kontakata u\u017eivo nosi odre\u0111ene rizike. Kako se za\u0161tititi?<\/h4>\n\n            <div class=\"vc_btn3-container vc_btn3-left\"><a class=\"vc_general vc_btn3 vc_btn3-size-md vc_btn3-shape-rounded vc_btn3-style-3d vc_btn3-color-grey\" href=\"https:\/\/zona.ba\/bs\/kako-sigurno-upoznati-online-prijatelje\/\" title=\"Kako sigurno upoznati online prijatelje?\" target=\"_blank\">SAZNAJ VI\u0160E<\/a><\/div>\n        <\/div>\n      <\/div>\n    <\/div>\n  <\/div>\n<\/div><\/div><\/div><\/div>\n<div class=\"wpb_column vc_column_container vc_col-sm-4\"><div class=\"vc_column-inner\"><div class=\"wpb_wrapper\"><div class=\"vc-hoverbox-wrapper  vc-hoverbox-shape--rounded vc-hoverbox-align--center vc-hoverbox-direction--default vc-hoverbox-width--100\" ontouchstart=\"\">\n  <div class=\"vc-hoverbox\">\n    <div class=\"vc-hoverbox-inner\">\n      <div class=\"vc-hoverbox-block vc-hoverbox-front\" style=\"background-image: url(https:\/\/zona.ba\/wp-content\/uploads\/neugodan_sadrzaj-1024x683.jpeg);\">\n        <div class=\"vc-hoverbox-block-inner vc-hoverbox-front-inner\">\n            <h2 style=\"color: #7cc242;text-align: left\" class=\"vc_custom_heading\">Za\u0161tita od neprimjerenog sadr\u017eaja<\/h2>\n        <\/div>\n      <\/div>\n      <div class=\"vc-hoverbox-block vc-hoverbox-back\" style=\"background-color: #7cc242;\">\n        <div class=\"vc-hoverbox-block-inner vc-hoverbox-back-inner\">\n            <h2 style=\"text-align:left\">Za\u0161tita od neprimjerenog sadr\u017eaja<\/h2>\n            <h4 style=\"text-align: left;\">neprimjereni sadr\u017eaj vas mo\u017ee \u0161okirati, uvrijediti i rastu\u017eiti. Saznajte kako to sprije\u010diti<\/h4>\n\n            <div class=\"vc_btn3-container vc_btn3-left\"><a class=\"vc_general vc_btn3 vc_btn3-size-md vc_btn3-shape-rounded vc_btn3-style-3d vc_btn3-color-grey\" href=\"https:\/\/zona.ba\/bs\/zastita-od-neprimjerenog-sadrzaja\/\" title=\"Za\u0161tita od neprimjerenog sadr\u017eaja\" target=\"_blank\">SAZNAJ VI\u0160E<\/a><\/div>\n        <\/div>\n      <\/div>\n    <\/div>\n  <\/div>\n<\/div><\/div><\/div><\/div>\n<\/div><\/div>\n<div class=\"fullwidth\"><div class=\"vc_row wpb_row vc_row-fluid\"><div class=\"wpb_column vc_column_container vc_col-sm-12\"><div class=\"vc_column-inner\"><div class=\"wpb_wrapper\"><div class=\"vc_empty_space\" style=\"height: 32px\"><span class=\"vc_empty_space_inner\"><\/span><\/div><\/div><\/div><\/div><\/div><\/div>\n<div class=\"fullwidth\"><div class=\"vc_row wpb_row vc_row-fluid\">\n<div class=\"wpb_column vc_column_container vc_col-sm-6\"><div class=\"vc_column-inner\"><div class=\"wpb_wrapper\">\n\t<div class=\"wpb_text_column wpb_content_element  wpb_animate_when_almost_visible wpb_fadeIn fadeIn\">\n\t\t<div class=\"wpb_wrapper\">\n\t\t\t<h4 style=\"text-align: left;\">\n<strong>Konvencija o pravima djeteta<\/strong> ujedinjenih nacija je va\u017ean dokument koji \u0161titi djecu \u0161irom svijeta, uklju\u010duju\u0107i i djecu koja \u017eive u bosni i hercegovini. ovaj dokument je jasan \u2013\u00a0 za svako dijete, sva prava.<\/h4>\n<h4>Kliknite na sliku desno i upoznajte se sa dje\u010dijim pravima!<\/h4>\n\n\t\t<\/div>\n\t<\/div>\n<\/div><\/div><\/div>\n<div class=\"wpb_column vc_column_container vc_col-sm-6\"><div class=\"vc_column-inner\"><div class=\"wpb_wrapper\">\n\t<div class=\"wpb_single_image wpb_content_element vc_align_center  wpb_animate_when_almost_visible wpb_fadeIn fadeIn\">\n\t\t\n\t\t<figure class=\"wpb_wrapper vc_figure\">\n\t\t\t<a href=\"https:\/\/www.unicef.org\/bih\/konvencija-o-pravima-djeteta\" target=\"_blank\" class=\"vc_single_image-wrapper   vc_box_border_grey\"><img loading=\"lazy\" decoding=\"async\" width=\"590\" height=\"424\" src=\"https:\/\/zona.ba\/wp-content\/uploads\/konvencija-o-pravima-djeteta.jpg\" class=\"vc_single_image-img attachment-full\" alt=\"konvencija o pravima djeteta sigurnost djece na internetu Sigurnost djece na internetu konvencija o pravima djeteta\" srcset=\"https:\/\/zona.ba\/wp-content\/uploads\/konvencija-o-pravima-djeteta.jpg 590w, https:\/\/zona.ba\/wp-content\/uploads\/konvencija-o-pravima-djeteta-300x216.jpg 300w, https:\/\/zona.ba\/wp-content\/uploads\/konvencija-o-pravima-djeteta-18x12.jpg 18w, https:\/\/zona.ba\/wp-content\/uploads\/konvencija-o-pravima-djeteta-500x359.jpg 500w, https:\/\/zona.ba\/wp-content\/uploads\/konvencija-o-pravima-djeteta-470x338.jpg 470w\" sizes=\"auto, (max-width: 590px) 100vw, 590px\" title=\"konvencija-o-pravima-djeteta konvencija-o-pravima-djeteta\"><\/a>\n\t\t<\/figure>\n\t<\/div>\n<\/div><\/div><\/div>\n<\/div><\/div>\n<div class=\"fullwidth\"><div class=\"vc_row wpb_row vc_row-fluid\"><div class=\"wpb_column vc_column_container vc_col-sm-12\"><div class=\"vc_column-inner\"><div class=\"wpb_wrapper\"><div class=\"vc_empty_space\" style=\"height: 32px\"><span class=\"vc_empty_space_inner\"><\/span><\/div><\/div><\/div><\/div><\/div><\/div>","protected":false},"excerpt":{"rendered":"Dobrodo\u0161li na Zonin mini-portal o sigurnosti djece na internetu. Internet je uzbudljivo, nepregledno more kojim plovimo svakodnevno, komuniciramo sa prijateljima i porodicom, educiramo se o idejama koje volimo i upoznajemo nove kulture i osobe. Ne zaboravimo i ono najva\u017enije - igramo videoigre! No nisu sve osobe na internetu dobronamjerne niti su svi sadr\u017eaji namijenjeni djeci. [...]","protected":false},"author":1,"featured_media":0,"parent":0,"menu_order":0,"comment_status":"closed","ping_status":"closed","template":"","meta":{"footnotes":""},"class_list":["post-8136","page","type-page","status-publish","hentry"],"_links":{"self":[{"href":"https:\/\/zona.ba\/bs\/wp-json\/wp\/v2\/pages\/8136","targetHints":{"allow":["GET"]}}],"collection":[{"href":"https:\/\/zona.ba\/bs\/wp-json\/wp\/v2\/pages"}],"about":[{"href":"https:\/\/zona.ba\/bs\/wp-json\/wp\/v2\/types\/page"}],"author":[{"embeddable":true,"href":"https:\/\/zona.ba\/bs\/wp-json\/wp\/v2\/users\/1"}],"replies":[{"embeddable":true,"href":"https:\/\/zona.ba\/bs\/wp-json\/wp\/v2\/comments?post=8136"}],"version-history":[{"count":53,"href":"https:\/\/zona.ba\/bs\/wp-json\/wp\/v2\/pages\/8136\/revisions"}],"predecessor-version":[{"id":8240,"href":"https:\/\/zona.ba\/bs\/wp-json\/wp\/v2\/pages\/8136\/revisions\/8240"}],"wp:attachment":[{"href":"https:\/\/zona.ba\/bs\/wp-json\/wp\/v2\/media?parent=8136"}],"curies":[{"name":"wp","href":"https:\/\/api.w.org\/{rel}","templated":true}]}}