{"id":5206,"date":"2019-02-20T13:16:07","date_gmt":"2019-02-20T13:16:07","guid":{"rendered":"https:\/\/test.villachristian-krk.com\/?page_id=5206"},"modified":"2026-01-26T11:18:44","modified_gmt":"2026-01-26T11:18:44","slug":"opsti-dokumenti","status":"publish","type":"page","link":"https:\/\/zona.ba\/bs\/opsti-dokumenti\/","title":{"rendered":"Op\u0161ti dokumenti"},"content":{"rendered":"<div class=\"fullwidth\"><div class=\"vc_row wpb_row vc_row-fluid\"><div class=\"wpb_column vc_column_container vc_col-sm-12\"><div class=\"vc_column-inner\"><div class=\"wpb_wrapper\">\n\t<div class=\"wpb_text_column wpb_content_element\">\n\t\t<div class=\"wpb_wrapper\">\n\t\t\t<h4 style=\"text-align: center;\"><em><strong><u>OP\u0160TI DOKUMENTI<br>\n<\/u><\/strong><\/em><\/h4>\n\n\t\t<\/div>\n\t<\/div>\n<div class=\"vc_empty_space\" style=\"height: 32px\"><span class=\"vc_empty_space_inner\"><\/span><\/div>\n\t<div class=\"wpb_text_column wpb_content_element\">\n\t\t<div class=\"wpb_wrapper\">\n\t\t\t<p style=\"text-align: center;\"><strong>Na ovoj stranici nalaze se Op\u0161ti dokumenti poslovanja firme Zona Telekomunikacije,\u00a0<\/strong><strong><br>\na na dispoziciji su vam i Posebni uslovi, Info uputstva i Cjenovnik svih na\u0161ih usluga.<br>\n<\/strong><\/p>\n\n\t\t<\/div>\n\t<\/div>\n<div class=\"vc_empty_space\" style=\"height: 32px\"><span class=\"vc_empty_space_inner\"><\/span><\/div>\n<div class=\"vc_empty_space\" style=\"height: 32px\"><span class=\"vc_empty_space_inner\"><\/span><\/div>\n<\/div><\/div><\/div><\/div><\/div>\n<div class=\"container\"><div class=\"vc_row wpb_row vc_row-fluid\"><div class=\"wpb_column vc_column_container vc_col-sm-12\"><div class=\"vc_column-inner\"><div class=\"wpb_wrapper\">\n<div class=\"vc_empty_space\" style=\"height: 64px\"><span class=\"vc_empty_space_inner\"><\/span><\/div>\n\t<div class=\"wpb_text_column wpb_content_element\">\n\t\t<div class=\"wpb_wrapper\">\n\t\t\t<h4><strong>Op\u0161ti uslovi<br>\n<\/strong><\/h4>\n<ul class=\"imgli\">\n<li><a href=\"https:\/\/zona.ba\/wp-content\/uploads\/01_Opsti_uslovi_poslovanja_2026.pdf\" target=\"_blank\" rel=\"noopener noreferrer\">Op\u0161ti Uslovi Poslovanja<\/a><\/li>\n<\/ul>\n\n\t\t<\/div>\n\t<\/div>\n<div class=\"vc_empty_space\" style=\"height: 64px\"><span class=\"vc_empty_space_inner\"><\/span><\/div>\n<div class=\"vc_separator wpb_content_element vc_separator_align_center vc_sep_width_100 vc_sep_pos_align_center vc_separator_no_text vc_sep_color_green  wpb_animate_when_almost_visible wpb_fadeInLeft fadeInLeft wpb_animate_when_almost_visible wpb_fadeInLeft fadeInLeft\">\n<span class=\"vc_sep_holder vc_sep_holder_l\"><span class=\"vc_sep_line\"><\/span><\/span><span class=\"vc_sep_holder vc_sep_holder_r\"><span class=\"vc_sep_line\"><\/span><\/span>\n<\/div>\n<div class=\"vc_empty_space\" style=\"height: 64px\"><span class=\"vc_empty_space_inner\"><\/span><\/div>\n<\/div><\/div><\/div><\/div><\/div>\n<div class=\"container\"><div class=\"vc_row wpb_row vc_row-fluid\"><div class=\"wpb_column vc_column_container vc_col-sm-12\"><div class=\"vc_column-inner\"><div class=\"wpb_wrapper\">\n\t<div class=\"wpb_text_column wpb_content_element\">\n\t\t<div class=\"wpb_wrapper\">\n\t\t\t<h4><em><strong><u>Multiplex d<\/u><\/strong><\/em><\/h4>\n<ul class=\"imgli\">\n<li><a href=\"https:\/\/zona.ba\/wp-content\/uploads\/Ugovor-o-koristenju-usluge-MUX-D.pdf\" target=\"_blank\" rel=\"noopener\">UGOVOR o kori\u0161tenju usluga digitalne zemaljske radiodifuzije<\/a><\/li>\n<li><a href=\"https:\/\/zona.ba\/wp-content\/uploads\/ZAHTJEV-ZA-USPOSTAVLJANJE-USLUGE.docx\" target=\"_blank\" rel=\"noopener\">ZAHTJEV ZA USPOSTAVLJANJE USLUGE<\/a><\/li>\n<\/ul>\n\n\t\t<\/div>\n\t<\/div>\n<div class=\"vc_empty_space\" style=\"height: 64px\"><span class=\"vc_empty_space_inner\"><\/span><\/div>\n<div class=\"vc_separator wpb_content_element vc_separator_align_center vc_sep_width_100 vc_sep_pos_align_center vc_separator_no_text vc_sep_color_green  wpb_animate_when_almost_visible wpb_fadeInLeft fadeInLeft wpb_animate_when_almost_visible wpb_fadeInLeft fadeInLeft\">\n<span class=\"vc_sep_holder vc_sep_holder_l\"><span class=\"vc_sep_line\"><\/span><\/span><span class=\"vc_sep_holder vc_sep_holder_r\"><span class=\"vc_sep_line\"><\/span><\/span>\n<\/div>\n<div class=\"vc_empty_space\" style=\"height: 64px\"><span class=\"vc_empty_space_inner\"><\/span><\/div>\n<\/div><\/div><\/div><\/div><\/div>\n<div class=\"container\"><div class=\"vc_row wpb_row vc_row-fluid\"><div class=\"wpb_column vc_column_container vc_col-sm-12\"><div class=\"vc_column-inner\"><div class=\"wpb_wrapper\">\n\t<div class=\"wpb_text_column wpb_content_element\">\n\t\t<div class=\"wpb_wrapper\">\n\t\t\t<h4><em><strong><u>Posebni uslovi<\/u><\/strong><\/em><\/h4>\n<ul class=\"imgli\">\n<li><a href=\"https:\/\/zona.ba\/wp-content\/uploads\/02_posebni_uslovi_biznis_paketi-1.pdf\">Posebni uslovi \u2013 BIZNIS paketi<\/a><\/li>\n<li><a href=\"https:\/\/zona.ba\/wp-content\/uploads\/06_ZONA_posebni-uslovi-extra-paketi.pdf\">Posebni uslovi \u2013 EXTRA paketi<\/a><\/li>\n<li><a href=\"https:\/\/zona.ba\/wp-content\/uploads\/03_posebni_uslovi_mobilna-telefonija.pdf\">Posebni uslovi \u2013 MOBILNA telefonija<\/a><\/li>\n<li><a href=\"https:\/\/zona.ba\/wp-content\/uploads\/04_posebni_uslovi_mobilni-internet.pdf\">Posebni uslovi \u2013 Mobilni INTERNET<\/a><\/li>\n<li><a href=\"https:\/\/zona.ba\/wp-content\/uploads\/05_posebni_uslovi_VD-UP_paketi.pdf\">Posebni uslovi \u2013 Usluga prenosa Video NADZORA<\/a><\/li>\n<li><a href=\"https:\/\/zona.ba\/wp-content\/uploads\/07_ZONA_posebni-uslovi-VPN.pdf\">Posebni uslovi \u2013 VPN paketi<\/a><\/li>\n<li><a href=\"https:\/\/zona.ba\/wp-content\/uploads\/08_ZONA_posebni_uslovi_profi_paketi.pdf\">Posebni uslovi \u2013 PROFI paketi<\/a><\/li>\n<\/ul>\n\n\t\t<\/div>\n\t<\/div>\n<div class=\"vc_empty_space\" style=\"height: 64px\"><span class=\"vc_empty_space_inner\"><\/span><\/div>\n<div class=\"vc_separator wpb_content_element vc_separator_align_center vc_sep_width_100 vc_sep_pos_align_center vc_separator_no_text vc_sep_color_green  wpb_animate_when_almost_visible wpb_fadeInLeft fadeInLeft wpb_animate_when_almost_visible wpb_fadeInLeft fadeInLeft\">\n<span class=\"vc_sep_holder vc_sep_holder_l\"><span class=\"vc_sep_line\"><\/span><\/span><span class=\"vc_sep_holder vc_sep_holder_r\"><span class=\"vc_sep_line\"><\/span><\/span>\n<\/div>\n<div class=\"vc_empty_space\" style=\"height: 64px\"><span class=\"vc_empty_space_inner\"><\/span><\/div>\n<\/div><\/div><\/div><\/div><\/div>\n<div class=\"container\"><div class=\"vc_row wpb_row vc_row-fluid\"><div class=\"wpb_column vc_column_container vc_col-sm-12\"><div class=\"vc_column-inner\"><div class=\"wpb_wrapper\">\n\t<div class=\"wpb_text_column wpb_content_element\">\n\t\t<div class=\"wpb_wrapper\">\n\t\t\t<h4><em><strong><u>INFO uputstva<\/u><\/strong><\/em><\/h4>\n<ul class=\"imgli\">\n<li><a href=\"https:\/\/zona.ba\/wp-content\/uploads\/ZONA-UPUTSTVO-ZA-PROMJENU-ILI-AZURIRANJE-SIFRE-LOZINKE-PASSWORDA-E-MAIL-KORISNICKOG-NALOGA.pdf\" target=\"_blank\" rel=\"noopener noreferrer\">Uputstvo za promjenu\/a\u017euriranje \u0161ifre-lozinke-passworda email naloga<\/a><\/li>\n<li><a href=\"https:\/\/zona.ba\/wp-content\/uploads\/ZONA-UPUTSTVO-ZA-PODESAVANJE-EMAIL-KLIJENTA.pdf\">Uputstvo za pode\u0161avanje email klijenta<\/a><\/li>\n<li><a href=\"https:\/\/zona.ba\/wp-content\/uploads\/Uputstvo-za-uplatu-mjesecne-naknade.pdf\" target=\"_blank\" rel=\"noopener noreferrer\">Uputstvo za uplatu mjese\u010dne naknade<\/a><\/li>\n<li><a href=\"https:\/\/zona.ba\/wp-content\/uploads\/2019\/10\/Uputstvo_sat_internet.pdf\" target=\"_blank\" rel=\"noopener noreferrer\">Korisni\u010dko uputstvo za Satelitski internet<\/a><\/li>\n<li><a href=\"https:\/\/zona.ba\/wp-content\/uploads\/Roaming-opcije-za-ZONA-korisnike.pdf\">Roaming opcije za ZONA korisnike<\/a><\/li>\n<\/ul>\n\n\t\t<\/div>\n\t<\/div>\n<div class=\"vc_empty_space\" style=\"height: 64px\"><span class=\"vc_empty_space_inner\"><\/span><\/div>\n<div class=\"vc_separator wpb_content_element vc_separator_align_center vc_sep_width_100 vc_sep_pos_align_center vc_separator_no_text vc_sep_color_green  wpb_animate_when_almost_visible wpb_fadeInLeft fadeInLeft wpb_animate_when_almost_visible wpb_fadeInLeft fadeInLeft\">\n<span class=\"vc_sep_holder vc_sep_holder_l\"><span class=\"vc_sep_line\"><\/span><\/span><span class=\"vc_sep_holder vc_sep_holder_r\"><span class=\"vc_sep_line\"><\/span><\/span>\n<\/div>\n<div class=\"vc_empty_space\" style=\"height: 64px\"><span class=\"vc_empty_space_inner\"><\/span><\/div>\n<\/div><\/div><\/div><\/div><\/div>\n<div class=\"container\"><div class=\"vc_row wpb_row vc_row-fluid\"><div class=\"wpb_column vc_column_container vc_col-sm-12\"><div class=\"vc_column-inner\"><div class=\"wpb_wrapper\">\n\t<div class=\"wpb_text_column wpb_content_element\">\n\t\t<div class=\"wpb_wrapper\">\n\t\t\t<h4><strong><u>CJENOVNIK<\/u><\/strong><\/h4>\n<ul class=\"imgli\">\n<li><a href=\"https:\/\/zona.ba\/wp-content\/uploads\/Novi-Cjenovnik-od-01.03.2025.god_.pdf\" target=\"_blank\" rel=\"noopener noreferrer\">Internet privatni korisnici<\/a><\/li>\n<li><a href=\"https:\/\/zona.ba\/wp-content\/uploads\/Internet-za-poslovne-korisnike_2022.pdf\" target=\"_blank\" rel=\"noopener noreferrer\">Internet poslovni korisnici<\/a><\/li>\n<li><a href=\"https:\/\/zona.ba\/wp-content\/uploads\/prenos-video-nadzora_2022.pdf\" target=\"_blank\" rel=\"noopener noreferrer\">Prenos video nadzora<\/a><\/li>\n<li><a href=\"https:\/\/zona.ba\/wp-content\/uploads\/2019\/06\/Roaming-cjenovnik-ZONA.pdf\">Roaming cjenovnik ZONA<\/a><\/li>\n<li><a href=\"https:\/\/zona.ba\/wp-content\/uploads\/Naplata-roaminga-u-Zapadnom-Balkanu-za-ZONA-korisnike.pdf\">Naplata roaminga u Zapadnom Balkanu<\/a><\/li>\n<li><a href=\"https:\/\/zona.ba\/wp-content\/uploads\/2019\/06\/Dokup-mobilnog-interneta-1.pdf\">Dokup mobilnog interneta<\/a><\/li>\n<\/ul>\n\n\t\t<\/div>\n\t<\/div>\n<div class=\"vc_empty_space\" style=\"height: 64px\"><span class=\"vc_empty_space_inner\"><\/span><\/div>\n<\/div><\/div><\/div><\/div><\/div>\n<div class=\"fullwidth\"><div class=\"vc_row wpb_row vc_row-fluid\"><div class=\"wpb_column vc_column_container vc_col-sm-12\"><div class=\"vc_column-inner\"><div class=\"wpb_wrapper\">\n\t<div class=\"wpb_text_column wpb_content_element\">\n\t\t<div class=\"wpb_wrapper\">\n\t\t\t\n\t\t<\/div>\n\t<\/div>\n<\/div><\/div><\/div><\/div><\/div>\n<div class=\"container\"><div class=\"vc_row wpb_row vc_row-fluid margin-bottom-20\"><div class=\"wpb_column vc_column_container vc_col-sm-12\"><div class=\"vc_column-inner\"><div class=\"wpb_wrapper\">            <div class=\"heading color-dark size-md text-center padding-top-100 padding-bottom-10\">\n                                <div class=\"line-single\">\n                                                        <h2>\n                        MJESTO ZA VA\u0160A PITANJA                    <\/h2>\n                                    <\/div>\n                            <\/div>\n            <\/div><\/div><\/div><\/div><\/div>\n<div class=\"container\"><div class=\"vc_row wpb_row vc_row-fluid margin-top-90\">\n<div class=\"wpb_column vc_column_container vc_col-sm-3\"><div class=\"vc_column-inner\"><div class=\"wpb_wrapper\">\t\t\t<div class=\"iconbox icon-box-circle margin-bottom-100 text-center color-dark\">\n                <div class=\"icon-box-shape\">\n                    <a title=\"\" target=\"_self\" href=\"#\">\n                                                        <i class=\"micon icon-email20\"><\/i>\n                                                <\/a>\n                <\/div>\n                                    <h3><a title=\"\" target=\"_self\" href=\"#\">E-MAIL<\/a><\/h3>\n                                <p>Po\u0161aljite nam e-mail na Korisni\u010dku podr\u0161ku<\/p>\n                \t\t\t<\/div>\n            <\/div><\/div><\/div>\n<div class=\"wpb_column vc_column_container vc_col-sm-3\"><div class=\"vc_column-inner\"><div class=\"wpb_wrapper\">\t\t\t<div class=\"iconbox icon-box-circle margin-bottom-100 text-center color-dark\">\n                <div class=\"icon-box-shape\">\n                    <a title=\"\" target=\"_self\" href=\"#\">\n                                                        <i class=\"micon icon-phone64\"><\/i>\n                                                <\/a>\n                <\/div>\n                                    <h3><a title=\"\" target=\"_self\" href=\"#\">BESPLATNI INFO BROJ<\/a><\/h3>\n                                <p>Pozovite 080 03 09 30.<br>\nTu smo za vas 24 \u010dasa dnevno!<\/p>\n                \t\t\t<\/div>\n            <\/div><\/div><\/div>\n<div class=\"wpb_column vc_column_container vc_col-sm-3\"><div class=\"vc_column-inner\"><div class=\"wpb_wrapper\">\t\t\t<div class=\"iconbox icon-box-circle margin-bottom-100 text-center color-dark\">\n                <div class=\"icon-box-shape\">\n                    <a title=\"\" target=\"_self\" href=\"#\">\n                                                        <i class=\"micon icon-facebook-squared\"><\/i>\n                                                <\/a>\n                <\/div>\n                                    <h3><a title=\"\" target=\"_self\" href=\"#\">DRU\u0160TVENE MRE\u017dE<\/a><\/h3>\n                                <p>Uvijek smo vam dostupni na Facebooku, Youtubeu i Instagramu.<\/p>\n                \t\t\t<\/div>\n            <\/div><\/div><\/div>\n<div class=\"wpb_column vc_column_container vc_col-sm-3\"><div class=\"vc_column-inner\"><div class=\"wpb_wrapper\">\t\t\t<div class=\"iconbox icon-box-circle margin-bottom-100 text-center color-dark\">\n                <div class=\"icon-box-shape\">\n                    <a title=\"\" target=\"_self\" href=\"#\">\n                                                        <i class=\"micon icon-185038-home-house-streamline\"><\/i>\n                                                <\/a>\n                <\/div>\n                                    <h3><a title=\"\" target=\"_self\" href=\"#\">POSLOVNICE<\/a><\/h3>\n                                <p>Posjetite na\u0161a prodajna mjesta i saznajte sve \u0161to vas interesuje.<\/p>\n                \t\t\t<\/div>\n            <\/div><\/div><\/div>\n<\/div><\/div>\n<div class=\"fullwidth\"><div class=\"vc_row wpb_row vc_row-fluid\"><div class=\"wpb_column vc_column_container vc_col-sm-12\"><div class=\"vc_column-inner\"><div class=\"wpb_wrapper\">\n\t<div class=\"wpb_text_column wpb_content_element\">\n\t\t<div class=\"wpb_wrapper\">\n\t\t\t<p>\u00a0<\/p>\n\n\t\t<\/div>\n\t<\/div>\n<\/div><\/div><\/div><\/div><\/div>\n<div class=\"fullwidth\"><div class=\"vc_row wpb_row vc_row-fluid\"><div class=\"wpb_column vc_column_container vc_col-sm-12\"><div class=\"vc_column-inner\"><div class=\"wpb_wrapper\"><div class=\"vc_separator wpb_content_element vc_separator_align_center vc_sep_width_100 vc_sep_pos_align_center vc_separator_no_text vc_sep_color_grey\">\n<span class=\"vc_sep_holder vc_sep_holder_l\"><span class=\"vc_sep_line\"><\/span><\/span><span class=\"vc_sep_holder vc_sep_holder_r\"><span class=\"vc_sep_line\"><\/span><\/span>\n<\/div><\/div><\/div><\/div><\/div><\/div>","protected":false},"excerpt":{"rendered":"OP\u0160TI DOKUMENTI Na ovoj stranici nalaze se Op\u0161ti dokumenti poslovanja firme Zona Telekomunikacije,\u00a0 a na dispoziciji su vam i Posebni uslovi, Info uputstva i Cjenovnik svih na\u0161ih usluga. Op\u0161ti uslovi Op\u0161ti Uslovi Poslovanja Multiplex d UGOVOR o kori\u0161tenju usluga digitalne zemaljske radiodifuzije ZAHTJEV ZA USPOSTAVLJANJE USLUGE Posebni uslovi Posebni uslovi - BIZNIS paketi Posebni uslovi [...]","protected":false},"author":1,"featured_media":0,"parent":0,"menu_order":0,"comment_status":"closed","ping_status":"closed","template":"","meta":{"footnotes":""},"class_list":["post-5206","page","type-page","status-publish","hentry"],"_links":{"self":[{"href":"https:\/\/zona.ba\/bs\/wp-json\/wp\/v2\/pages\/5206","targetHints":{"allow":["GET"]}}],"collection":[{"href":"https:\/\/zona.ba\/bs\/wp-json\/wp\/v2\/pages"}],"about":[{"href":"https:\/\/zona.ba\/bs\/wp-json\/wp\/v2\/types\/page"}],"author":[{"embeddable":true,"href":"https:\/\/zona.ba\/bs\/wp-json\/wp\/v2\/users\/1"}],"replies":[{"embeddable":true,"href":"https:\/\/zona.ba\/bs\/wp-json\/wp\/v2\/comments?post=5206"}],"version-history":[{"count":42,"href":"https:\/\/zona.ba\/bs\/wp-json\/wp\/v2\/pages\/5206\/revisions"}],"predecessor-version":[{"id":8406,"href":"https:\/\/zona.ba\/bs\/wp-json\/wp\/v2\/pages\/5206\/revisions\/8406"}],"wp:attachment":[{"href":"https:\/\/zona.ba\/bs\/wp-json\/wp\/v2\/media?parent=5206"}],"curies":[{"name":"wp","href":"https:\/\/api.w.org\/{rel}","templated":true}]}}