{"id":4664,"date":"2019-01-26T16:14:11","date_gmt":"2019-01-26T16:14:11","guid":{"rendered":"https:\/\/test.villachristian-krk.com\/?page_id=4664"},"modified":"2020-12-01T18:46:26","modified_gmt":"2020-12-01T18:46:26","slug":"kaspersky-servisi","status":"publish","type":"page","link":"https:\/\/zona.ba\/bs\/kaspersky-servisi\/","title":{"rendered":"Kaspersky servisi"},"content":{"rendered":"<div class=\"container\"><div class=\"vc_row wpb_row vc_row-fluid\">\n<div class=\"wpb_column vc_column_container vc_col-sm-6\"><div class=\"vc_column-inner\"><div class=\"wpb_wrapper\">\n\t<div class=\"wpb_text_column wpb_content_element  margin-bottom-100\">\n\t\t<div class=\"wpb_wrapper\">\n\t\t\t<h3 style=\"text-align: center;\"><em><strong><u>Kaspersky Servisi<\/u><\/strong><\/em><\/h3>\n<p>Bezbjednosna rje\u0161enja kompanije Kaspersky Lab i Kaspersky servisi nisu napravljeni tako da se bave samo problemima dana\u0161njice, ve\u0107 da predvide i sprije\u010de budu\u0107e probleme, antivirus i antispam za\u0161titu.<br>\n<a href=\"https:\/\/zona.ba\/wp-content\/uploads\/2019\/08\/KSS_cjenovnik_ZONA.pdf\">Cjenovnik Kaspersky servisa<\/a><\/p>\n\n\t\t<\/div>\n\t<\/div>\n<\/div><\/div><\/div>\n<div class=\"wpb_column vc_column_container vc_col-sm-6\"><div class=\"vc_column-inner\"><div class=\"wpb_wrapper\">\n\t<div class=\"wpb_single_image wpb_content_element vc_align_right  wpb_animate_when_almost_visible wpb_slideInRight slideInRight\">\n\t\t\n\t\t<figure class=\"wpb_wrapper vc_figure\">\n\t\t\t<div class=\"vc_single_image-wrapper   vc_box_border_grey\"><img loading=\"lazy\" decoding=\"async\" width=\"1024\" height=\"491\" src=\"https:\/\/zona.ba\/wp-content\/uploads\/klogo-1024x491.jpg\" class=\"vc_single_image-img attachment-large\" alt=\"kaspersky servisi Kaspersky servisi klogo 1024x491\" srcset=\"https:\/\/zona.ba\/wp-content\/uploads\/klogo-1024x491.jpg 1024w, https:\/\/zona.ba\/wp-content\/uploads\/klogo-300x144.jpg 300w, https:\/\/zona.ba\/wp-content\/uploads\/klogo-768x368.jpg 768w, https:\/\/zona.ba\/wp-content\/uploads\/klogo-16x8.jpg 16w, https:\/\/zona.ba\/wp-content\/uploads\/klogo-470x225.jpg 470w, https:\/\/zona.ba\/wp-content\/uploads\/klogo.jpg 1460w\" sizes=\"auto, (max-width: 1024px) 100vw, 1024px\" title=\"klogo-1024x491 klogo-1024x491\"><\/div>\n\t\t<\/figure>\n\t<\/div>\n<\/div><\/div><\/div>\n<\/div><\/div>\n<div class=\"fullwidth\"><div data-vc-parallax=\"1.5\" data-overlay-color=\"rgba(0,0,0,0.5)\" class=\"vc_row wpb_row vc_row-fluid padding-top-150 padding-bottom-150 vc_custom_1549146705126 vc_row-has-fill vc_general vc_parallax vc_parallax-content-moving overlay-bg-vc-wapper\"><div class=\"wpb_column vc_column_container vc_col-sm-12\"><div class=\"vc_column-inner\"><div class=\"wpb_wrapper\">            <div class=\"heading color-light size-xlg text-center\">\n                                                        <h2>\n                        BEZBRI\u017dNO SURFANJE                    <\/h2>\n                                        <span>\n                        I PO NAJVE\u0106IM ZABITIMA INTERNETA                    <\/span>\n                                <\/div>\n            <\/div><\/div><\/div><\/div><\/div>\n<div class=\"container\"><div class=\"vc_row wpb_row vc_row-fluid margin-bottom-40 padding-top-40 padding-bottom-40\"><div class=\"wpb_column vc_column_container vc_col-sm-12\"><div class=\"vc_column-inner\"><div class=\"wpb_wrapper\">            <div class=\"heading color-dark size-md text-center margin-bottom-60\">\n                                <div class=\"line-single\">\n                                                        <h2>\n                        ANTIVIRUS I ANTISPAM KASPERSKY KOMPLETI                    <\/h2>\n                                    <\/div>\n                            <\/div>\n            <\/div><\/div><\/div><\/div><\/div>\n<div class=\"container\"><div class=\"vc_row wpb_row vc_row-fluid margin-bottom-120\">\n<div class=\"wpb_column vc_column_container vc_col-sm-3\"><div class=\"vc_column-inner\"><div class=\"wpb_wrapper\">            <div class=\"banner style2 margin-bottom-25\">\n                <div class=\"overflow-hidden\">\n                    <div class=\"banner-bg-img icon-light\" style=\"height:246px; background-image: url(https:\/\/zona.ba\/wp-content\/uploads\/kis.png);\">\n                                            <\/div>\n                <\/div>\n                <div class=\"overlay-banner\">\n                    <a class=\"link-banner\" title=\"\" target=\"_blank\" href=\"https:\/\/zona.ba\/wp-content\/uploads\/2019\/08\/KInternetSec.pdf\">\n                        <div class=\"content-middle\">\n                            <div class=\"content-middle-inner\">\n                                <div class=\"content-banner\">\n                                                                                                                            <i class=\"micon icon-shield\"><\/i>\n                                                                                                                        <h4>Kaspersky Internet Security<\/h4>\n                                                                            <span class=\"sub-title\">Vrhunska za\u0161tita<\/span>\n                                                                    <\/div>\n                            <\/div>\n                        <\/div>\n                    <\/a>\n                <\/div>\n            <\/div>\n            \n\t<div class=\"wpb_text_column wpb_content_element  banner-content-css\">\n\t\t<div class=\"wpb_wrapper\">\n\t\t\t<p>Kaspersky Antivirus \u2013 zaustavlja virus, antispam, \u010duva identitet, novac i va\u0161u djecu tako da mo\u017eete slobodno u\u017eivati uz online shopping, bankarstvo i dru\u017eenje<\/p>\n\n\t\t<\/div>\n\t<\/div>\n<\/div><\/div><\/div>\n<div class=\"wpb_column vc_column_container vc_col-sm-3\"><div class=\"vc_column-inner\"><div class=\"wpb_wrapper\">            <div class=\"banner style2 margin-bottom-25\">\n                <div class=\"overflow-hidden\">\n                    <div class=\"banner-bg-img icon-light\" style=\"height:246px; background-image: url(https:\/\/zona.ba\/wp-content\/uploads\/kts.png);\">\n                                            <\/div>\n                <\/div>\n                <div class=\"overlay-banner\">\n                    <a class=\"link-banner\" title=\"\" target=\"_blank\" href=\"https:\/\/zona.ba\/wp-content\/uploads\/2019\/08\/KTotalSec.pdf\">\n                        <div class=\"content-middle\">\n                            <div class=\"content-middle-inner\">\n                                <div class=\"content-banner\">\n                                                                                                                            <i class=\"micon icon-shield\"><\/i>\n                                                                                                                        <h4>Kaspersky Total Security<\/h4>\n                                                                            <span class=\"sub-title\">Potpuna za\u0161tita od svih prijetnji<\/span>\n                                                                    <\/div>\n                            <\/div>\n                        <\/div>\n                    <\/a>\n                <\/div>\n            <\/div>\n            \n\t<div class=\"wpb_text_column wpb_content_element  banner-content-css\">\n\t\t<div class=\"wpb_wrapper\">\n\t\t\t<p>Kaspersky Antivirus je sveobuhvatna za\u0161tita ra\u010dunara od virusa od razli\u010ditih tipova informacionih, bezbjednosnih prijetnji (antispam), mre\u017enih napada i poku\u0161aja prevara, kao i od ne\u017eeljene po\u0161te.<\/p>\n\n\t\t<\/div>\n\t<\/div>\n<\/div><\/div><\/div>\n<div class=\"wpb_column vc_column_container vc_col-sm-3\"><div class=\"vc_column-inner\"><div class=\"wpb_wrapper\">            <div class=\"banner style2 margin-bottom-25\">\n                <div class=\"overflow-hidden\">\n                    <div class=\"banner-bg-img icon-light\" style=\"height:246px; background-image: url(https:\/\/zona.ba\/wp-content\/uploads\/kav.png);\">\n                                            <\/div>\n                <\/div>\n                <div class=\"overlay-banner\">\n                    <a class=\"link-banner\" title=\"\" target=\"_blank\" href=\"https:\/\/zona.ba\/wp-content\/uploads\/2019\/08\/KAntiVirus.pdf\">\n                        <div class=\"content-middle\">\n                            <div class=\"content-middle-inner\">\n                                <div class=\"content-banner\">\n                                                                                                                            <i class=\"micon icon-shield\"><\/i>\n                                                                                                                        <h4>Kaspersky Anti-Virus<\/h4>\n                                                                            <span class=\"sub-title\">Prva linija odbrane<\/span>\n                                                                    <\/div>\n                            <\/div>\n                        <\/div>\n                    <\/a>\n                <\/div>\n            <\/div>\n            \n\t<div class=\"wpb_text_column wpb_content_element  banner-content-css\">\n\t\t<div class=\"wpb_wrapper\">\n\t\t\t<p>Prva linija odbrane protiv svih prijetnji na internetu (antivirus, antispam). Mo\u017eete biti potpuno sigurni jer imate realtime antivirus za\u0161titu od najnovijih zlonamjernih napada.<\/p>\n\n\t\t<\/div>\n\t<\/div>\n<\/div><\/div><\/div>\n<div class=\"wpb_column vc_column_container vc_col-sm-3\"><div class=\"vc_column-inner\"><div class=\"wpb_wrapper\">            <div class=\"banner style2 margin-bottom-25\">\n                <div class=\"overflow-hidden\">\n                    <div class=\"banner-bg-img icon-light\" style=\"height:246px; background-image: url(https:\/\/zona.ba\/wp-content\/uploads\/sfk.png);\">\n                                            <\/div>\n                <\/div>\n                <div class=\"overlay-banner\">\n                    <a class=\"link-banner\" title=\"\" target=\"_blank\" href=\"https:\/\/zona.ba\/wp-content\/uploads\/2019\/08\/KSafeKids.pdf\">\n                        <div class=\"content-middle\">\n                            <div class=\"content-middle-inner\">\n                                <div class=\"content-banner\">\n                                                                                                                            <i class=\"micon icon-shield\"><\/i>\n                                                                                                                        <h4>Kaspersky Safe Kids<\/h4>\n                                                                            <span class=\"sub-title\">Za\u0161tita va\u0161e djece u fizi\u010dkom i virtuelnom svijetu<\/span>\n                                                                    <\/div>\n                            <\/div>\n                        <\/div>\n                    <\/a>\n                <\/div>\n            <\/div>\n            \n\t<div class=\"wpb_text_column wpb_content_element  banner-content-css\">\n\t\t<div class=\"wpb_wrapper\">\n\t\t\t<p>Koje web stranice va\u0161a djeca mogu da posjete i koliko dugo da koriste ra\u010dunar ili telefon? Kaspersky Safe Kids vodi ra\u010duna da djeca po\u0161tuju pravila koja ste postavili.<\/p>\n\n\t\t<\/div>\n\t<\/div>\n<\/div><\/div><\/div>\n<\/div><\/div>\n<div class=\"fullwidth\"><div data-vc-parallax=\"1.5\" data-overlay-color=\"rgba(0,0,0,0.55)\" class=\"vc_row wpb_row vc_row-fluid vc_custom_1549147566120 vc_row-has-fill vc_general vc_parallax vc_parallax-content-moving overlay-bg-vc-wapper\">\n<div class=\"wpb_column vc_column_container vc_col-sm-12\"><div class=\"vc_column-inner\"><div class=\"wpb_wrapper\">            <div class=\"heading color-light size-xlg text-center margin-bottom-55\">\n                                                        <h2>\n                        VRHUNSKO SURFANJE                    <\/h2>\n                                        <span>\n                        UZ SAVR\u0160ENO SKROJENE INTERNET PAKETE                    <\/span>\n                                <\/div>\n            <\/div><\/div><\/div>\n<div class=\"text-right-xs-center xs-margin-bottom-15 wpb_column vc_column_container vc_col-sm-6\"><div class=\"vc_column-inner\"><div class=\"wpb_wrapper\">\n                <a class=\"m-button m-button-bg m-button-xs m-button-primary margin-right-15 margin-left-15\" href=\"https:\/\/test.villachristian-krk.com\/internet-paketi\/\" title=\"POOGLEDAJ PAKETE\" target=\"_self\">\n                                        POOGLEDAJ PAKETE                <\/a>\n            <\/div><\/div><\/div>\n<div class=\"text-left-xs-center wpb_column vc_column_container vc_col-sm-6\"><div class=\"vc_column-inner\"><div class=\"wpb_wrapper\">\n                <a class=\"m-button m-button-bordered m-button-xs m-button-light margin-right-15 margin-left-15\" href=\"https:\/\/test.villachristian-krk.com\/servicetable\/satelitski-internet\/\" title=\"SATELITSKI INTERNET\" target=\"_self\">\n                                        SATELITSKI INTERNET                <\/a>\n            <\/div><\/div><\/div>\n<\/div><\/div>\n<div class=\"container\"><div class=\"vc_row wpb_row vc_row-fluid margin-bottom-20\"><div class=\"wpb_column vc_column_container vc_col-sm-12\"><div class=\"vc_column-inner\"><div class=\"wpb_wrapper\">            <div class=\"heading color-dark size-md text-center padding-top-100 padding-bottom-10\">\n                                <div class=\"line-single\">\n                                                        <h2>\n                        MJESTO ZA VA\u0160A PITANJA                    <\/h2>\n                                    <\/div>\n                            <\/div>\n            <\/div><\/div><\/div><\/div><\/div>\n<div class=\"container\"><div class=\"vc_row wpb_row vc_row-fluid margin-top-90\">\n<div class=\"wpb_column vc_column_container vc_col-sm-3\"><div class=\"vc_column-inner\"><div class=\"wpb_wrapper\">\t\t\t<div class=\"iconbox icon-box-circle margin-bottom-100 text-center color-dark\">\n                <div class=\"icon-box-shape\">\n                    <a title=\"\" target=\"_self\" href=\"#\">\n                                                        <i class=\"micon icon-email20\"><\/i>\n                                                <\/a>\n                <\/div>\n                                    <h3><a title=\"\" target=\"_self\" href=\"#\">E-MAIL<\/a><\/h3>\n                                <p>Po\u0161aljite nam e-mail na Korisni\u010dku podr\u0161ku<\/p>\n                \t\t\t<\/div>\n            <\/div><\/div><\/div>\n<div class=\"wpb_column vc_column_container vc_col-sm-3\"><div class=\"vc_column-inner\"><div class=\"wpb_wrapper\">\t\t\t<div class=\"iconbox icon-box-circle margin-bottom-100 text-center color-dark\">\n                <div class=\"icon-box-shape\">\n                    <a title=\"\" target=\"_self\" href=\"#\">\n                                                        <i class=\"micon icon-phone64\"><\/i>\n                                                <\/a>\n                <\/div>\n                                    <h3><a title=\"\" target=\"_self\" href=\"#\">BESPLATNI INFO BROJ<\/a><\/h3>\n                                <p>Pozovite 080 03 09 30.<br>\nTu smo za vas 24 \u010dasa dnevno!<\/p>\n                \t\t\t<\/div>\n            <\/div><\/div><\/div>\n<div class=\"wpb_column vc_column_container vc_col-sm-3\"><div class=\"vc_column-inner\"><div class=\"wpb_wrapper\">\t\t\t<div class=\"iconbox icon-box-circle margin-bottom-100 text-center color-dark\">\n                <div class=\"icon-box-shape\">\n                    <a title=\"\" target=\"_self\" href=\"#\">\n                                                        <i class=\"micon icon-facebook-squared\"><\/i>\n                                                <\/a>\n                <\/div>\n                                    <h3><a title=\"\" target=\"_self\" href=\"#\">DRU\u0160TVENE MRE\u017dE<\/a><\/h3>\n                                <p>Uvijek smo vam dostupni na Facebooku, Youtubeu i Instagramu.<\/p>\n                \t\t\t<\/div>\n            <\/div><\/div><\/div>\n<div class=\"wpb_column vc_column_container vc_col-sm-3\"><div class=\"vc_column-inner\"><div class=\"wpb_wrapper\">\t\t\t<div class=\"iconbox icon-box-circle margin-bottom-100 text-center color-dark\">\n                <div class=\"icon-box-shape\">\n                    <a title=\"\" target=\"_self\" href=\"#\">\n                                                        <i class=\"micon icon-185038-home-house-streamline\"><\/i>\n                                                <\/a>\n                <\/div>\n                                    <h3><a title=\"\" target=\"_self\" href=\"#\">POSLOVNICE<\/a><\/h3>\n                                <p>Posjetite na\u0161a prodajna mjesta i saznajte sve \u0161to vas interesuje.<\/p>\n                \t\t\t<\/div>\n            <\/div><\/div><\/div>\n<\/div><\/div>","protected":false},"excerpt":{"rendered":"Kaspersky Servisi Bezbjednosna rje\u0161enja kompanije Kaspersky Lab i Kaspersky servisi nisu napravljeni tako da se bave samo problemima dana\u0161njice, ve\u0107 da predvide i sprije\u010de budu\u0107e probleme, antivirus i antispam za\u0161titu. Cjenovnik Kaspersky servisa BEZBRI\u017dNO SURFANJE I PO NAJVE\u0106IM ZABITIMA INTERNETA ANTIVIRUS I ANTISPAM KASPERSKY KOMPLETI Kaspersky Internet Security Vrhunska za\u0161tita Kaspersky Antivirus - zaustavlja virus, [...]","protected":false},"author":1,"featured_media":0,"parent":0,"menu_order":0,"comment_status":"closed","ping_status":"closed","template":"","meta":{"footnotes":""},"class_list":["post-4664","page","type-page","status-publish","hentry"],"_links":{"self":[{"href":"https:\/\/zona.ba\/bs\/wp-json\/wp\/v2\/pages\/4664","targetHints":{"allow":["GET"]}}],"collection":[{"href":"https:\/\/zona.ba\/bs\/wp-json\/wp\/v2\/pages"}],"about":[{"href":"https:\/\/zona.ba\/bs\/wp-json\/wp\/v2\/types\/page"}],"author":[{"embeddable":true,"href":"https:\/\/zona.ba\/bs\/wp-json\/wp\/v2\/users\/1"}],"replies":[{"embeddable":true,"href":"https:\/\/zona.ba\/bs\/wp-json\/wp\/v2\/comments?post=4664"}],"version-history":[{"count":41,"href":"https:\/\/zona.ba\/bs\/wp-json\/wp\/v2\/pages\/4664\/revisions"}],"predecessor-version":[{"id":7521,"href":"https:\/\/zona.ba\/bs\/wp-json\/wp\/v2\/pages\/4664\/revisions\/7521"}],"wp:attachment":[{"href":"https:\/\/zona.ba\/bs\/wp-json\/wp\/v2\/media?parent=4664"}],"curies":[{"name":"wp","href":"https:\/\/api.w.org\/{rel}","templated":true}]}}