{"id":4660,"date":"2019-01-26T16:13:12","date_gmt":"2019-01-26T16:13:12","guid":{"rendered":"https:\/\/test.villachristian-krk.com\/?page_id=4660"},"modified":"2020-12-01T15:13:44","modified_gmt":"2020-12-01T15:13:44","slug":"audio-video-prenos","status":"publish","type":"page","link":"https:\/\/zona.ba\/bs\/audio-video-prenos\/","title":{"rendered":"Audio Video prenos"},"content":{"rendered":"<div class=\"container\"><div class=\"vc_row wpb_row vc_row-fluid\">\n<div class=\"wpb_column vc_column_container vc_col-sm-6\"><div class=\"vc_column-inner\"><div class=\"wpb_wrapper\">\n\t<div class=\"wpb_text_column wpb_content_element  wpb_animate_when_almost_visible wpb_fadeInLeftBig fadeInLeftBig\">\n\t\t<div class=\"wpb_wrapper\">\n\t\t\t<p>Zona Telekomunikacije nudi usluga Audio Video prenos prvenstveno je namijenjena televizijskim i radio stanicama kako bi ostvarili emitovanje programa na vi\u0161e lokacija.<\/p>\n<h3><em><strong>AUDIO VIDEO PRENOS<\/strong><\/em><\/h3>\n<ul>\n<li>TV signal \u2013 distribucija do emisionih centara (predajnika) i kablovskih operatera<\/li>\n<li>Kontribuciju A\/V signala od dopisni\u010dkih centara<\/li>\n<li>Prenos A\/V signala \u201cu\u017eivo\u201d<\/li>\n<li>Prenos signala video nadzora jedne ili vi\u0161e lokacija na nivou BiH<\/li>\n<\/ul>\n<p>Za sve dodatne informacije, mo\u017eete nas kontaktirati na broj: 055\/420-100, ili putem e-mail-a: <em><strong><u>info@zona.ba<\/u><\/strong><\/em><\/p>\n\n\t\t<\/div>\n\t<\/div>\n<\/div><\/div><\/div>\n<div class=\"wpb_column vc_column_container vc_col-sm-6\"><div class=\"vc_column-inner\"><div class=\"wpb_wrapper\">\n\t<div class=\"wpb_single_image wpb_content_element vc_align_left  wpb_animate_when_almost_visible wpb_fadeInRightBig fadeInRightBig\">\n\t\t\n\t\t<figure class=\"wpb_wrapper vc_figure\">\n\t\t\t<div class=\"vc_single_image-wrapper   vc_box_border_grey\"><img loading=\"lazy\" decoding=\"async\" class=\"vc_single_image-img\" src=\"https:\/\/zona.ba\/wp-content\/uploads\/2019\/02\/drone-min-1300x900.png\" width=\"1300\" height=\"900\" alt=\"drone-min audio video Audio Video prenos drone min 1300x900\" title=\"drone-min drone-min-1300x900 drone-min-1300x900\"><\/div>\n\t\t<\/figure>\n\t<\/div>\n<\/div><\/div><\/div>\n<\/div><\/div>\n<div class=\"container\"><div class=\"vc_row wpb_row vc_row-fluid margin-bottom-20\"><div class=\"wpb_column vc_column_container vc_col-sm-12\"><div class=\"vc_column-inner\"><div class=\"wpb_wrapper\">            <div class=\"heading color-dark size-md text-center padding-top-100 padding-bottom-10 wpb_animate_when_almost_visible g5plus-css-animation wpb_fadeInRight\">\n                                <div class=\"line-single\">\n                                                        <h2>\n                        MJESTO ZA VA\u0160A PITANJA                    <\/h2>\n                                    <\/div>\n                            <\/div>\n            <\/div><\/div><\/div><\/div><\/div>\n<div class=\"container\"><div class=\"vc_row wpb_row vc_row-fluid margin-top-90\">\n<div class=\"wpb_column vc_column_container vc_col-sm-3\"><div class=\"vc_column-inner\"><div class=\"wpb_wrapper\">\t\t\t<div class=\"iconbox icon-box-circle margin-bottom-100 text-center color-dark\">\n                <div class=\"icon-box-shape\">\n                    <a title=\"\" target=\"_self\" href=\"#\">\n                                                        <i class=\"micon icon-email20\"><\/i>\n                                                <\/a>\n                <\/div>\n                                    <h3><a title=\"\" target=\"_self\" href=\"#\">E-MAIL<\/a><\/h3>\n                                <p>Po\u0161aljite nam e-mail na Korisni\u010dku podr\u0161ku<\/p>\n                \t\t\t<\/div>\n            <\/div><\/div><\/div>\n<div class=\"wpb_column vc_column_container vc_col-sm-3\"><div class=\"vc_column-inner\"><div class=\"wpb_wrapper\">\t\t\t<div class=\"iconbox icon-box-circle margin-bottom-100 text-center color-dark\">\n                <div class=\"icon-box-shape\">\n                    <a title=\"\" target=\"_self\" href=\"#\">\n                                                        <i class=\"micon icon-phone64\"><\/i>\n                                                <\/a>\n                <\/div>\n                                    <h3><a title=\"\" target=\"_self\" href=\"#\">BESPLATNI INFO BROJ<\/a><\/h3>\n                                <p>Pozovite 080 03 09 30.<br>\nTu smo za vas 24 \u010dasa dnevno!<\/p>\n                \t\t\t<\/div>\n            <\/div><\/div><\/div>\n<div class=\"wpb_column vc_column_container vc_col-sm-3\"><div class=\"vc_column-inner\"><div class=\"wpb_wrapper\">\t\t\t<div class=\"iconbox icon-box-circle margin-bottom-100 text-center color-dark\">\n                <div class=\"icon-box-shape\">\n                    <a title=\"\" target=\"_blank\" href=\"https:\/\/www.facebook.com\/zonatelekomunikacije\/\">\n                                                        <i class=\"micon icon-facebook-squared\"><\/i>\n                                                <\/a>\n                <\/div>\n                                    <h3><a title=\"\" target=\"_blank\" href=\"https:\/\/www.facebook.com\/zonatelekomunikacije\/\">DRU\u0160TVENE MRE\u017dE<\/a><\/h3>\n                                <p>Uvijek smo vam dostupni na Facebooku, Youtubeu i Instagramu.<\/p>\n                \t\t\t<\/div>\n            <\/div><\/div><\/div>\n<div class=\"wpb_column vc_column_container vc_col-sm-3\"><div class=\"vc_column-inner\"><div class=\"wpb_wrapper\">\t\t\t<div class=\"iconbox icon-box-circle margin-bottom-100 text-center color-dark\">\n                <div class=\"icon-box-shape\">\n                    <a title=\"\" target=\"_self\" href=\"#\">\n                                                        <i class=\"micon icon-185038-home-house-streamline\"><\/i>\n                                                <\/a>\n                <\/div>\n                                    <h3><a title=\"\" target=\"_self\" href=\"#\">POSLOVNICE<\/a><\/h3>\n                                <p>Posjetite na\u0161a prodajna mjesta i saznajte sve \u0161to vas interesuje.<\/p>\n                \t\t\t<\/div>\n            <\/div><\/div><\/div>\n<\/div><\/div>","protected":false},"excerpt":{"rendered":"Zona Telekomunikacije nudi usluga Audio Video prenos prvenstveno je namijenjena televizijskim i radio stanicama kako bi ostvarili emitovanje programa na vi\u0161e lokacija. AUDIO VIDEO PRENOS TV signal - distribucija do emisionih centara (predajnika) i kablovskih operatera Kontribuciju A\/V signala od dopisni\u010dkih centara Prenos A\/V signala \"u\u017eivo\" Prenos signala video nadzora jedne ili vi\u0161e lokacija na [...]","protected":false},"author":1,"featured_media":0,"parent":0,"menu_order":0,"comment_status":"closed","ping_status":"closed","template":"","meta":{"footnotes":""},"class_list":["post-4660","page","type-page","status-publish","hentry"],"_links":{"self":[{"href":"https:\/\/zona.ba\/bs\/wp-json\/wp\/v2\/pages\/4660","targetHints":{"allow":["GET"]}}],"collection":[{"href":"https:\/\/zona.ba\/bs\/wp-json\/wp\/v2\/pages"}],"about":[{"href":"https:\/\/zona.ba\/bs\/wp-json\/wp\/v2\/types\/page"}],"author":[{"embeddable":true,"href":"https:\/\/zona.ba\/bs\/wp-json\/wp\/v2\/users\/1"}],"replies":[{"embeddable":true,"href":"https:\/\/zona.ba\/bs\/wp-json\/wp\/v2\/comments?post=4660"}],"version-history":[{"count":9,"href":"https:\/\/zona.ba\/bs\/wp-json\/wp\/v2\/pages\/4660\/revisions"}],"predecessor-version":[{"id":7495,"href":"https:\/\/zona.ba\/bs\/wp-json\/wp\/v2\/pages\/4660\/revisions\/7495"}],"wp:attachment":[{"href":"https:\/\/zona.ba\/bs\/wp-json\/wp\/v2\/media?parent=4660"}],"curies":[{"name":"wp","href":"https:\/\/api.w.org\/{rel}","templated":true}]}}