{"id":4658,"date":"2019-01-26T16:12:44","date_gmt":"2019-01-26T16:12:44","guid":{"rendered":"https:\/\/test.villachristian-krk.com\/?page_id=4658"},"modified":"2020-11-15T18:42:26","modified_gmt":"2020-11-15T18:42:26","slug":"iznajmljene-linije","status":"publish","type":"page","link":"https:\/\/zona.ba\/bs\/iznajmljene-linije\/","title":{"rendered":"Iznajmljene linije"},"content":{"rendered":"<div class=\"container\"><div class=\"vc_row wpb_row vc_row-fluid\">\n<div class=\"wpb_column vc_column_container vc_col-sm-6\"><div class=\"vc_column-inner\"><div class=\"wpb_wrapper\">\n\t<div class=\"wpb_text_column wpb_content_element  wpb_animate_when_almost_visible wpb_fadeInLeftBig fadeInLeftBig\">\n\t\t<div class=\"wpb_wrapper\">\n\t\t\t<h5 style=\"text-align: center;\"><em><strong><u>Iznajmljene linije<\/u><\/strong> <\/em><\/h5>\n<p>Iznajmljene linije predstavljaju uslugu namijenjenu poslovnim korisnicima kojima je potreban stalni pristup Internetu putem visokokvalitetne veze. Ovaj tip veze najvi\u0161e odgovara firmama koje imaju potrebu za transferom velikih koli\u010dina podataka, a to zna\u010di:<\/p>\n<ul>\n<li>Brzo, direktno i efikasno kori\u0161\u0107enje interneta 24h dnevno<\/li>\n<li>Ne postoji dijeljenje veze sa drugim korisnicima<\/li>\n<li>Nacionalne i me\u0111unarodne iznajmljene linije<\/li>\n<li>Brzina zavisi od iznajmljenog voda (kapaciteti:E1,nxE1,E3,nxE3,STM1 i nxSTM1 )<\/li>\n<li>Stalno aktivna internet konekcija<\/li>\n<li>Back Up podataka<\/li>\n<li>24 \u010dasovni nadzor veze i specijalizovana podr\u0161ka \u2013 pouzdana neprekidna veza<\/li>\n<\/ul>\n<p>APLIKACIJE<\/p>\n<ul>\n<li>Voice (Nacionalni i me\u0111unarodni kapaciteti)<\/li>\n<li>Povezivanje svjetskih organizacija\/firmi sa podru\u010dnim jedinicama<\/li>\n<li>Povezivanje bankarskih i ostalih sistema<\/li>\n<li>Usluge bazirane na TDM (serijski prenos)<\/li>\n<\/ul>\n\n\t\t<\/div>\n\t<\/div>\n<\/div><\/div><\/div>\n<div class=\"wpb_column vc_column_container vc_col-sm-6\"><div class=\"vc_column-inner\"><div class=\"wpb_wrapper\">\n\t<div class=\"wpb_single_image wpb_content_element vc_align_left  wpb_animate_when_almost_visible wpb_fadeInRightBig fadeInRightBig\">\n\t\t\n\t\t<figure class=\"wpb_wrapper vc_figure\">\n\t\t\t<div class=\"vc_single_image-wrapper   vc_box_border_grey\"><img loading=\"lazy\" decoding=\"async\" class=\"vc_single_image-img\" src=\"https:\/\/zona.ba\/wp-content\/uploads\/2019\/02\/linije-min.png\" width=\"1300\" height=\"900\" alt=\"linije-min iznajmljene linije Iznajmljene linije linije min\" title=\"linije-min linije-min linije-min\"><\/div>\n\t\t<\/figure>\n\t<\/div>\n<\/div><\/div><\/div>\n<\/div><\/div>\n<div class=\"container\"><div class=\"vc_row wpb_row vc_row-fluid margin-bottom-20\"><div class=\"wpb_column vc_column_container vc_col-sm-12\"><div class=\"vc_column-inner\"><div class=\"wpb_wrapper\">            <div class=\"heading color-dark size-md text-center padding-top-100 padding-bottom-10 wpb_animate_when_almost_visible g5plus-css-animation wpb_fadeInRight\">\n                                <div class=\"line-single\">\n                                                        <h2>\n                        MJESTO ZA VA\u0160A PITANJA                    <\/h2>\n                                    <\/div>\n                            <\/div>\n            <\/div><\/div><\/div><\/div><\/div>\n<div class=\"container\"><div class=\"vc_row wpb_row vc_row-fluid margin-top-90\">\n<div class=\"wpb_column vc_column_container vc_col-sm-3\"><div class=\"vc_column-inner\"><div class=\"wpb_wrapper\">\t\t\t<div class=\"iconbox icon-box-circle margin-bottom-100 text-center color-dark\">\n                <div class=\"icon-box-shape\">\n                    <a title=\"\" target=\"_self\" href=\"#\">\n                                                        <i class=\"micon icon-email20\"><\/i>\n                                                <\/a>\n                <\/div>\n                                    <h3><a title=\"\" target=\"_self\" href=\"#\">E-MAIL<\/a><\/h3>\n                                <p>Po\u0161aljite nam e-mail na Korisni\u010dku podr\u0161ku<\/p>\n                \t\t\t<\/div>\n            <\/div><\/div><\/div>\n<div class=\"wpb_column vc_column_container vc_col-sm-3\"><div class=\"vc_column-inner\"><div class=\"wpb_wrapper\">\t\t\t<div class=\"iconbox icon-box-circle margin-bottom-100 text-center color-dark\">\n                <div class=\"icon-box-shape\">\n                    <a title=\"\" target=\"_self\" href=\"#\">\n                                                        <i class=\"micon icon-phone64\"><\/i>\n                                                <\/a>\n                <\/div>\n                                    <h3><a title=\"\" target=\"_self\" href=\"#\">BESPLATNI INFO BROJ<\/a><\/h3>\n                                <p>Pozovite 080 03 09 30.<br>\nTu smo za vas 24 \u010dasa dnevno!<\/p>\n                \t\t\t<\/div>\n            <\/div><\/div><\/div>\n<div class=\"wpb_column vc_column_container vc_col-sm-3\"><div class=\"vc_column-inner\"><div class=\"wpb_wrapper\">\t\t\t<div class=\"iconbox icon-box-circle margin-bottom-100 text-center color-dark\">\n                <div class=\"icon-box-shape\">\n                    <a title=\"\" target=\"_self\" href=\"#\">\n                                                        <i class=\"micon icon-facebook-squared\"><\/i>\n                                                <\/a>\n                <\/div>\n                                    <h3><a title=\"\" target=\"_self\" href=\"#\">DRU\u0160TVENE MRE\u017dE<\/a><\/h3>\n                                <p>Uvijek smo vam dostupni na Facebooku, Youtubeu i Instagramu.<\/p>\n                \t\t\t<\/div>\n            <\/div><\/div><\/div>\n<div class=\"wpb_column vc_column_container vc_col-sm-3\"><div class=\"vc_column-inner\"><div class=\"wpb_wrapper\">\t\t\t<div class=\"iconbox icon-box-circle margin-bottom-100 text-center color-dark\">\n                <div class=\"icon-box-shape\">\n                    <a title=\"\" target=\"_self\" href=\"#\">\n                                                        <i class=\"micon icon-185038-home-house-streamline\"><\/i>\n                                                <\/a>\n                <\/div>\n                                    <h3><a title=\"\" target=\"_self\" href=\"#\">POSLOVNICE<\/a><\/h3>\n                                <p>Posjetite na\u0161a prodajna mjesta i saznajte sve \u0161to vas interesuje.<\/p>\n                \t\t\t<\/div>\n            <\/div><\/div><\/div>\n<\/div><\/div>","protected":false},"excerpt":{"rendered":"Iznajmljene linije Iznajmljene linije predstavljaju uslugu namijenjenu poslovnim korisnicima kojima je potreban stalni pristup Internetu putem visokokvalitetne veze. Ovaj tip veze najvi\u0161e odgovara firmama koje imaju potrebu za transferom velikih koli\u010dina podataka, a to zna\u010di: Brzo, direktno i efikasno kori\u0161\u0107enje interneta 24h dnevno Ne postoji dijeljenje veze sa drugim korisnicima Nacionalne i me\u0111unarodne iznajmljene linije [...]","protected":false},"author":1,"featured_media":0,"parent":0,"menu_order":0,"comment_status":"closed","ping_status":"closed","template":"","meta":{"footnotes":""},"class_list":["post-4658","page","type-page","status-publish","hentry"],"_links":{"self":[{"href":"https:\/\/zona.ba\/bs\/wp-json\/wp\/v2\/pages\/4658","targetHints":{"allow":["GET"]}}],"collection":[{"href":"https:\/\/zona.ba\/bs\/wp-json\/wp\/v2\/pages"}],"about":[{"href":"https:\/\/zona.ba\/bs\/wp-json\/wp\/v2\/types\/page"}],"author":[{"embeddable":true,"href":"https:\/\/zona.ba\/bs\/wp-json\/wp\/v2\/users\/1"}],"replies":[{"embeddable":true,"href":"https:\/\/zona.ba\/bs\/wp-json\/wp\/v2\/comments?post=4658"}],"version-history":[{"count":6,"href":"https:\/\/zona.ba\/bs\/wp-json\/wp\/v2\/pages\/4658\/revisions"}],"predecessor-version":[{"id":7353,"href":"https:\/\/zona.ba\/bs\/wp-json\/wp\/v2\/pages\/4658\/revisions\/7353"}],"wp:attachment":[{"href":"https:\/\/zona.ba\/bs\/wp-json\/wp\/v2\/media?parent=4658"}],"curies":[{"name":"wp","href":"https:\/\/api.w.org\/{rel}","templated":true}]}}