{"id":4656,"date":"2019-01-26T16:12:15","date_gmt":"2019-01-26T16:12:15","guid":{"rendered":"https:\/\/test.villachristian-krk.com\/?page_id=4656"},"modified":"2020-12-30T12:51:16","modified_gmt":"2020-12-30T12:51:16","slug":"video-nadzor","status":"publish","type":"page","link":"https:\/\/zona.ba\/bs\/video-nadzor\/","title":{"rendered":"Video nadzor"},"content":{"rendered":"<div class=\"container\"><div class=\"vc_row wpb_row vc_row-fluid\">\n<div class=\"wpb_column vc_column_container vc_col-sm-6\"><div class=\"vc_column-inner\"><div class=\"wpb_wrapper\">\n\t<div class=\"wpb_text_column wpb_content_element  wpb_animate_when_almost_visible wpb_fadeInLeftBig fadeInLeftBig\">\n\t\t<div class=\"wpb_wrapper\">\n\t\t\t<h3 style=\"text-align: center;\"><em><strong><u>ZONA VIDEO NADZOR<\/u><\/strong><\/em><\/h3>\n<p style=\"text-align: left;\">Zona Telekomunikacije je specijalno kreirala ove internet pakete ako vam treba daljinski video nadzor, uz pomo\u0107 IP kamera.<br>\nKoriste\u0107i ove pakete bi\u0107ete u mogu\u0107nosti da sa bilo koje lokacije u svijetu, preko svog ra\u010dunara, tableta ili mobilnog telefona i interneta, da imate daljnski video nadzor tj da pratite \u0161ta se de\u0161ava na mjestu na kom je postavljena IP kamera.<br>\nOprema za snimanje (IP kamera, DVR ili kompjuter) nisu u ZONA ponudi.<\/p>\n\n\t\t<\/div>\n\t<\/div>\n<\/div><\/div><\/div>\n<div class=\"wpb_column vc_column_container vc_col-sm-6\"><div class=\"vc_column-inner\"><div class=\"wpb_wrapper\">\n\t<div class=\"wpb_single_image wpb_content_element vc_align_left  wpb_animate_when_almost_visible wpb_fadeInRightBig fadeInRightBig\">\n\t\t\n\t\t<figure class=\"wpb_wrapper vc_figure\">\n\t\t\t<div class=\"vc_single_image-wrapper   vc_box_border_grey\"><img loading=\"lazy\" decoding=\"async\" class=\"vc_single_image-img\" src=\"https:\/\/zona.ba\/wp-content\/uploads\/2019\/02\/camera-min-1200x900.png\" width=\"1200\" height=\"900\" alt=\"camera-min video nadzor Video nadzor camera min 1200x900\" title=\"camera-min camera-min-1200x900 camera-min-1200x900\"><\/div>\n\t\t<\/figure>\n\t<\/div>\n<\/div><\/div><\/div>\n<\/div><\/div>\n<div class=\"container\"><div class=\"vc_row wpb_row vc_row-fluid\"><div class=\"wpb_column vc_column_container vc_col-sm-12\"><div class=\"vc_column-inner\"><div class=\"wpb_wrapper\">\n\t<div class=\"wpb_text_column wpb_content_element\">\n\t\t<div class=\"wpb_wrapper\">\n\t\t\t<div class=\"table-responsive\">\n<table class=\"table-hover\">\n<thead>\n<tr>\n<th>Paket<\/th>\n<th>DOWNLOAD<\/th>\n<th>UPLOAD<\/th>\n<th>MJESE\u010cNI LIMIT(down+up)<\/th>\n<th>Mjese\u010dno<\/th>\n<\/tr>\n<\/thead>\n<tbody>\n<tr>\n<th>VP-UP 2M<\/th>\n<td>512 kbps<\/td>\n<td>2048 kbps<\/td>\n<td>bez limita<\/td>\n<td>175,50 KM<\/td>\n<\/tr>\n<tr>\n<th>VP-UP 4M<\/th>\n<td>1024 kbps<\/td>\n<td>4096 kbps<\/td>\n<td>bez limita<\/td>\n<td>257,40 KM<\/td>\n<\/tr>\n<tr>\n<th>VP-UP 6M<\/th>\n<td>1536 kbps<\/td>\n<td>6144 kbps<\/td>\n<td>bez limita<\/td>\n<td>304,20 KM<\/td>\n<\/tr>\n<\/tbody>\n<\/table>\n<\/div>\n\n\t\t<\/div>\n\t<\/div>\n<div class=\"vc_separator wpb_content_element vc_separator_align_center vc_sep_width_100 vc_sep_pos_align_center vc_separator_no_text vc_sep_color_green  wpb_animate_when_almost_visible wpb_top-to-bottom top-to-bottom wpb_animate_when_almost_visible wpb_top-to-bottom top-to-bottom\">\n<span class=\"vc_sep_holder vc_sep_holder_l\"><span class=\"vc_sep_line\"><\/span><\/span><span class=\"vc_sep_holder vc_sep_holder_r\"><span class=\"vc_sep_line\"><\/span><\/span>\n<\/div>\n<\/div><\/div><\/div><\/div><\/div>\n<div class=\"fullwidth\"><div data-vc-parallax=\"1.5\" data-vc-parallax-image=\"https:\/\/zona.ba\/wp-content\/uploads\/video-nadzor.jpg\" data-overlay-color=\"rgba(0,0,0,0.5)\" class=\"vc_row wpb_row vc_row-fluid margin-bottom-100 padding-top-150 padding-bottom-150 vc_custom_1609332673491 vc_row-has-fill vc_row-o-full-height vc_row-o-columns-middle vc_row-flex vc_general vc_parallax vc_parallax-content-moving overlay-bg-vc-wapper\"><div class=\"wpb_column vc_column_container vc_col-sm-12\"><div class=\"vc_column-inner\"><div class=\"wpb_wrapper\">            <div class=\"heading color-light size-xlg text-center\">\n                                                        <h2>\n                        ZA ZA\u0160TITU SVIH VA\u0160IH DOBARA                    <\/h2>\n                                <\/div>\n            <\/div><\/div><\/div><\/div><\/div>\n<div class=\"container\"><div class=\"vc_row wpb_row vc_row-fluid\"><div class=\"wpb_column vc_column_container vc_col-sm-12\"><div class=\"vc_column-inner\"><div class=\"wpb_wrapper\">\n\t<div class=\"wpb_text_column wpb_content_element\">\n\t\t<div class=\"wpb_wrapper\">\n\t\t\t<div class=\"table-responsive\">\n<table class=\"table-hover\">\n<thead>\n<tr>\n<th>Paket<\/th>\n<th>DOWNLOAD<\/th>\n<th>UPLOAD<\/th>\n<th>MJESE\u010cNI LIMIT(down+up)<\/th>\n<th>Mjese\u010dno<\/th>\n<\/tr>\n<\/thead>\n<tbody>\n<tr>\n<th>VP-UP 1M<\/th>\n<td>256 kbps<\/td>\n<td>1024 kbps<\/td>\n<td>15 GB<\/td>\n<td>35,10 KM<\/td>\n<\/tr>\n<tr>\n<th>VP-UP 1M<\/th>\n<td>256 kbps<\/td>\n<td>1024 kbps<\/td>\n<td>30 GB<\/td>\n<td>46,80 KM<\/td>\n<\/tr>\n<tr>\n<th>VP-UP 1M<\/th>\n<td>256 kbps<\/td>\n<td>1024 kbps<\/td>\n<td>45 GB<\/td>\n<td>58,50 KM<\/td>\n<\/tr>\n<tr>\n<th>VP-UP 1M<\/th>\n<td>256 kbps<\/td>\n<td>1024 kbps<\/td>\n<td>60 GB<\/td>\n<td>93,60 KM<\/td>\n<\/tr>\n<\/tbody>\n<\/table>\n<\/div>\n\n\t\t<\/div>\n\t<\/div>\n<div class=\"vc_separator wpb_content_element vc_separator_align_center vc_sep_width_100 vc_sep_pos_align_center vc_separator_no_text vc_sep_color_green  wpb_animate_when_almost_visible wpb_top-to-bottom top-to-bottom wpb_animate_when_almost_visible wpb_top-to-bottom top-to-bottom\">\n<span class=\"vc_sep_holder vc_sep_holder_l\"><span class=\"vc_sep_line\"><\/span><\/span><span class=\"vc_sep_holder vc_sep_holder_r\"><span class=\"vc_sep_line\"><\/span><\/span>\n<\/div>\n<\/div><\/div><\/div><\/div><\/div>\n<div class=\"container\"><div class=\"vc_row wpb_row vc_row-fluid\"><div class=\"wpb_column vc_column_container vc_col-sm-12\"><div class=\"vc_column-inner\"><div class=\"wpb_wrapper\">\n\t<div class=\"wpb_text_column wpb_content_element\">\n\t\t<div class=\"wpb_wrapper\">\n\t\t\t<div class=\"table-responsive\">\n<table class=\"table-hover\">\n<thead>\n<tr>\n<th>Paket<\/th>\n<th>DOWNLOAD<\/th>\n<th>UPLOAD<\/th>\n<th>MJESE\u010cNI LIMIT(down+up)<\/th>\n<th>Mjese\u010dno<\/th>\n<\/tr>\n<\/thead>\n<tbody>\n<tr>\n<th>VP-UP 2M<\/th>\n<td>512 kbps<\/td>\n<td>2048 kbps<\/td>\n<td>20 GB<\/td>\n<td>46,80 KM<\/td>\n<\/tr>\n<tr>\n<th>VP-UP 2M<\/th>\n<td>512 kbps<\/td>\n<td>2048 kbps<\/td>\n<td>40 GB<\/td>\n<td>58,50 KM<\/td>\n<\/tr>\n<tr>\n<th>VP-UP 2M<\/th>\n<td>512 kbps<\/td>\n<td>2048 kbps<\/td>\n<td>70 GB<\/td>\n<td>99,45 KM<\/td>\n<\/tr>\n<tr>\n<th>VP-UP 2M<\/th>\n<td>512 kbps<\/td>\n<td>2048 kbps<\/td>\n<td>130 GB<\/td>\n<td>140,40 KM<\/td>\n<\/tr>\n<\/tbody>\n<\/table>\n<\/div>\n\n\t\t<\/div>\n\t<\/div>\n<div class=\"vc_separator wpb_content_element vc_separator_align_center vc_sep_width_100 vc_sep_pos_align_center vc_separator_no_text vc_sep_color_green  wpb_animate_when_almost_visible wpb_top-to-bottom top-to-bottom wpb_animate_when_almost_visible wpb_top-to-bottom top-to-bottom\">\n<span class=\"vc_sep_holder vc_sep_holder_l\"><span class=\"vc_sep_line\"><\/span><\/span><span class=\"vc_sep_holder vc_sep_holder_r\"><span class=\"vc_sep_line\"><\/span><\/span>\n<\/div>\n<\/div><\/div><\/div><\/div><\/div>\n<div class=\"container\"><div class=\"vc_row wpb_row vc_row-fluid\"><div class=\"wpb_column vc_column_container vc_col-sm-12\"><div class=\"vc_column-inner\"><div class=\"wpb_wrapper\">\n\t<div class=\"wpb_text_column wpb_content_element\">\n\t\t<div class=\"wpb_wrapper\">\n\t\t\t<div class=\"table-responsive\">\n<table class=\"table-hover\">\n<thead>\n<tr>\n<th>Paket<\/th>\n<th>DOWNLOAD<\/th>\n<th>UPLOAD<\/th>\n<th>MJESE\u010cNI LIMIT(down+up)<\/th>\n<th>Mjese\u010dno<\/th>\n<\/tr>\n<\/thead>\n<tbody>\n<tr>\n<th>VP-UP 4M<\/th>\n<td>1024 kbps<\/td>\n<td>4096 kbps<\/td>\n<td>30 GB<\/td>\n<td>70,20 KM<\/td>\n<\/tr>\n<tr>\n<th>VP-UP 4M<\/th>\n<td>1024 kbps<\/td>\n<td>4096 kbps<\/td>\n<td>65 GB<\/td>\n<td>105,30 KM<\/td>\n<\/tr>\n<tr>\n<th>VP-UP 4M<\/th>\n<td>1024 kbps<\/td>\n<td>4096 kbps<\/td>\n<td>130 GB<\/td>\n<td>163,80 KM<\/td>\n<\/tr>\n<tr>\n<th>VP-UP 4M<\/th>\n<td>1024 kbps<\/td>\n<td>4096 kbps<\/td>\n<td>250 GB<\/td>\n<td>234,00 KM<\/td>\n<\/tr>\n<\/tbody>\n<\/table>\n<\/div>\n\n\t\t<\/div>\n\t<\/div>\n<div class=\"vc_separator wpb_content_element vc_separator_align_center vc_sep_width_100 vc_sep_pos_align_center vc_separator_no_text vc_sep_color_green  wpb_animate_when_almost_visible wpb_top-to-bottom top-to-bottom wpb_animate_when_almost_visible wpb_top-to-bottom top-to-bottom\">\n<span class=\"vc_sep_holder vc_sep_holder_l\"><span class=\"vc_sep_line\"><\/span><\/span><span class=\"vc_sep_holder vc_sep_holder_r\"><span class=\"vc_sep_line\"><\/span><\/span>\n<\/div>\n<\/div><\/div><\/div><\/div><\/div>\n<div class=\"container\"><div class=\"vc_row wpb_row vc_row-fluid\"><div class=\"wpb_column vc_column_container vc_col-sm-12\"><div class=\"vc_column-inner\"><div class=\"wpb_wrapper\"><div class=\"vc_tta-container\" data-vc-action=\"collapse\"><div class=\"vc_general vc_tta vc_tta-tabs vc_tta-color-grey vc_tta-style-tab_style1 vc_tta-shape-rounded vc_tta-spacing-1 vc_tta-tabs-position-top vc_tta-controls-align-left\">\n<div class=\"vc_tta-tabs-container\"><ul class=\"vc_tta-tabs-list\"><li class=\"vc_tta-tab vc_active\" data-vc-tab><a href=\"#1550342484048-89d63b9a-e2ec\" data-vc-tabs data-vc-container=\".vc_tta\"><span class=\"vc_tta-title-text\">Napomena<\/span><\/a><\/li><\/ul><\/div>\n<div class=\"vc_tta-panels-container\"><div class=\"vc_tta-panels\"><div class=\"vc_tta-panel vc_active\" id=\"1550342484048-89d63b9a-e2ec\" data-vc-content=\".vc_tta-panel-body\">\n<div class=\"vc_tta-panel-heading\"><h4 class=\"vc_tta-panel-title\"><a href=\"#1550342484048-89d63b9a-e2ec\" data-vc-accordion data-vc-container=\".vc_tta-container\"><span class=\"vc_tta-title-text\">Napomena<\/span><\/a><\/h4><\/div>\n<div class=\"vc_tta-panel-body\">\n\t<div class=\"wpb_text_column wpb_content_element\">\n\t\t<div class=\"wpb_wrapper\">\n\t\t\t<div class=\"col-sm-8\">\n<ul>\n<li>PDV je uklju\u010den u cijenu.<\/li>\n<li>Oprema za snimanje (IP kamera, DVR ili kompjuter) nisu u ZONA ponudi.<\/li>\n<li>Postojanje tehni\u010dke mogu\u0107nosti treba ustanoviti za svakog korisnika prije potpisivanja ugovora<\/li>\n<li>Internet paketi dobijaju dinami\u010dke javne IP adrese, a imaju mogu\u0107nost za dobijanje jedne fiksne javne IP adrese uz mjese\u010dnu doplatu od 11,70 KM.<\/li>\n<li>Ugovor za VP-UP i VP-UD usluge su za period od 6 mjeseci.<\/li>\n<li>Internet paketi su po principu \u2018fair use\u2019. Fair use podrazumijeva maksimalnu potro\u0161nju od 60% teoretski mogu\u0107eg kapaciteta.<\/li>\n<li>Kompletan cjenovnik usluge Video nadzor mo\u017eete preuzeti <span style=\"color: #339966;\"><a style=\"color: #339966;\" href=\"https:\/\/zona.ba\/bs\/style\/img\/Paketi_za_video_nadzor.pdf\/\"><strong>ovdje.<\/strong><\/a><\/span>\n<\/li>\n<\/ul>\n<\/div>\n\n\t\t<\/div>\n\t<\/div>\n<\/div>\n<\/div><\/div><\/div>\n<\/div><\/div><\/div><\/div><\/div><\/div><\/div>\n<div class=\"container\"><div class=\"vc_row wpb_row vc_row-fluid margin-bottom-20\"><div class=\"wpb_column vc_column_container vc_col-sm-12\"><div class=\"vc_column-inner\"><div class=\"wpb_wrapper\">            <div class=\"heading color-dark size-md text-center padding-top-100 padding-bottom-10 wpb_animate_when_almost_visible g5plus-css-animation wpb_fadeInRight\">\n                                <div class=\"line-single\">\n                                                        <h2>\n                        MJESTO ZA VA\u0160A PITANJA                    <\/h2>\n                                    <\/div>\n                            <\/div>\n            <\/div><\/div><\/div><\/div><\/div>\n<div class=\"container\"><div class=\"vc_row wpb_row vc_row-fluid margin-top-90\">\n<div class=\"wpb_column vc_column_container vc_col-sm-3\"><div class=\"vc_column-inner\"><div class=\"wpb_wrapper\">\t\t\t<div class=\"iconbox icon-box-circle margin-bottom-100 text-center color-dark\">\n                <div class=\"icon-box-shape\">\n                    <a title=\"\" target=\"_self\" href=\"#\">\n                                                        <i class=\"micon icon-email20\"><\/i>\n                                                <\/a>\n                <\/div>\n                                    <h3><a title=\"\" target=\"_self\" href=\"#\">E-MAIL<\/a><\/h3>\n                                <p>Po\u0161aljite nam e-mail na Korisni\u010dku podr\u0161ku<\/p>\n                \t\t\t<\/div>\n            <\/div><\/div><\/div>\n<div class=\"wpb_column vc_column_container vc_col-sm-3\"><div class=\"vc_column-inner\"><div class=\"wpb_wrapper\">\t\t\t<div class=\"iconbox icon-box-circle margin-bottom-100 text-center color-dark\">\n                <div class=\"icon-box-shape\">\n                    <a title=\"\" target=\"_self\" href=\"#\">\n                                                        <i class=\"micon icon-phone64\"><\/i>\n                                                <\/a>\n                <\/div>\n                                    <h3><a title=\"\" target=\"_self\" href=\"#\">BESPLATNI INFO BROJ<\/a><\/h3>\n                                <p>Pozovite 080 03 09 30.<br>\nTu smo za vas 24 \u010dasa dnevno!<\/p>\n                \t\t\t<\/div>\n            <\/div><\/div><\/div>\n<div class=\"wpb_column vc_column_container vc_col-sm-3\"><div class=\"vc_column-inner\"><div class=\"wpb_wrapper\">\t\t\t<div class=\"iconbox icon-box-circle margin-bottom-100 text-center color-dark\">\n                <div class=\"icon-box-shape\">\n                    <a title=\"\" target=\"_self\" href=\"#\">\n                                                        <i class=\"micon icon-facebook-squared\"><\/i>\n                                                <\/a>\n                <\/div>\n                                    <h3><a title=\"\" target=\"_self\" href=\"#\">DRU\u0160TVENE MRE\u017dE<\/a><\/h3>\n                                <p>Uvijek smo vam dostupni na Facebooku, Youtubeu i Instagramu.<\/p>\n                \t\t\t<\/div>\n            <\/div><\/div><\/div>\n<div class=\"wpb_column vc_column_container vc_col-sm-3\"><div class=\"vc_column-inner\"><div class=\"wpb_wrapper\">\t\t\t<div class=\"iconbox icon-box-circle margin-bottom-100 text-center color-dark\">\n                <div class=\"icon-box-shape\">\n                    <a title=\"\" target=\"_self\" href=\"#\">\n                                                        <i class=\"micon icon-185038-home-house-streamline\"><\/i>\n                                                <\/a>\n                <\/div>\n                                    <h3><a title=\"\" target=\"_self\" href=\"#\">POSLOVNICE<\/a><\/h3>\n                                <p>Posjetite na\u0161a prodajna mjesta i saznajte sve \u0161to vas interesuje.<\/p>\n                \t\t\t<\/div>\n            <\/div><\/div><\/div>\n<\/div><\/div>","protected":false},"excerpt":{"rendered":"ZONA VIDEO NADZOR Zona Telekomunikacije je specijalno kreirala ove internet pakete ako vam treba daljinski video nadzor, uz pomo\u0107 IP kamera. Koriste\u0107i ove pakete bi\u0107ete u mogu\u0107nosti da sa bilo koje lokacije u svijetu, preko svog ra\u010dunara, tableta ili mobilnog telefona i interneta, da imate daljnski video nadzor tj da pratite \u0161ta se de\u0161ava na [...]","protected":false},"author":1,"featured_media":0,"parent":0,"menu_order":0,"comment_status":"closed","ping_status":"closed","template":"","meta":{"footnotes":""},"class_list":["post-4656","page","type-page","status-publish","hentry"],"_links":{"self":[{"href":"https:\/\/zona.ba\/bs\/wp-json\/wp\/v2\/pages\/4656","targetHints":{"allow":["GET"]}}],"collection":[{"href":"https:\/\/zona.ba\/bs\/wp-json\/wp\/v2\/pages"}],"about":[{"href":"https:\/\/zona.ba\/bs\/wp-json\/wp\/v2\/types\/page"}],"author":[{"embeddable":true,"href":"https:\/\/zona.ba\/bs\/wp-json\/wp\/v2\/users\/1"}],"replies":[{"embeddable":true,"href":"https:\/\/zona.ba\/bs\/wp-json\/wp\/v2\/comments?post=4656"}],"version-history":[{"count":18,"href":"https:\/\/zona.ba\/bs\/wp-json\/wp\/v2\/pages\/4656\/revisions"}],"predecessor-version":[{"id":7676,"href":"https:\/\/zona.ba\/bs\/wp-json\/wp\/v2\/pages\/4656\/revisions\/7676"}],"wp:attachment":[{"href":"https:\/\/zona.ba\/bs\/wp-json\/wp\/v2\/media?parent=4656"}],"curies":[{"name":"wp","href":"https:\/\/api.w.org\/{rel}","templated":true}]}}