{"id":2848,"date":"2015-11-30T10:49:39","date_gmt":"2015-11-30T10:49:39","guid":{"rendered":"https:\/\/test.villachristian-krk.com\/?page_id=2848"},"modified":"2020-12-15T13:43:44","modified_gmt":"2020-12-15T13:43:44","slug":"kontakt","status":"publish","type":"page","link":"https:\/\/zona.ba\/bs\/kontakt\/","title":{"rendered":"Kontakt"},"content":{"rendered":"<div class=\"fullwidth\"><div class=\"vc_row wpb_row vc_row-fluid\"><div class=\"wpb_column vc_column_container vc_col-sm-12\"><div class=\"vc_column-inner\"><div class=\"wpb_wrapper\">\n<div class=\"vc_separator wpb_content_element vc_separator_align_center vc_sep_width_100 vc_sep_border_width_3 vc_sep_pos_align_center vc_separator_no_text vc_sep_color_grey\">\n<span class=\"vc_sep_holder vc_sep_holder_l\"><span class=\"vc_sep_line\"><\/span><\/span><span class=\"vc_sep_holder vc_sep_holder_r\"><span class=\"vc_sep_line\"><\/span><\/span>\n<\/div>\n<div class=\"vc_empty_space\" style=\"height: 32px\"><span class=\"vc_empty_space_inner\"><\/span><\/div>\n<div class=\"vc_empty_space\" style=\"height: 32px\"><span class=\"vc_empty_space_inner\"><\/span><\/div>\n<\/div><\/div><\/div><\/div><\/div>\n<div class=\"fullwidth\"><div class=\"vc_row wpb_row vc_row-fluid\">\n<div class=\"wpb_column vc_column_container vc_col-sm-6\"><div class=\"vc_column-inner\"><div class=\"wpb_wrapper\">\n\t<div class=\"wpb_text_column wpb_content_element\">\n\t\t<div class=\"wpb_wrapper\">\n\t\t\t<h4 style=\"text-align: center;\"><strong><em><u>ZONA TELEKOMUNIKACIJE KONTAKT<\/u><\/em><br>\n<\/strong><\/h4>\n<p style=\"text-align: left;\">Po\u0161tovani korisnici i poslovni partneri,<br>\nNadamo se da \u0107ete sve informacije o nama na\u0107i na na\u0161oj web stranici.<br>\nAko vam trebaju dodatni detalji o na\u0161im uslugama mo\u017eete iskoristiti neki od na\u010dina koje vidite ovdje:<\/p>\n<p style=\"text-align: center;\"><strong>ADRESA: Ra\u010danska 98, Bijeljina 76300<br>\n<\/strong><strong>TELEFON: 055\/420-100<br>\n<\/strong><strong><a href=\"mailto:info@zona.ba\">EMAIL: info@zona.ba<\/a><br>\n<\/strong><strong>BESPLATNI INFO: 080 030 930<br>\n<\/strong><strong>RADNO VRIJEME: Ponedeljak \u2013 Petak: od 08:00-18:00 h<br>\n<\/strong><\/p>\n\n\t\t<\/div>\n\t<\/div>\n            <div class=\"heading color-dark size-md text-center  wpb_animate_when_almost_visible g5plus-css-animation wpb_bounceInLeft\">\n                                <div class=\"line-double\">\n                                                        <h2>\n                        Kontakt                    <\/h2>\n                                    <\/div>\n                                <p>\n                    Tel. : 055\/420-100<br>\nFax. : 055\/420-101<br>\nBesplatni info:<br>\n080 03 09 30<br>\nRa\u010danska 98,<br>\n76300 Bijeljina                <\/p>\n                            <\/div>\n            <div class=\"vc_empty_space\" style=\"height: 32px\"><span class=\"vc_empty_space_inner\"><\/span><\/div>\n<\/div><\/div><\/div>\n<div class=\"wpb_column vc_column_container vc_col-sm-6\"><div class=\"vc_column-inner\"><div class=\"wpb_wrapper\">\n<div class=\"wpcf7 no-js\" id=\"wpcf7-f5462-o1\" lang=\"en-US\" dir=\"ltr\" data-wpcf7-id=\"5462\">\n<div class=\"screen-reader-response\">\n<p role=\"status\" aria-live=\"polite\" aria-atomic=\"true\"><\/p> <ul><\/ul>\n<\/div>\n<form action=\"\/bs\/wp-json\/wp\/v2\/pages\/2848#wpcf7-f5462-o1\" method=\"post\" class=\"wpcf7-form init\" aria-label=\"Contact form\" novalidate=\"novalidate\" data-status=\"init\" data-trp-original-action=\"\/bs\/wp-json\/wp\/v2\/pages\/2848#wpcf7-f5462-o1\">\n<fieldset class=\"hidden-fields-container\">\n<input type=\"hidden\" name=\"_wpcf7\" value=\"5462\"><input type=\"hidden\" name=\"_wpcf7_version\" value=\"6.1.4\"><input type=\"hidden\" name=\"_wpcf7_locale\" value=\"en_US\"><input type=\"hidden\" name=\"_wpcf7_unit_tag\" value=\"wpcf7-f5462-o1\"><input type=\"hidden\" name=\"_wpcf7_container_post\" value=\"0\"><input type=\"hidden\" name=\"_wpcf7_posted_data_hash\" value=\"\"><input type=\"hidden\" name=\"_wpcf7_recaptcha_response\" value=\"\">\n<\/fieldset>\n<p><label> Va\u0161e ime (obavezno polje)<br>\n<span class=\"wpcf7-form-control-wrap\" data-name=\"your-name\"><input size=\"40\" maxlength=\"400\" class=\"wpcf7-form-control wpcf7-text wpcf7-validates-as-required\" aria-required=\"true\" aria-invalid=\"false\" value=\"\" type=\"text\" name=\"your-name\"><\/span> <\/label>\n<\/p>\n<p><label> Va\u0161a Email adresa (obavezno polje)<br>\n<span class=\"wpcf7-form-control-wrap\" data-name=\"your-email\"><input size=\"40\" maxlength=\"400\" class=\"wpcf7-form-control wpcf7-email wpcf7-validates-as-required wpcf7-text wpcf7-validates-as-email\" aria-required=\"true\" aria-invalid=\"false\" value=\"\" type=\"email\" name=\"your-email\"><\/span> <\/label>\n<\/p>\n<p><label> Naslov poruke<br>\n<span class=\"wpcf7-form-control-wrap\" data-name=\"your-subject\"><input size=\"40\" maxlength=\"400\" class=\"wpcf7-form-control wpcf7-text\" aria-invalid=\"false\" value=\"\" type=\"text\" name=\"your-subject\"><\/span> <\/label>\n<\/p>\n<p><label> Va\u0161a poruka<br>\n<span class=\"wpcf7-form-control-wrap\" data-name=\"your-message\"><textarea cols=\"40\" rows=\"10\" maxlength=\"2000\" class=\"wpcf7-form-control wpcf7-textarea\" aria-invalid=\"false\" name=\"your-message\"><\/textarea><\/span> <\/label><br>\n<span class=\"wpcf7-form-control-wrap recaptcha\" data-name=\"recaptcha\"><span data-sitekey=\"6LfHcr0UAAAAAI70diBLa_P4xkb8QZqmTieZM5SE\" data-size=\"normal\" data-theme=\"light\" class=\"wpcf7-form-control wpcf7-recaptcha g-recaptcha\"><\/span>\r\n<noscript>\r\n\t<div class=\"grecaptcha-noscript\">\r\n\t\t<iframe loading=\"lazy\" src=\"https:\/\/www.google.com\/recaptcha\/api\/fallback?k=6LfHcr0UAAAAAI70diBLa_P4xkb8QZqmTieZM5SE\" frameborder=\"0\" scrolling=\"no\" width=\"310\" height=\"430\">\r\n\t\t<\/iframe>\r\n\t\t<textarea name=\"g-recaptcha-response\" rows=\"3\" cols=\"40\" placeholder=\"reCaptcha Response Here\">\r\n\t\t<\/textarea>\r\n\t<\/div>\r\n<\/noscript>\r\n<\/span><br>\n<input class=\"wpcf7-form-control wpcf7-submit has-spinner\" type=\"submit\" value=\"Po\u0161alji\">\n<\/p>\n<div class=\"wpcf7-response-output\" aria-hidden=\"true\"><\/div>\n<input type=\"hidden\" name=\"trp-form-language\" value=\"bs\"\/><\/form>\n<\/div>\n<\/div><\/div><\/div>\n<\/div><\/div>\n<div class=\"fullwidth\"><div class=\"vc_row wpb_row vc_row-fluid\"><div class=\"wpb_column vc_column_container vc_col-sm-12\"><div class=\"vc_column-inner\"><div class=\"wpb_wrapper\">            <div class=\"heading color-dark size-lg text-center\">\n                                                        <h2>\n                        Lokacija                    <\/h2>\n                                <\/div>\n            <div class=\"vc_separator wpb_content_element vc_separator_align_center vc_sep_width_100 vc_sep_border_width_3 vc_sep_pos_align_center vc_separator_no_text vc_sep_color_grey\">\n<span class=\"vc_sep_holder vc_sep_holder_l\"><span class=\"vc_sep_line\"><\/span><\/span><span class=\"vc_sep_holder vc_sep_holder_r\"><span class=\"vc_sep_line\"><\/span><\/span>\n<\/div>\n<div class=\"vc_empty_space\" style=\"height: 32px\"><span class=\"vc_empty_space_inner\"><\/span><\/div>\n<div class=\"vc_empty_space\" style=\"height: 32px\"><span class=\"vc_empty_space_inner\"><\/span><\/div>\n<\/div><\/div><\/div><\/div><\/div>\n<div class=\"fullwidth\"><div class=\"vc_row wpb_row vc_row-fluid\"><div class=\"wpb_column vc_column_container vc_col-sm-12\"><div class=\"vc_column-inner\"><div class=\"wpb_wrapper\"><div class=\"wpb_gmaps_widget wpb_content_element\"><div class=\"wpb_wrapper\"><div class=\"wpb_map_wraper\"><iframe loading=\"lazy\" src=\"https:\/\/www.google.com\/maps\/embed?pb=!1m18!1m12!1m3!1d2832.4301762094824!2d19.22363611590611!3d44.77203467909888!2m3!1f0!2f0!3f0!3m2!1i1024!2i768!4f13.1!3m3!1m2!1s0x475be9109b2cf4d5%3A0xa445d7764c2add36!2sZONA%20telekomunikacije!5e0!3m2!1sen!2sba!4v1568984057245!5m2!1sen!2sba\" width=\"600\" height=\"450\" frameborder=\"0\" style=\"border:0;\" allowfullscreen=\"\"><\/iframe><\/div><\/div><\/div><\/div><\/div><\/div><\/div><\/div>\n<div class=\"fullwidth\"><div class=\"vc_row wpb_row vc_row-fluid\"><div class=\"wpb_column vc_column_container vc_col-sm-12\"><div class=\"vc_column-inner\"><div class=\"wpb_wrapper\"><\/div><\/div><\/div><\/div><\/div>","protected":false},"excerpt":{"rendered":"ZONA TELEKOMUNIKACIJE KONTAKT Po\u0161tovani korisnici i poslovni partneri, Nadamo se da \u0107ete sve informacije o nama na\u0107i na na\u0161oj web stranici. Ako vam trebaju dodatni detalji o na\u0161im uslugama mo\u017eete iskoristiti neki od na\u010dina koje vidite ovdje: ADRESA: Ra\u010danska 98, Bijeljina 76300 TELEFON: 055\/420-100 EMAIL: info@zona.ba BESPLATNI INFO: 080 030 930 RADNO VRIJEME: Ponedeljak - [...]","protected":false},"author":1,"featured_media":0,"parent":0,"menu_order":0,"comment_status":"closed","ping_status":"closed","template":"","meta":{"footnotes":""},"class_list":["post-2848","page","type-page","status-publish","hentry"],"_links":{"self":[{"href":"https:\/\/zona.ba\/bs\/wp-json\/wp\/v2\/pages\/2848","targetHints":{"allow":["GET"]}}],"collection":[{"href":"https:\/\/zona.ba\/bs\/wp-json\/wp\/v2\/pages"}],"about":[{"href":"https:\/\/zona.ba\/bs\/wp-json\/wp\/v2\/types\/page"}],"author":[{"embeddable":true,"href":"https:\/\/zona.ba\/bs\/wp-json\/wp\/v2\/users\/1"}],"replies":[{"embeddable":true,"href":"https:\/\/zona.ba\/bs\/wp-json\/wp\/v2\/comments?post=2848"}],"version-history":[{"count":19,"href":"https:\/\/zona.ba\/bs\/wp-json\/wp\/v2\/pages\/2848\/revisions"}],"predecessor-version":[{"id":7364,"href":"https:\/\/zona.ba\/bs\/wp-json\/wp\/v2\/pages\/2848\/revisions\/7364"}],"wp:attachment":[{"href":"https:\/\/zona.ba\/bs\/wp-json\/wp\/v2\/media?parent=2848"}],"curies":[{"name":"wp","href":"https:\/\/api.w.org\/{rel}","templated":true}]}}