{"id":100,"date":"2015-11-02T09:44:03","date_gmt":"2015-11-02T09:44:03","guid":{"rendered":"https:\/\/test.villachristian-krk.com\/?page_id=100"},"modified":"2021-01-04T14:32:02","modified_gmt":"2021-01-04T14:32:02","slug":"korisnicka-zona","status":"publish","type":"page","link":"https:\/\/zona.ba\/bs\/korisnicka-zona\/","title":{"rendered":"Korisni\u010dka zona"},"content":{"rendered":"<div class=\"container wpb_animate_when_almost_visible g5plus-css-animation wpb_fadeInRight\"><div class=\"vc_row wpb_row vc_row-fluid margin-top-60 margin-bottom-60\">\n<div class=\"wpb_column vc_column_container vc_col-sm-6\"><div class=\"vc_column-inner\"><div class=\"wpb_wrapper\">\n\t<div class=\"wpb_text_column wpb_content_element  wpb_animate_when_almost_visible wpb_fadeInLeftBig fadeInLeftBig\">\n\t\t<div class=\"wpb_wrapper\">\n\t\t\t<div class=\"fullwidth\">\n<div class=\"vc_row wpb_row vc_row-fluid\">\n<div class=\"wpb_column vc_column_container vc_col-sm-12\">\n<div class=\"vc_column-inner\">\n<div class=\"wpb_wrapper\">\n<div class=\"wpb_text_column wpb_content_element wpb_animate_when_almost_visible wpb_slideInLeft slideInLeft wpb_start_animation animated\">\n<div class=\"wpb_wrapper\">\n<div class=\"wpb_text_column wpb_content_element\">\n<div class=\"wpb_wrapper\">\n<h1><strong>Korisni\u010dka zona<\/strong><\/h1>\n<p><strong>Stranica <em><u>Korisni\u010dka zona<\/u><\/em>, donosi vam odgovore na naj\u010de\u0161\u0107e postavljana<br>\npitanja u vezi sa na\u0161im uslugama.<\/strong><\/p>\n<p><strong>Ako niste na\u0161li odgovor koji ste tra\u017eili, kontaktirajte na\u0161u korisni\u010dku podr\u0161ku na: <\/strong><br>\n<strong>0800 30 930<br>\nili na email: <a href=\"mailto:info@zona.ba\">info@zona.ba<\/a><\/strong><\/p>\n<\/div>\n<\/div>\n<\/div>\n<\/div>\n<\/div>\n<\/div>\n<\/div>\n<\/div>\n<\/div>\n\n\t\t<\/div>\n\t<\/div>\n<\/div><\/div><\/div>\n<div class=\"wpb_column vc_column_container vc_col-sm-6\"><div class=\"vc_column-inner\"><div class=\"wpb_wrapper\">\n\t<div class=\"wpb_single_image wpb_content_element vc_align_left  wpb_animate_when_almost_visible wpb_fadeInRightBig fadeInRightBig\">\n\t\t\n\t\t<figure class=\"wpb_wrapper vc_figure\">\n\t\t\t<div class=\"vc_single_image-wrapper   vc_box_border_grey\"><img loading=\"lazy\" decoding=\"async\" class=\"vc_single_image-img\" src=\"https:\/\/zona.ba\/wp-content\/uploads\/call-1300x900.jpg\" width=\"1300\" height=\"900\" alt=\"call korisni\u010dka zona Korisni\u010dka zona call 1300x900\" title=\"call call-1300x900 call-1300x900\"><\/div>\n\t\t<\/figure>\n\t<\/div>\n<\/div><\/div><\/div>\n<\/div><\/div>\n<div class=\"fullwidth\"><div class=\"vc_row wpb_row vc_row-fluid\"><div class=\"wpb_column vc_column_container vc_col-sm-12\"><div class=\"vc_column-inner\"><div class=\"wpb_wrapper\"><div class=\"vc_empty_space\" style=\"height: 32px\"><span class=\"vc_empty_space_inner\"><\/span><\/div><\/div><\/div><\/div><\/div><\/div>\n<div class=\"fullwidth\"><div class=\"vc_row wpb_row vc_row-fluid\"><div class=\"wpb_column vc_column_container vc_col-sm-12\"><div class=\"vc_column-inner\"><div class=\"wpb_wrapper\"><div class=\"vc_empty_space\" style=\"height: 32px\"><span class=\"vc_empty_space_inner\"><\/span><\/div><\/div><\/div><\/div><\/div><\/div>\n<div class=\"container\"><div class=\"vc_row wpb_row vc_row-fluid margin-bottom--100 vc_column-gap-1\"><div class=\"wpb_column vc_column_container vc_col-sm-12\"><div class=\"vc_column-inner\"><div class=\"wpb_wrapper\">            <div class=\"heading color-dark size-lg text-center margin-bottom-70 wpb_animate_when_almost_visible g5plus-css-animation wpb_fadeIn\">\n                                                        <h2>\n                        NAJ\u010cE\u0160\u0106E POSTAVLJANA PITANJA                    <\/h2>\n                                <\/div>\n            <div class=\"vc_tta-container\" data-vc-action=\"collapseAll\"><div class=\"vc_general vc_tta vc_tta-accordion vc_tta-color-grey vc_tta-style-classic vc_tta-shape-square vc_tta-spacing-1 vc_tta-gap-20 vc_tta-controls-align-left vc_tta-o-all-clickable\"><div class=\"vc_tta-panels-container\"><div class=\"vc_tta-panels\">\n<div class=\"vc_tta-panel vc_active\" id=\"strategic-growth-markets\" data-vc-content=\".vc_tta-panel-body\">\n<div class=\"vc_tta-panel-heading\"><h4 class=\"vc_tta-panel-title vc_tta-controls-icon-position-left\"><a href=\"#strategic-growth-markets\" data-vc-accordion data-vc-container=\".vc_tta-container\"><span class=\"vc_tta-title-text\">Izvr\u0161io sam uplatu, a nalog mi jo\u0161 uvijek nije aktivan.<\/span><i class=\"vc_tta-controls-icon vc_tta-controls-icon-plus\"><\/i><\/a><\/h4><\/div>\n<div class=\"vc_tta-panel-body\">\n\t<div class=\"wpb_text_column wpb_content_element\">\n\t\t<div class=\"wpb_wrapper\">\n\t\t\t<p>Nakon \u0161to banka izvr\u0161i prebacivanje Va\u0161e uplate na na\u0161 \u017eiro-ra\u010dun, ista je na na\u0161em ra\u010dunu narednog radnog dana. S obzirom na to da Zona Telekomunikacije ima \u0161est \u017eiro ra\u010duna u \u010detiri banke: Ziraat Bank, Raiffaisen Bank, Unicredit Bank, Hypo Bank, preporu\u010dujemo da pla\u0107anja vr\u0161ite iz iste banke na jedan od tri ponu\u0111ena ra\u010duna koji pripada toj banci. Primjera radi, ukoliko Zona Telekomunikacije usluge pla\u0107ate iz poslovnice Raiffeisen banke, molimo Vas da usluge uplatite na Raiffaisen ra\u010dun koji pripada firmi Zona telekomunikacije.<br>\nZbog br\u017ee transakcije, preporu\u010dujemo da prilikom pla\u0107anja birate \u017eiro ra\u010dun prema banci u kojoj vr\u0161ite pla\u0107anje ili sa \u010dijeg ra\u010duna prenosite sredstva. Npr.pla\u0107ate iz poslovnice Ziraat banke i birate na\u0161 broj u Zirat banci.<\/p>\n\n\t\t<\/div>\n\t<\/div>\n<\/div>\n<\/div>\n<div class=\"vc_tta-panel\" id=\"1446716284066-ac2959f1-5ea8\" data-vc-content=\".vc_tta-panel-body\">\n<div class=\"vc_tta-panel-heading\"><h4 class=\"vc_tta-panel-title vc_tta-controls-icon-position-left\"><a href=\"#1446716284066-ac2959f1-5ea8\" data-vc-accordion data-vc-container=\".vc_tta-container\"><span class=\"vc_tta-title-text\">Postoji li na\u010din da mi internet bude uklju\u010den prije nego \u0161to uplata legne na Va\u0161 \u017eiro-ra\u010dun?<\/span><i class=\"vc_tta-controls-icon vc_tta-controls-icon-plus\"><\/i><\/a><\/h4><\/div>\n<div class=\"vc_tta-panel-body\">\n\t<div class=\"wpb_text_column wpb_content_element\">\n\t\t<div class=\"wpb_wrapper\">\n\t\t\t<p>Ukoliko \u017eelite da aktivirate svoj Internet nalog na period od 3 dana, po\u0161aljite SMS poruku sadr\u017eine UPLATA korisnickibroj ili UPLATA korisnickoime na broj predvi\u0111en za mobilnog operatera \u010diju mre\u017eu koristite po slede\u0107im uslovima:<\/p>\n<ul>\n<li><strong>m:tel:\u00a0\u00a0\u00a0\u00a0\u00a0\u00a0\u00a0\u00a0\u00a0\u00a0\u00a0\u00a0 0651333<\/strong><\/li>\n<li><strong>BH Telecom: 06202034<\/strong><\/li>\n<li><strong>HT Eronet:\u00a0\u00a0\u00a0 063770111<\/strong><\/li>\n<\/ul>\n<p>Cijena poruke je 5KM sa uklju\u010denim PDV-om, s tim da korisnik pla\u0107a i inicijalni SMS po standardnoj cijeni u mre\u017ei koju koristi.<\/p>\n\n\t\t<\/div>\n\t<\/div>\n<\/div>\n<\/div>\n<div class=\"vc_tta-panel\" id=\"1446716284381-d3bfb646-e0df\" data-vc-content=\".vc_tta-panel-body\">\n<div class=\"vc_tta-panel-heading\"><h4 class=\"vc_tta-panel-title vc_tta-controls-icon-position-left\"><a href=\"#1446716284381-d3bfb646-e0df\" data-vc-accordion data-vc-container=\".vc_tta-container\"><span class=\"vc_tta-title-text\">Odlu\u010dio sam da promijenim paket. Novi paket sam uplatio ali mi je brzina jo\u0161 uvijek ista?<\/span><i class=\"vc_tta-controls-icon vc_tta-controls-icon-plus\"><\/i><\/a><\/h4><\/div>\n<div class=\"vc_tta-panel-body\">\n\t<div class=\"wpb_text_column wpb_content_element\">\n\t\t<div class=\"wpb_wrapper\">\n\t\t\t<p>Pakete interneta mijenjamo isklju\u010divo na osnovu pismenog zahtjeva korisnika putem e-mail-a : <strong><a href=\"mailto:prikljucenje@zona.ba\">prikljucenje@zona.ba<\/a><\/strong><br>\nPromjena paketa je besplatna.<\/p>\n\n\t\t<\/div>\n\t<\/div>\n<\/div>\n<\/div>\n<div class=\"vc_tta-panel\" id=\"1446716284727-2d0edbf0-dfde\" data-vc-content=\".vc_tta-panel-body\">\n<div class=\"vc_tta-panel-heading\"><h4 class=\"vc_tta-panel-title vc_tta-controls-icon-position-left\"><a href=\"#1446716284727-2d0edbf0-dfde\" data-vc-accordion data-vc-container=\".vc_tta-container\"><span class=\"vc_tta-title-text\">Prijatelj je uplatio internet za mene, ali ja i dalje nemam konekciju?<\/span><i class=\"vc_tta-controls-icon vc_tta-controls-icon-plus\"><\/i><\/a><\/h4><\/div>\n<div class=\"vc_tta-panel-body\">\n\t<div class=\"wpb_text_column wpb_content_element\">\n\t\t<div class=\"wpb_wrapper\">\n\t\t\t<p>Uplate morate vr\u0161iti isklju\u010divo na ime na koje je internet registrovan prilikom sklapanja ugovora (za Extra tarifni paket) ili registracije korisnika (za Flex tarifni paket). Ukoliko neko drugi za vas pla\u0107a internet, na uplatnici treba da navede Va\u0161e ime i prezime i obavezno korisni\u010dki broj.Ukoliko ne znate svoj korisni\u010dki broj, molimo vas da nam se obratite na kontakt telefone <strong>055\/420-100 i 055\/420-200<\/strong> ili putem e-mail-a <a href=\"mailto:support@zona.ba\">support@zona.ba<\/a><\/p>\n\n\t\t<\/div>\n\t<\/div>\n<\/div>\n<\/div>\n<div class=\"vc_tta-panel\" id=\"1446716285089-59590816-08b5\" data-vc-content=\".vc_tta-panel-body\">\n<div class=\"vc_tta-panel-heading\"><h4 class=\"vc_tta-panel-title vc_tta-controls-icon-position-left\"><a href=\"#1446716285089-59590816-08b5\" data-vc-accordion data-vc-container=\".vc_tta-container\"><span class=\"vc_tta-title-text\">Poslao sam vam uplatnicu faksom, a jo\u0161 mi niste uklju\u010dili internet.<\/span><i class=\"vc_tta-controls-icon vc_tta-controls-icon-plus\"><\/i><\/a><\/h4><\/div>\n<div class=\"vc_tta-panel-body\">\n\t<div class=\"wpb_text_column wpb_content_element\">\n\t\t<div class=\"wpb_wrapper\">\n\t\t\t<p>Internet mo\u017ee biti uklju\u010den na osnovu uplatnice poslate faksom, isklju\u010divo ako nije kori\u0161tena sms poruka za aktivaciju naloga. Ukoliko ste iskoristili SMS aktivaciju, nalog \u0107e biti uklju\u010den nakon proknji\u017eene uplate.<\/p>\n<p>\u00a0<\/p>\n\n\t\t<\/div>\n\t<\/div>\n<\/div>\n<\/div>\n<div class=\"vc_tta-panel\" id=\"1549662681992-08b23031-9600\" data-vc-content=\".vc_tta-panel-body\">\n<div class=\"vc_tta-panel-heading\"><h4 class=\"vc_tta-panel-title vc_tta-controls-icon-position-left\"><a href=\"#1549662681992-08b23031-9600\" data-vc-accordion data-vc-container=\".vc_tta-container\"><span class=\"vc_tta-title-text\">Zaboravio sam svoje korisni\u010dko ime i lozinku, \u0161ta da radim?<\/span><i class=\"vc_tta-controls-icon vc_tta-controls-icon-plus\"><\/i><\/a><\/h4><\/div>\n<div class=\"vc_tta-panel-body\">\n\t<div class=\"wpb_text_column wpb_content_element\">\n\t\t<div class=\"wpb_wrapper\">\n\t\t\t<p>Mo\u017eete se obratiti na\u0161oj tehni\u010dkoj podr\u0161ci na telefon 055\/420-200, koja je dostupna 24h\/7.<\/p>\n<p>\u00a0<\/p>\n\n\t\t<\/div>\n\t<\/div>\n<\/div>\n<\/div>\n<div class=\"vc_tta-panel\" id=\"1549662683733-6db7876b-cd62\" data-vc-content=\".vc_tta-panel-body\">\n<div class=\"vc_tta-panel-heading\"><h4 class=\"vc_tta-panel-title vc_tta-controls-icon-position-left\"><a href=\"#1549662683733-6db7876b-cd62\" data-vc-accordion data-vc-container=\".vc_tta-container\"><span class=\"vc_tta-title-text\">Koristim Zona Flex XS paket, imam konekciju ali mi je internet jako spor i ne mogu da pristupim nijednoj stranici<\/span><i class=\"vc_tta-controls-icon vc_tta-controls-icon-plus\"><\/i><\/a><\/h4><\/div>\n<div class=\"vc_tta-panel-body\">\n\t<div class=\"wpb_text_column wpb_content_element\">\n\t\t<div class=\"wpb_wrapper\">\n\t\t\t<p>Flex XS paket ima dozvoljen protok od 2GB mjese\u010dno, a vi ste iskoristili dozvoljeni protok. Da bi ste ponovo imali ugovorenu brzinu potrebno je da izvr\u0161ite novu uplatu. Nagla\u0161avamo da vam se sa svakom novom uplatom produ\u017eava i period kori\u0161\u0107enja interneta za narednih mjesec dana.<\/p>\n<p>\u00a0<\/p>\n\n\t\t<\/div>\n\t<\/div>\n<\/div>\n<\/div>\n<\/div><\/div><\/div><\/div>\n<\/div><\/div><\/div><\/div><\/div>\n<div class=\"fullwidth\"><div data-vc-parallax=\"1.5\" data-vc-parallax-image=\"https:\/\/zona.ba\/wp-content\/uploads\/korisnicka2.jpg\" data-overlay-color=\"rgba(0,0,0,0.15)\" class=\"vc_row wpb_row vc_row-fluid margin-bottom-120 padding-top-150 padding-bottom-150 vc_custom_1609767931361 vc_row-has-fill vc_row-o-full-height vc_row-o-columns-middle vc_row-flex vc_general vc_parallax vc_parallax-content-moving overlay-bg-vc-wapper\"><div class=\"wpb_column vc_column_container vc_col-sm-12\"><div class=\"vc_column-inner\"><div class=\"wpb_wrapper\">            <div class=\"heading color-light size-xlg text-center margin-bottom-55\">\n                                                        <h2>\n                        KORISNI\u010cKA ZONA                    <\/h2>\n                                <\/div>\n            <\/div><\/div><\/div><\/div><\/div>\n<div class=\"container\"><div class=\"vc_row wpb_row vc_row-fluid margin-bottom-100 padding-top-170 padding-bottom-170\"><div class=\"wpb_column vc_column_container vc_col-sm-12\"><div class=\"vc_column-inner\"><div class=\"wpb_wrapper\">\n\t<div class=\"wpb_text_column wpb_content_element  wpb_animate_when_almost_visible wpb_fadeInLeft fadeInLeft margin-bottom-100\">\n\t\t<div class=\"wpb_wrapper\">\n\t\t\t<h4 style=\"text-align: left;\"><strong>Op\u0161ti dokumenti<br>\n<\/strong><\/h4>\n\n\t\t<\/div>\n\t<\/div>\n<div class=\"vc_tta-container\" data-vc-action=\"collapse\"><div class=\"vc_general vc_tta vc_tta-tabs vc_tta-color-grey vc_tta-style-tab_style1 vc_tta-shape-rounded vc_tta-spacing-1 vc_tta-tabs-position-top vc_tta-controls-align-left\">\n<div class=\"vc_tta-tabs-container\"><ul class=\"vc_tta-tabs-list\">\n<li class=\"vc_tta-tab vc_active\" data-vc-tab><a href=\"#1549706914927-73386445-b553\" data-vc-tabs data-vc-container=\".vc_tta\"><span class=\"vc_tta-title-text\">Pretplatni\u010dki ugovori<\/span><\/a><\/li>\n<li class=\"vc_tta-tab\" data-vc-tab><a href=\"#1549706914993-41b97ec2-f103\" data-vc-tabs data-vc-container=\".vc_tta\"><span class=\"vc_tta-title-text\">Posebni uslovi<\/span><\/a><\/li>\n<li class=\"vc_tta-tab\" data-vc-tab><a href=\"#1549706927277-c4f70688-9aa4\" data-vc-tabs data-vc-container=\".vc_tta\"><span class=\"vc_tta-title-text\">INFO uputstva<\/span><\/a><\/li>\n<li class=\"vc_tta-tab\" data-vc-tab><a href=\"#1549706928339-010f85de-9359\" data-vc-tabs data-vc-container=\".vc_tta\"><span class=\"vc_tta-title-text\">Cjenovnici<\/span><\/a><\/li>\n<\/ul><\/div>\n<div class=\"vc_tta-panels-container\"><div class=\"vc_tta-panels\">\n<div class=\"vc_tta-panel vc_active\" id=\"1549706914927-73386445-b553\" data-vc-content=\".vc_tta-panel-body\">\n<div class=\"vc_tta-panel-heading\"><h4 class=\"vc_tta-panel-title\"><a href=\"#1549706914927-73386445-b553\" data-vc-accordion data-vc-container=\".vc_tta-container\"><span class=\"vc_tta-title-text\">Pretplatni\u010dki ugovori<\/span><\/a><\/h4><\/div>\n<div class=\"vc_tta-panel-body\">\n\t<div class=\"wpb_text_column wpb_content_element\">\n\t\t<div class=\"wpb_wrapper\">\n\t\t\t<ul>\n<li><a href=\"https:\/\/zona.ba\/bs\/opsti-dokumenti\/\">Op\u0161ti dokumenti<\/a><\/li>\n<\/ul>\n\n\t\t<\/div>\n\t<\/div>\n<\/div>\n<\/div>\n<div class=\"vc_tta-panel\" id=\"1549706914993-41b97ec2-f103\" data-vc-content=\".vc_tta-panel-body\">\n<div class=\"vc_tta-panel-heading\"><h4 class=\"vc_tta-panel-title\"><a href=\"#1549706914993-41b97ec2-f103\" data-vc-accordion data-vc-container=\".vc_tta-container\"><span class=\"vc_tta-title-text\">Posebni uslovi<\/span><\/a><\/h4><\/div>\n<div class=\"vc_tta-panel-body\">\n\t<div class=\"wpb_text_column wpb_content_element\">\n\t\t<div class=\"wpb_wrapper\">\n\t\t\t<ul>\n<li><a href=\"https:\/\/zona.ba\/bs\/opsti-dokumenti\/\">Op\u0161ti dokumenti<\/a><\/li>\n<\/ul>\n\n\t\t<\/div>\n\t<\/div>\n<\/div>\n<\/div>\n<div class=\"vc_tta-panel\" id=\"1549706927277-c4f70688-9aa4\" data-vc-content=\".vc_tta-panel-body\">\n<div class=\"vc_tta-panel-heading\"><h4 class=\"vc_tta-panel-title\"><a href=\"#1549706927277-c4f70688-9aa4\" data-vc-accordion data-vc-container=\".vc_tta-container\"><span class=\"vc_tta-title-text\">INFO uputstva<\/span><\/a><\/h4><\/div>\n<div class=\"vc_tta-panel-body\">\n\t<div class=\"wpb_text_column wpb_content_element\">\n\t\t<div class=\"wpb_wrapper\">\n\t\t\t<ul>\n<li><a href=\"https:\/\/zona.ba\/bs\/opsti-dokumenti\/\">Op\u0161ti dokumenti<\/a><\/li>\n<\/ul>\n\n\t\t<\/div>\n\t<\/div>\n<\/div>\n<\/div>\n<div class=\"vc_tta-panel\" id=\"1549706928339-010f85de-9359\" data-vc-content=\".vc_tta-panel-body\">\n<div class=\"vc_tta-panel-heading\"><h4 class=\"vc_tta-panel-title\"><a href=\"#1549706928339-010f85de-9359\" data-vc-accordion data-vc-container=\".vc_tta-container\"><span class=\"vc_tta-title-text\">Cjenovnici<\/span><\/a><\/h4><\/div>\n<div class=\"vc_tta-panel-body\">\n\t<div class=\"wpb_text_column wpb_content_element\">\n\t\t<div class=\"wpb_wrapper\">\n\t\t\t<ul>\n<li><a href=\"https:\/\/zona.ba\/bs\/opsti-dokumenti\/\">Op\u0161ti dokumenti<\/a><\/li>\n<\/ul>\n\n\t\t<\/div>\n\t<\/div>\n<\/div>\n<\/div>\n<\/div><\/div>\n<\/div><\/div>\n<\/div><\/div><\/div><\/div><\/div>\n<div class=\"container\"><div class=\"vc_row wpb_row vc_row-fluid margin-bottom-20\"><div class=\"wpb_column vc_column_container vc_col-sm-12\"><div class=\"vc_column-inner\"><div class=\"wpb_wrapper\">            <div class=\"heading color-dark size-md text-center padding-top-100 padding-bottom-10\">\n                                <div class=\"line-single\">\n                                                        <h2>\n                        MJESTO ZA VA\u0160A PITANJA                    <\/h2>\n                                    <\/div>\n                            <\/div>\n            <\/div><\/div><\/div><\/div><\/div>\n<div class=\"container\"><div class=\"vc_row wpb_row vc_row-fluid margin-top-90\">\n<div class=\"wpb_column vc_column_container vc_col-sm-3\"><div class=\"vc_column-inner\"><div class=\"wpb_wrapper\">\t\t\t<div class=\"iconbox icon-box-circle margin-bottom-100 text-center color-dark\">\n                <div class=\"icon-box-shape\">\n                    <a title=\"\" target=\"_self\" href=\"#\">\n                                                        <i class=\"micon icon-email20\"><\/i>\n                                                <\/a>\n                <\/div>\n                                    <h3><a title=\"\" target=\"_self\" href=\"#\">E-MAIL<\/a><\/h3>\n                                <p>Po\u0161aljite nam e-mail na Korisni\u010dku podr\u0161ku<\/p>\n                \t\t\t<\/div>\n            <\/div><\/div><\/div>\n<div class=\"wpb_column vc_column_container vc_col-sm-3\"><div class=\"vc_column-inner\"><div class=\"wpb_wrapper\">\t\t\t<div class=\"iconbox icon-box-circle margin-bottom-100 text-center color-dark\">\n                <div class=\"icon-box-shape\">\n                    <a title=\"\" target=\"_self\" href=\"#\">\n                                                        <i class=\"micon icon-phone64\"><\/i>\n                                                <\/a>\n                <\/div>\n                                    <h3><a title=\"\" target=\"_self\" href=\"#\">BESPLATNI INFO BROJ<\/a><\/h3>\n                                <p>Pozovite 080 03 09 30.<br>\nTu smo za vas 24 \u010dasa dnevno!<\/p>\n                \t\t\t<\/div>\n            <\/div><\/div><\/div>\n<div class=\"wpb_column vc_column_container vc_col-sm-3\"><div class=\"vc_column-inner\"><div class=\"wpb_wrapper\">\t\t\t<div class=\"iconbox icon-box-circle margin-bottom-100 text-center color-dark\">\n                <div class=\"icon-box-shape\">\n                    <a title=\"\" target=\"_self\" href=\"#\">\n                                                        <i class=\"micon icon-facebook-squared\"><\/i>\n                                                <\/a>\n                <\/div>\n                                    <h3><a title=\"\" target=\"_self\" href=\"#\">DRU\u0160TVENE MRE\u017dE<\/a><\/h3>\n                                <p>Uvijek smo vam dostupni na Facebooku, Youtubeu i Instagramu.<\/p>\n                \t\t\t<\/div>\n            <\/div><\/div><\/div>\n<div class=\"wpb_column vc_column_container vc_col-sm-3\"><div class=\"vc_column-inner\"><div class=\"wpb_wrapper\">\t\t\t<div class=\"iconbox icon-box-circle margin-bottom-100 text-center color-dark\">\n                <div class=\"icon-box-shape\">\n                    <a title=\"\" target=\"_self\" href=\"#\">\n                                                        <i class=\"micon icon-185038-home-house-streamline\"><\/i>\n                                                <\/a>\n                <\/div>\n                                    <h3><a title=\"\" target=\"_self\" href=\"#\">POSLOVNICE<\/a><\/h3>\n                                <p>Posjetite na\u0161a prodajna mjesta i saznajte sve \u0161to vas interesuje.<\/p>\n                \t\t\t<\/div>\n            <\/div><\/div><\/div>\n<\/div><\/div>\n<div class=\"fullwidth\"><div class=\"vc_row wpb_row vc_row-fluid\"><div class=\"wpb_column vc_column_container vc_col-sm-12\"><div class=\"vc_column-inner\"><div class=\"wpb_wrapper\"><\/div><\/div><\/div><\/div><\/div>","protected":false},"excerpt":{"rendered":"Korisni\u010dka zona Stranica Korisni\u010dka zona, donosi vam odgovore na naj\u010de\u0161\u0107e postavljana pitanja u vezi sa na\u0161im uslugama. Ako niste na\u0161li odgovor koji ste tra\u017eili, kontaktirajte na\u0161u korisni\u010dku podr\u0161ku na: 0800 30 930 ili na email: info@zona.ba NAJ\u010cE\u0160\u0106E POSTAVLJANA PITANJA Izvr\u0161io sam uplatu, a nalog mi jo\u0161 uvijek nije aktivan. Nakon \u0161to banka izvr\u0161i prebacivanje Va\u0161e [...]","protected":false},"author":1,"featured_media":0,"parent":0,"menu_order":0,"comment_status":"closed","ping_status":"closed","template":"","meta":{"footnotes":""},"class_list":["post-100","page","type-page","status-publish","hentry"],"_links":{"self":[{"href":"https:\/\/zona.ba\/bs\/wp-json\/wp\/v2\/pages\/100","targetHints":{"allow":["GET"]}}],"collection":[{"href":"https:\/\/zona.ba\/bs\/wp-json\/wp\/v2\/pages"}],"about":[{"href":"https:\/\/zona.ba\/bs\/wp-json\/wp\/v2\/types\/page"}],"author":[{"embeddable":true,"href":"https:\/\/zona.ba\/bs\/wp-json\/wp\/v2\/users\/1"}],"replies":[{"embeddable":true,"href":"https:\/\/zona.ba\/bs\/wp-json\/wp\/v2\/comments?post=100"}],"version-history":[{"count":30,"href":"https:\/\/zona.ba\/bs\/wp-json\/wp\/v2\/pages\/100\/revisions"}],"predecessor-version":[{"id":7699,"href":"https:\/\/zona.ba\/bs\/wp-json\/wp\/v2\/pages\/100\/revisions\/7699"}],"wp:attachment":[{"href":"https:\/\/zona.ba\/bs\/wp-json\/wp\/v2\/media?parent=100"}],"curies":[{"name":"wp","href":"https:\/\/api.w.org\/{rel}","templated":true}]}}